{"id":37193,"date":"2026-01-30T22:46:36","date_gmt":"2026-01-30T22:46:36","guid":{"rendered":"https:\/\/xn--kbrsglobalstore-7kcc.com\/?post_type=product&#038;p=37193"},"modified":"2026-01-30T22:46:37","modified_gmt":"2026-01-30T22:46:37","slug":"girls-dress-girls-skirt-girls-dress-childrens-dress-elegant-girls-dress-teenage-girls-dress-girls-birthday-dress-girls-party-dress-gift-for-teenage-girls","status":"publish","type":"product","link":"https:\/\/xn--kbrsglobalstore-7kcc.com\/tr\/urun\/girls-dress-girls-skirt-girls-dress-childrens-dress-elegant-girls-dress-teenage-girls-dress-girls-birthday-dress-girls-party-dress-gift-for-teenage-girls\/","title":{"rendered":"K\u0131z \u00c7ocuk Elbisesi, K\u0131z \u00c7ocuk Ete\u011fi, K\u0131z \u00c7ocuk Elbisesi, \u00c7ocuk Elbisesi, \u015e\u0131k K\u0131z \u00c7ocuk Elbisesi, Gen\u00e7 K\u0131z Elbisesi, K\u0131z \u00c7ocuk Do\u011fum G\u00fcn\u00fc Elbisesi, K\u0131z \u00c7ocuk Parti Elbisesi, Gen\u00e7 K\u0131zlar \u0130\u00e7in Hediye"},"content":{"rendered":"<p>Bu zarif k\u0131z \u00e7ocuk elbisesi, \u015f\u0131k ve zarif bir g\u00f6r\u00fcn\u00fcm\u00fc seven gen\u00e7 k\u0131zlar i\u00e7in m\u00fckemmel bir k\u0131yafet. Konfor ve g\u00fczellik d\u00fc\u015f\u00fcn\u00fclerek tasarlanan bu elbise, do\u011fum g\u00fcnleri, partiler, \u00f6zel etkinlikler ve g\u00fcnl\u00fck kullan\u0131m i\u00e7in idealdir. \u015e\u0131k kesimi ve b\u00fcy\u00fcleyici tasar\u0131m\u0131yla bu \u00e7ocuk elbisesi, gen\u00e7 k\u0131zlar i\u00e7in harika bir hediye se\u00e7ene\u011fi olup, her durumda kendilerini \u00f6zg\u00fcvenli ve g\u00fczel hissetmelerine yard\u0131mc\u0131 olur.<\/p>","protected":false},"excerpt":{"rendered":"<p>This Elegant Girls Dress is the perfect outfit for teenage girls who love a stylish and graceful look. Designed for comfort and beauty, it\u2019s ideal for birthdays, parties, special events, and everyday wear. With a fashionable fit and charming design, this children\u2019s dress also makes a wonderful gift for teenage girls, helping them feel confident [&hellip;]<\/p>","protected":false},"featured_media":37194,"comment_status":"open","ping_status":"closed","template":"","meta":{"_monsterinsights_skip_tracking":false,"_monsterinsights_sitenote_active":false,"_monsterinsights_sitenote_note":"","_monsterinsights_sitenote_category":0},"product_brand":[],"product_cat":[113],"product_tag":[],"class_list":{"0":"post-37193","1":"product","2":"type-product","3":"status-publish","4":"has-post-thumbnail","6":"product_cat-kids-clothing","8":"first","9":"instock","10":"shipping-taxable","11":"purchasable","12":"product-type-simple"},"aioseo_notices":[],"_links":{"self":[{"href":"https:\/\/xn--kbrsglobalstore-7kcc.com\/tr\/wp-json\/wp\/v2\/product\/37193","targetHints":{"allow":["GET"]}}],"collection":[{"href":"https:\/\/xn--kbrsglobalstore-7kcc.com\/tr\/wp-json\/wp\/v2\/product"}],"about":[{"href":"https:\/\/xn--kbrsglobalstore-7kcc.com\/tr\/wp-json\/wp\/v2\/types\/product"}],"replies":[{"embeddable":true,"href":"https:\/\/xn--kbrsglobalstore-7kcc.com\/tr\/wp-json\/wp\/v2\/comments?post=37193"}],"wp:featuredmedia":[{"embeddable":true,"href":"https:\/\/xn--kbrsglobalstore-7kcc.com\/tr\/wp-json\/wp\/v2\/media\/37194"}],"wp:attachment":[{"href":"https:\/\/xn--kbrsglobalstore-7kcc.com\/tr\/wp-json\/wp\/v2\/media?parent=37193"}],"wp:term":[{"taxonomy":"product_brand","embeddable":true,"href":"https:\/\/xn--kbrsglobalstore-7kcc.com\/tr\/wp-json\/wp\/v2\/product_brand?post=37193"},{"taxonomy":"product_cat","embeddable":true,"href":"https:\/\/xn--kbrsglobalstore-7kcc.com\/tr\/wp-json\/wp\/v2\/product_cat?post=37193"},{"taxonomy":"product_tag","embeddable":true,"href":"https:\/\/xn--kbrsglobalstore-7kcc.com\/tr\/wp-json\/wp\/v2\/product_tag?post=37193"}],"curies":[{"name":"wp","href":"https:\/\/api.w.org\/{rel}","templated":true}]}}