{"id":37137,"date":"2026-01-30T22:01:04","date_gmt":"2026-01-30T22:01:04","guid":{"rendered":"https:\/\/xn--kbrsglobalstore-7kcc.com\/?post_type=product&#038;p=37137"},"modified":"2026-01-30T22:01:04","modified_gmt":"2026-01-30T22:01:04","slug":"shein-chillgrl-tween-girls-2-pieces-set-striped-graphic-print-t-shirt-and-sports-skirt-collegiate-style-spring-summer-summer-holiday","status":"publish","type":"product","link":"https:\/\/xn--kbrsglobalstore-7kcc.com\/tr\/urun\/shein-chillgrl-tween-girls-2-pieces-set-striped-graphic-print-t-shirt-and-sports-skirt-collegiate-style-spring-summer-summer-holiday\/","title":{"rendered":"SHEIN ChillGRL Gen\u00e7 K\u0131z \u00c7ocuklar\u0131 \u0130\u00e7in 2 Par\u00e7a Set: \u00c7izgili ve Grafik Bask\u0131l\u0131 Ti\u015f\u00f6rt ve Spor Etek, \u00dcniversite Tarz\u0131, \u0130lkbahar\/Yaz Tatili"},"content":{"rendered":"<p>SHEIN ChillGRL Gen\u00e7 K\u0131z 2 Par\u00e7a Seti, sevimli kolej tarz\u0131 bir g\u00f6r\u00fcn\u00fcm i\u00e7in trend \u00e7izgili ve grafik bask\u0131l\u0131 bir ti\u015f\u00f6rt ile sportif bir etekten olu\u015fuyor. \u0130lkbahar ve yaz i\u00e7in m\u00fckemmel olan bu uyumlu k\u0131yafet, yaz tatilleri, okul g\u00fcnleri, g\u00fcndelik geziler ve g\u00fcnl\u00fck kullan\u0131m i\u00e7in idealdir. Rahat ve \u015f\u0131k olan bu set, gen\u00e7 k\u0131zlara e\u011flenceli ve sportif bir hava katarken onlar\u0131 g\u00fcn boyu serin tutar.<\/p>","protected":false},"excerpt":{"rendered":"<p>The SHEIN ChillGRL Tween Girls 2PCS Set includes a trendy striped and graphic print T-shirt paired with a sporty sports skirt for a cute collegiate-style look. Perfect for spring and summer, this matching outfit is ideal for summer holidays, school days, casual outings, and everyday wear. Comfortable and stylish, it gives tween girls a fun [&hellip;]<\/p>","protected":false},"featured_media":37138,"comment_status":"open","ping_status":"closed","template":"","meta":{"_monsterinsights_skip_tracking":false,"_monsterinsights_sitenote_active":false,"_monsterinsights_sitenote_note":"","_monsterinsights_sitenote_category":0},"product_brand":[],"product_cat":[113],"product_tag":[],"class_list":{"0":"post-37137","1":"product","2":"type-product","3":"status-publish","4":"has-post-thumbnail","6":"product_cat-kids-clothing","8":"first","9":"instock","10":"shipping-taxable","11":"purchasable","12":"product-type-simple"},"aioseo_notices":[],"_links":{"self":[{"href":"https:\/\/xn--kbrsglobalstore-7kcc.com\/tr\/wp-json\/wp\/v2\/product\/37137","targetHints":{"allow":["GET"]}}],"collection":[{"href":"https:\/\/xn--kbrsglobalstore-7kcc.com\/tr\/wp-json\/wp\/v2\/product"}],"about":[{"href":"https:\/\/xn--kbrsglobalstore-7kcc.com\/tr\/wp-json\/wp\/v2\/types\/product"}],"replies":[{"embeddable":true,"href":"https:\/\/xn--kbrsglobalstore-7kcc.com\/tr\/wp-json\/wp\/v2\/comments?post=37137"}],"wp:featuredmedia":[{"embeddable":true,"href":"https:\/\/xn--kbrsglobalstore-7kcc.com\/tr\/wp-json\/wp\/v2\/media\/37138"}],"wp:attachment":[{"href":"https:\/\/xn--kbrsglobalstore-7kcc.com\/tr\/wp-json\/wp\/v2\/media?parent=37137"}],"wp:term":[{"taxonomy":"product_brand","embeddable":true,"href":"https:\/\/xn--kbrsglobalstore-7kcc.com\/tr\/wp-json\/wp\/v2\/product_brand?post=37137"},{"taxonomy":"product_cat","embeddable":true,"href":"https:\/\/xn--kbrsglobalstore-7kcc.com\/tr\/wp-json\/wp\/v2\/product_cat?post=37137"},{"taxonomy":"product_tag","embeddable":true,"href":"https:\/\/xn--kbrsglobalstore-7kcc.com\/tr\/wp-json\/wp\/v2\/product_tag?post=37137"}],"curies":[{"name":"wp","href":"https:\/\/api.w.org\/{rel}","templated":true}]}}