{"id":37106,"date":"2026-01-30T21:47:04","date_gmt":"2026-01-30T21:47:04","guid":{"rendered":"https:\/\/xn--kbrsglobalstore-7kcc.com\/?post_type=product&#038;p=37106"},"modified":"2026-01-30T21:47:05","modified_gmt":"2026-01-30T21:47:05","slug":"girls-fashion-turtleneck-puff-sleeve-knit-soft-dress-with-solid-color-waist-belt-suitable-for-outdoor-party-elegant-high-street-style-comfortable-and-breathable-for-tween-girls-casual-and-versa","status":"publish","type":"product","link":"https:\/\/xn--kbrsglobalstore-7kcc.com\/tr\/urun\/girls-fashion-turtleneck-puff-sleeve-knit-soft-dress-with-solid-color-waist-belt-suitable-for-outdoor-party-elegant-high-street-style-comfortable-and-breathable-for-tween-girls-casual-and-versa\/","title":{"rendered":"K\u0131z \u00c7ocuklar \u0130\u00e7in Moda Bal\u0131k\u00e7\u0131 Yaka Kabar\u0131k Kollu \u00d6rme Yumu\u015fak Elbise, D\u00fcz Renk Bel Kemeri ile, D\u0131\u015f Mekan, Parti, \u015e\u0131k Sokak Stili \u0130\u00e7in Uygun, Gen\u00e7 K\u0131zlar \u0130\u00e7in Rahat ve Nefes Alabilir, G\u00fcnl\u00fck ve \u00c7ok Y\u00f6nl\u00fc"},"content":{"rendered":"<p>Bu K\u0131z \u00c7ocuk Modas\u0131 Bal\u0131k\u00e7\u0131 Yaka Kabar\u0131k Kollu \u00d6rme Elbise, gen\u00e7 k\u0131zlar\u0131n rahat ve \u015f\u0131k g\u00f6r\u00fcnmelerini sa\u011flamak i\u00e7in tasarlanm\u0131\u015f, zarif ve \u015f\u0131k bir k\u0131yafettir. Rahat bal\u0131k\u00e7\u0131 yakas\u0131, trend kabar\u0131k kollar\u0131 ve v\u00fccuda oturan d\u00fcz renk kemeriyle, sokak modas\u0131 g\u00f6r\u00fcn\u00fcm\u00fc yaratmak i\u00e7in m\u00fckemmeldir. Yumu\u015fak, nefes alabilir ve giymesi kolay olan bu \u00e7ok y\u00f6nl\u00fc elbise, a\u00e7\u0131k hava etkinlikleri, partiler, g\u00fcnl\u00fck giyim ve \u00f6zel g\u00fcnler i\u00e7in idealdir.<\/p>","protected":false},"excerpt":{"rendered":"<p>This Girls\u2019 Fashion Turtleneck Puff Sleeve Knit Dress is a stylish and elegant outfit designed to keep tween girls comfortable and fashionable. Featuring a cozy turtleneck, trendy puff sleeves, and a solid color waist belt for a flattering fit, it\u2019s perfect for creating a high-street look. Soft, breathable, and easy to wear, this versatile dress [&hellip;]<\/p>","protected":false},"featured_media":37107,"comment_status":"open","ping_status":"closed","template":"","meta":{"_monsterinsights_skip_tracking":false,"_monsterinsights_sitenote_active":false,"_monsterinsights_sitenote_note":"","_monsterinsights_sitenote_category":0},"product_brand":[],"product_cat":[113],"product_tag":[],"class_list":{"0":"post-37106","1":"product","2":"type-product","3":"status-publish","4":"has-post-thumbnail","6":"product_cat-kids-clothing","8":"first","9":"instock","10":"shipping-taxable","11":"purchasable","12":"product-type-simple"},"aioseo_notices":[],"_links":{"self":[{"href":"https:\/\/xn--kbrsglobalstore-7kcc.com\/tr\/wp-json\/wp\/v2\/product\/37106","targetHints":{"allow":["GET"]}}],"collection":[{"href":"https:\/\/xn--kbrsglobalstore-7kcc.com\/tr\/wp-json\/wp\/v2\/product"}],"about":[{"href":"https:\/\/xn--kbrsglobalstore-7kcc.com\/tr\/wp-json\/wp\/v2\/types\/product"}],"replies":[{"embeddable":true,"href":"https:\/\/xn--kbrsglobalstore-7kcc.com\/tr\/wp-json\/wp\/v2\/comments?post=37106"}],"wp:featuredmedia":[{"embeddable":true,"href":"https:\/\/xn--kbrsglobalstore-7kcc.com\/tr\/wp-json\/wp\/v2\/media\/37107"}],"wp:attachment":[{"href":"https:\/\/xn--kbrsglobalstore-7kcc.com\/tr\/wp-json\/wp\/v2\/media?parent=37106"}],"wp:term":[{"taxonomy":"product_brand","embeddable":true,"href":"https:\/\/xn--kbrsglobalstore-7kcc.com\/tr\/wp-json\/wp\/v2\/product_brand?post=37106"},{"taxonomy":"product_cat","embeddable":true,"href":"https:\/\/xn--kbrsglobalstore-7kcc.com\/tr\/wp-json\/wp\/v2\/product_cat?post=37106"},{"taxonomy":"product_tag","embeddable":true,"href":"https:\/\/xn--kbrsglobalstore-7kcc.com\/tr\/wp-json\/wp\/v2\/product_tag?post=37106"}],"curies":[{"name":"wp","href":"https:\/\/api.w.org\/{rel}","templated":true}]}}