{"id":37074,"date":"2026-01-30T21:28:11","date_gmt":"2026-01-30T21:28:11","guid":{"rendered":"https:\/\/xn--kbrsglobalstore-7kcc.com\/?post_type=product&#038;p=37074"},"modified":"2026-01-30T21:28:11","modified_gmt":"2026-01-30T21:28:11","slug":"sparklyn-tween-girls-casual-basic-versatile-daily-school-sports-street-washed-snow-floral-print-crew-neck-cropped-loose-sweatshirt-wide-leg-pants-set","status":"publish","type":"product","link":"https:\/\/xn--kbrsglobalstore-7kcc.com\/tr\/urun\/sparklyn-tween-girls-casual-basic-versatile-daily-school-sports-street-washed-snow-floral-print-crew-neck-cropped-loose-sweatshirt-wide-leg-pants-set\/","title":{"rendered":"Sparklyn Gen\u00e7 K\u0131z \u00c7ocuklar\u0131 \u0130\u00e7in Rahat, Temel, \u00c7ok Y\u00f6nl\u00fc, G\u00fcnl\u00fck, Okul, Spor, Sokak Giyim, Y\u0131kanm\u0131\u015f Kar Beyaz\u0131 \u00c7i\u00e7ek Desenli, Bisiklet Yaka, K\u0131sa Kesim, Bol Pa\u00e7al\u0131 Sweatshirt + Geni\u015f Pa\u00e7al\u0131 Pantolon Tak\u0131m\u0131"},"content":{"rendered":"<p>Sparklyn Gen\u00e7 K\u0131z 2 Par\u00e7a K\u0131yafet Seti, \u015f\u0131k y\u0131kanm\u0131\u015f kar beyaz\u0131 \u00e7i\u00e7ek desenli, trend bir yuvarlak yakal\u0131, k\u0131sa kesimli, bol kesimli sweatshirt ve rahat geni\u015f pa\u00e7al\u0131 pantolondan olu\u015farak haval\u0131 bir sokak stili g\u00f6r\u00fcn\u00fcm\u00fc sunuyor. G\u00fcnl\u00fck rahatl\u0131k ve kolay hareket i\u00e7in tasarlanan bu \u00e7ok y\u00f6nl\u00fc set, g\u00fcnl\u00fck giyim, okul, spor, g\u00fcndelik geziler ve sokak stili i\u00e7in m\u00fckemmeldir. Gen\u00e7 k\u0131zlar\u0131n g\u00fcn boyu kendinden emin ve rahat g\u00f6r\u00fcnmelerini sa\u011flayan \u015f\u0131k ve rahat bir uyumlu k\u0131yafet.<\/p>","protected":false},"excerpt":{"rendered":"<p>The Sparklyn Tween Girls 2PCS Outfit Set includes a trendy crew neck cropped loose sweatshirt with a stylish washed snow floral print, paired with comfortable wide leg pants for a cool streetwear look. Designed for everyday comfort and easy movement, this versatile set is perfect for daily wear, school, sports, casual outings, and street style. [&hellip;]<\/p>","protected":false},"featured_media":37075,"comment_status":"open","ping_status":"closed","template":"","meta":{"_monsterinsights_skip_tracking":false,"_monsterinsights_sitenote_active":false,"_monsterinsights_sitenote_note":"","_monsterinsights_sitenote_category":0},"product_brand":[],"product_cat":[113],"product_tag":[],"class_list":{"0":"post-37074","1":"product","2":"type-product","3":"status-publish","4":"has-post-thumbnail","6":"product_cat-kids-clothing","8":"first","9":"instock","10":"shipping-taxable","11":"purchasable","12":"product-type-simple"},"aioseo_notices":[],"_links":{"self":[{"href":"https:\/\/xn--kbrsglobalstore-7kcc.com\/tr\/wp-json\/wp\/v2\/product\/37074","targetHints":{"allow":["GET"]}}],"collection":[{"href":"https:\/\/xn--kbrsglobalstore-7kcc.com\/tr\/wp-json\/wp\/v2\/product"}],"about":[{"href":"https:\/\/xn--kbrsglobalstore-7kcc.com\/tr\/wp-json\/wp\/v2\/types\/product"}],"replies":[{"embeddable":true,"href":"https:\/\/xn--kbrsglobalstore-7kcc.com\/tr\/wp-json\/wp\/v2\/comments?post=37074"}],"wp:featuredmedia":[{"embeddable":true,"href":"https:\/\/xn--kbrsglobalstore-7kcc.com\/tr\/wp-json\/wp\/v2\/media\/37075"}],"wp:attachment":[{"href":"https:\/\/xn--kbrsglobalstore-7kcc.com\/tr\/wp-json\/wp\/v2\/media?parent=37074"}],"wp:term":[{"taxonomy":"product_brand","embeddable":true,"href":"https:\/\/xn--kbrsglobalstore-7kcc.com\/tr\/wp-json\/wp\/v2\/product_brand?post=37074"},{"taxonomy":"product_cat","embeddable":true,"href":"https:\/\/xn--kbrsglobalstore-7kcc.com\/tr\/wp-json\/wp\/v2\/product_cat?post=37074"},{"taxonomy":"product_tag","embeddable":true,"href":"https:\/\/xn--kbrsglobalstore-7kcc.com\/tr\/wp-json\/wp\/v2\/product_tag?post=37074"}],"curies":[{"name":"wp","href":"https:\/\/api.w.org\/{rel}","templated":true}]}}