{"id":37069,"date":"2026-01-30T21:26:12","date_gmt":"2026-01-30T21:26:12","guid":{"rendered":"https:\/\/xn--kbrsglobalstore-7kcc.com\/?post_type=product&#038;p=37069"},"modified":"2026-01-30T21:26:12","modified_gmt":"2026-01-30T21:26:12","slug":"genkimix-kids-2pcs-young-boyblue-white-reversible-fleece-monster-claw-hooded-jumpsuit-with-gloves-pajama-set-shark-sleepsuit","status":"publish","type":"product","link":"https:\/\/xn--kbrsglobalstore-7kcc.com\/tr\/urun\/genkimix-kids-2pcs-young-boyblue-white-reversible-fleece-monster-claw-hooded-jumpsuit-with-gloves-pajama-set-shark-sleepsuit\/","title":{"rendered":"Genkimix Kids 2 Par\u00e7al\u0131 Erkek \u00c7ocuk Mavi ve Beyaz \u00c7ift Tarafl\u0131 Polar Canavar Pen\u00e7esi Kap\u00fc\u015fonlu Tulum Eldivenli Pijama Tak\u0131m\u0131 K\u00f6pekbal\u0131\u011f\u0131 Uyku Tulumu"},"content":{"rendered":"<p>Genkimix Kids 2 Par\u00e7al\u0131 Erkek \u00c7ocuk \u00c7ift Tarafl\u0131 Polar Canavar Pen\u00e7esi Kap\u00fc\u015fonlu Tulum Pijama Tak\u0131m\u0131, \u00e7ocuklar\u0131 s\u0131cak ve rahat tutmak i\u00e7in tasarlanm\u0131\u015f e\u011flenceli ve rahat bir k\u0131yafettir. Sevimli mavi ve beyaz \u00e7ift tarafl\u0131 tasar\u0131m\u0131, e\u011flenceli canavar pen\u00e7esi\/k\u00f6pekbal\u0131\u011f\u0131 tarz\u0131 kap\u00fc\u015fonu ve uyumlu eldivenleriyle yatma vakti, evde dinlenme ve so\u011fuk havalarda uyku i\u00e7in m\u00fckemmeldir. Yumu\u015fak polar kuma\u015ftan \u00fcretilen bu uyku tulumu, k\u0131\u015f geceleri, ev giyimi ve pijama partileri i\u00e7in idealdir ve erkek \u00e7ocuklara s\u0131cak ve sevimli bir g\u00f6r\u00fcn\u00fcm kazand\u0131r\u0131r.<\/p>","protected":false},"excerpt":{"rendered":"<p>The Genkimix Kids 2PCS Young Boy Reversible Fleece Monster Claw Hooded Jumpsuit Pajama Set is a fun and cozy outfit designed to keep kids warm and comfortable. Featuring a cute blue &amp; white reversible design, a playful monster claw\/shark style hood, and matching gloves, it\u2019s perfect for bedtime, lounging, and cold-weather sleep. Made with soft [&hellip;]<\/p>","protected":false},"featured_media":37070,"comment_status":"open","ping_status":"closed","template":"","meta":{"_monsterinsights_skip_tracking":false,"_monsterinsights_sitenote_active":false,"_monsterinsights_sitenote_note":"","_monsterinsights_sitenote_category":0},"product_brand":[],"product_cat":[113],"product_tag":[],"class_list":{"0":"post-37069","1":"product","2":"type-product","3":"status-publish","4":"has-post-thumbnail","6":"product_cat-kids-clothing","8":"first","9":"instock","10":"shipping-taxable","11":"purchasable","12":"product-type-simple"},"aioseo_notices":[],"_links":{"self":[{"href":"https:\/\/xn--kbrsglobalstore-7kcc.com\/tr\/wp-json\/wp\/v2\/product\/37069","targetHints":{"allow":["GET"]}}],"collection":[{"href":"https:\/\/xn--kbrsglobalstore-7kcc.com\/tr\/wp-json\/wp\/v2\/product"}],"about":[{"href":"https:\/\/xn--kbrsglobalstore-7kcc.com\/tr\/wp-json\/wp\/v2\/types\/product"}],"replies":[{"embeddable":true,"href":"https:\/\/xn--kbrsglobalstore-7kcc.com\/tr\/wp-json\/wp\/v2\/comments?post=37069"}],"wp:featuredmedia":[{"embeddable":true,"href":"https:\/\/xn--kbrsglobalstore-7kcc.com\/tr\/wp-json\/wp\/v2\/media\/37070"}],"wp:attachment":[{"href":"https:\/\/xn--kbrsglobalstore-7kcc.com\/tr\/wp-json\/wp\/v2\/media?parent=37069"}],"wp:term":[{"taxonomy":"product_brand","embeddable":true,"href":"https:\/\/xn--kbrsglobalstore-7kcc.com\/tr\/wp-json\/wp\/v2\/product_brand?post=37069"},{"taxonomy":"product_cat","embeddable":true,"href":"https:\/\/xn--kbrsglobalstore-7kcc.com\/tr\/wp-json\/wp\/v2\/product_cat?post=37069"},{"taxonomy":"product_tag","embeddable":true,"href":"https:\/\/xn--kbrsglobalstore-7kcc.com\/tr\/wp-json\/wp\/v2\/product_tag?post=37069"}],"curies":[{"name":"wp","href":"https:\/\/api.w.org\/{rel}","templated":true}]}}