{"id":37036,"date":"2026-01-30T21:06:09","date_gmt":"2026-01-30T21:06:09","guid":{"rendered":"https:\/\/xn--kbrsglobalstore-7kcc.com\/?post_type=product&#038;p=37036"},"modified":"2026-01-30T21:06:09","modified_gmt":"2026-01-30T21:06:09","slug":"sparklyn-girls-textured-jacquard-fabric-shawl-collar-faux-fur-jacket-fashion-high-end-elegant-versatile-small-coat-white-floral-pattern-autumn-winter-back-to-school-season","status":"publish","type":"product","link":"https:\/\/xn--kbrsglobalstore-7kcc.com\/tr\/urun\/sparklyn-girls-textured-jacquard-fabric-shawl-collar-faux-fur-jacket-fashion-high-end-elegant-versatile-small-coat-white-floral-pattern-autumn-winter-back-to-school-season\/","title":{"rendered":"Sparklyn K\u0131z \u00c7ocuk Dokulu Jakarl\u0131 Kuma\u015f \u015eal Yaka Suni K\u00fcrk Ceket, \u015e\u0131k, Zarif ve \u00c7ok Y\u00f6nl\u00fc K\u00fc\u00e7\u00fck Boy Kaban, Beyaz \u00c7i\u00e7ek Desenli, Sonbahar\/K\u0131\u015f Okula D\u00f6n\u00fc\u015f Sezonu"},"content":{"rendered":"<p>Sparklyn K\u0131z \u00c7ocuk Dokulu Jakarl\u0131 \u015eal Yakal\u0131 Suni K\u00fcrk Ceket, sonbahar\/k\u0131\u015f okul ba\u015flang\u0131c\u0131 sezonunda k\u0131z \u00e7ocuklar\u0131n\u0131 s\u0131cak ve \u015f\u0131k tutmak i\u00e7in tasarlanm\u0131\u015f, y\u00fcksek kaliteli ve zarif bir k\u00fc\u00e7\u00fck cekettir. Birinci s\u0131n\u0131f dokulu jakarl\u0131 kuma\u015ftan ve yumu\u015fak \u015fal yakal\u0131 suni k\u00fcrk tasar\u0131m\u0131ndan \u00fcretilen bu ceket, \u015f\u0131k ve modaya uygun bir g\u00f6r\u00fcn\u00fcm i\u00e7in g\u00fczel bir beyaz \u00e7i\u00e7ek deseniyle \u00f6ne \u00e7\u0131kar. Elbiselerle veya g\u00fcnl\u00fck k\u0131yafetlerle kolayca kombinlenebilen bu ceket, okul, partiler, aile gezileri ve g\u00fcnl\u00fck kullan\u0131m i\u00e7in m\u00fckemmeldir.<\/p>","protected":false},"excerpt":{"rendered":"<p>The Sparklyn Girls\u2019 Textured Jacquard Shawl Collar Faux Fur Jacket is a high-end and elegant small coat designed to keep girls warm and stylish during the autumn\/winter back-to-school season. Made with premium textured jacquard fabric and a soft shawl collar faux fur design, it features a beautiful white floral pattern for a classy and fashionable [&hellip;]<\/p>","protected":false},"featured_media":37037,"comment_status":"open","ping_status":"closed","template":"","meta":{"_monsterinsights_skip_tracking":false,"_monsterinsights_sitenote_active":false,"_monsterinsights_sitenote_note":"","_monsterinsights_sitenote_category":0},"product_brand":[],"product_cat":[113],"product_tag":[],"class_list":{"0":"post-37036","1":"product","2":"type-product","3":"status-publish","4":"has-post-thumbnail","6":"product_cat-kids-clothing","8":"first","9":"instock","10":"shipping-taxable","11":"purchasable","12":"product-type-simple"},"aioseo_notices":[],"_links":{"self":[{"href":"https:\/\/xn--kbrsglobalstore-7kcc.com\/tr\/wp-json\/wp\/v2\/product\/37036","targetHints":{"allow":["GET"]}}],"collection":[{"href":"https:\/\/xn--kbrsglobalstore-7kcc.com\/tr\/wp-json\/wp\/v2\/product"}],"about":[{"href":"https:\/\/xn--kbrsglobalstore-7kcc.com\/tr\/wp-json\/wp\/v2\/types\/product"}],"replies":[{"embeddable":true,"href":"https:\/\/xn--kbrsglobalstore-7kcc.com\/tr\/wp-json\/wp\/v2\/comments?post=37036"}],"wp:featuredmedia":[{"embeddable":true,"href":"https:\/\/xn--kbrsglobalstore-7kcc.com\/tr\/wp-json\/wp\/v2\/media\/37037"}],"wp:attachment":[{"href":"https:\/\/xn--kbrsglobalstore-7kcc.com\/tr\/wp-json\/wp\/v2\/media?parent=37036"}],"wp:term":[{"taxonomy":"product_brand","embeddable":true,"href":"https:\/\/xn--kbrsglobalstore-7kcc.com\/tr\/wp-json\/wp\/v2\/product_brand?post=37036"},{"taxonomy":"product_cat","embeddable":true,"href":"https:\/\/xn--kbrsglobalstore-7kcc.com\/tr\/wp-json\/wp\/v2\/product_cat?post=37036"},{"taxonomy":"product_tag","embeddable":true,"href":"https:\/\/xn--kbrsglobalstore-7kcc.com\/tr\/wp-json\/wp\/v2\/product_tag?post=37036"}],"curies":[{"name":"wp","href":"https:\/\/api.w.org\/{rel}","templated":true}]}}