{"id":37031,"date":"2026-01-30T21:03:47","date_gmt":"2026-01-30T21:03:47","guid":{"rendered":"https:\/\/xn--kbrsglobalstore-7kcc.com\/?post_type=product&#038;p=37031"},"modified":"2026-01-30T21:03:48","modified_gmt":"2026-01-30T21:03:48","slug":"dazy-girls-small-lace-patchwork-korean-style-casual-loose-solid-color-dress","status":"publish","type":"product","link":"https:\/\/xn--kbrsglobalstore-7kcc.com\/tr\/urun\/dazy-girls-small-lace-patchwork-korean-style-casual-loose-solid-color-dress\/","title":{"rendered":"DAZY K\u0131z \u00c7ocuk (K\u00fc\u00e7\u00fck Boy) Dantel Yama Kore Tarz\u0131 G\u00fcnl\u00fck Bol Kesim D\u00fcz Renk Elbise"},"content":{"rendered":"<p>DAZY K\u0131z \u00c7ocuk (K\u00fc\u00e7\u00fck) Kore Tarz\u0131 G\u00fcnl\u00fck Elbise, tatl\u0131 ve zarif bir dokunu\u015f i\u00e7in d\u00fcz renk g\u00f6r\u00fcn\u00fcm\u00fcyle g\u00fczel bir dantel patchwork tasar\u0131m\u0131na sahiptir. Bol ve rahat kesimiyle g\u00fcnl\u00fck kullan\u0131m, geziler, okul ve \u00f6zel g\u00fcnler i\u00e7in m\u00fckemmeldir. \u015e\u0131k ama giymesi kolay olan bu elbise, k\u00fc\u00e7\u00fck k\u0131z\u0131n\u0131z\u0131n t\u00fcm g\u00fcn rahat etmesini sa\u011flarken sevimli bir Kore esintili hava kat\u0131yor.<\/p>","protected":false},"excerpt":{"rendered":"<p>The DAZY Girls (Small) Korean Style Casual Dress features a beautiful lace patchwork design with a solid color look for a sweet and elegant touch. Designed with a loose and comfortable fit, it\u2019s perfect for everyday wear, outings, school, and special occasions. Stylish yet easy to wear, this dress gives a cute Korean-inspired vibe while [&hellip;]<\/p>","protected":false},"featured_media":37032,"comment_status":"open","ping_status":"closed","template":"","meta":{"_monsterinsights_skip_tracking":false,"_monsterinsights_sitenote_active":false,"_monsterinsights_sitenote_note":"","_monsterinsights_sitenote_category":0},"product_brand":[],"product_cat":[113],"product_tag":[],"class_list":{"0":"post-37031","1":"product","2":"type-product","3":"status-publish","4":"has-post-thumbnail","6":"product_cat-kids-clothing","8":"first","9":"instock","10":"shipping-taxable","11":"purchasable","12":"product-type-simple"},"aioseo_notices":[],"_links":{"self":[{"href":"https:\/\/xn--kbrsglobalstore-7kcc.com\/tr\/wp-json\/wp\/v2\/product\/37031","targetHints":{"allow":["GET"]}}],"collection":[{"href":"https:\/\/xn--kbrsglobalstore-7kcc.com\/tr\/wp-json\/wp\/v2\/product"}],"about":[{"href":"https:\/\/xn--kbrsglobalstore-7kcc.com\/tr\/wp-json\/wp\/v2\/types\/product"}],"replies":[{"embeddable":true,"href":"https:\/\/xn--kbrsglobalstore-7kcc.com\/tr\/wp-json\/wp\/v2\/comments?post=37031"}],"wp:featuredmedia":[{"embeddable":true,"href":"https:\/\/xn--kbrsglobalstore-7kcc.com\/tr\/wp-json\/wp\/v2\/media\/37032"}],"wp:attachment":[{"href":"https:\/\/xn--kbrsglobalstore-7kcc.com\/tr\/wp-json\/wp\/v2\/media?parent=37031"}],"wp:term":[{"taxonomy":"product_brand","embeddable":true,"href":"https:\/\/xn--kbrsglobalstore-7kcc.com\/tr\/wp-json\/wp\/v2\/product_brand?post=37031"},{"taxonomy":"product_cat","embeddable":true,"href":"https:\/\/xn--kbrsglobalstore-7kcc.com\/tr\/wp-json\/wp\/v2\/product_cat?post=37031"},{"taxonomy":"product_tag","embeddable":true,"href":"https:\/\/xn--kbrsglobalstore-7kcc.com\/tr\/wp-json\/wp\/v2\/product_tag?post=37031"}],"curies":[{"name":"wp","href":"https:\/\/api.w.org\/{rel}","templated":true}]}}