{"id":37009,"date":"2026-01-30T20:52:52","date_gmt":"2026-01-30T20:52:52","guid":{"rendered":"https:\/\/xn--kbrsglobalstore-7kcc.com\/?post_type=product&#038;p=37009"},"modified":"2026-01-30T20:52:52","modified_gmt":"2026-01-30T20:52:52","slug":"lladie-kids-2pcs-set-girls-small-pink-textured-long-sleeve-t-shirt-and-textured-button-skirt","status":"publish","type":"product","link":"https:\/\/xn--kbrsglobalstore-7kcc.com\/tr\/urun\/lladie-kids-2pcs-set-girls-small-pink-textured-long-sleeve-t-shirt-and-textured-button-skirt\/","title":{"rendered":"Laladie Kids 2 Par\u00e7al\u0131 Set K\u0131z \u00c7ocuk (K\u00fc\u00e7\u00fck) Pembe Dokulu Uzun Kollu Ti\u015f\u00f6rt ve Dokulu D\u00fc\u011fmeli Etek"},"content":{"rendered":"<p>Lladie Kids 2 Par\u00e7al\u0131 K\u0131z \u00c7ocuk (K\u00fc\u00e7\u00fck) Tak\u0131m\u0131, sevimli pembe dokulu uzun kollu bir ti\u015f\u00f6rt ve ona uygun dokulu d\u00fc\u011fmeli bir etekten olu\u015farak tatl\u0131 ve \u015f\u0131k bir g\u00f6r\u00fcn\u00fcm sunar. Konfor ve g\u00fcnl\u00fck kullan\u0131m i\u00e7in tasarlanan bu set, okul, g\u00fcndelik geziler, oyun bulu\u015fmalar\u0131 ve mevsimlik katmanlama i\u00e7in m\u00fckemmeldir. Yumu\u015fak, modaya uygun ve ayakkab\u0131 ve aksesuarlarla kolayca kombinlenebilen bu tak\u0131m, k\u00fc\u00e7\u00fck k\u0131zlar i\u00e7in harika bir k\u0131yafet se\u00e7ene\u011fidir.<\/p>","protected":false},"excerpt":{"rendered":"<p>The Lladie Kids 2PCS\/Set Girls (Small) Outfit includes a cute pink textured long sleeve T-shirt paired with a matching textured button skirt for a sweet and stylish look. Designed for comfort and everyday wear, this set is perfect for school, casual outings, playdates, and seasonal layering. Soft, fashionable, and easy to match with shoes and [&hellip;]<\/p>","protected":false},"featured_media":37010,"comment_status":"open","ping_status":"closed","template":"","meta":{"_monsterinsights_skip_tracking":false,"_monsterinsights_sitenote_active":false,"_monsterinsights_sitenote_note":"","_monsterinsights_sitenote_category":0},"product_brand":[],"product_cat":[113],"product_tag":[],"class_list":{"0":"post-37009","1":"product","2":"type-product","3":"status-publish","4":"has-post-thumbnail","6":"product_cat-kids-clothing","8":"first","9":"instock","10":"shipping-taxable","11":"purchasable","12":"product-type-simple"},"aioseo_notices":[],"_links":{"self":[{"href":"https:\/\/xn--kbrsglobalstore-7kcc.com\/tr\/wp-json\/wp\/v2\/product\/37009","targetHints":{"allow":["GET"]}}],"collection":[{"href":"https:\/\/xn--kbrsglobalstore-7kcc.com\/tr\/wp-json\/wp\/v2\/product"}],"about":[{"href":"https:\/\/xn--kbrsglobalstore-7kcc.com\/tr\/wp-json\/wp\/v2\/types\/product"}],"replies":[{"embeddable":true,"href":"https:\/\/xn--kbrsglobalstore-7kcc.com\/tr\/wp-json\/wp\/v2\/comments?post=37009"}],"wp:featuredmedia":[{"embeddable":true,"href":"https:\/\/xn--kbrsglobalstore-7kcc.com\/tr\/wp-json\/wp\/v2\/media\/37010"}],"wp:attachment":[{"href":"https:\/\/xn--kbrsglobalstore-7kcc.com\/tr\/wp-json\/wp\/v2\/media?parent=37009"}],"wp:term":[{"taxonomy":"product_brand","embeddable":true,"href":"https:\/\/xn--kbrsglobalstore-7kcc.com\/tr\/wp-json\/wp\/v2\/product_brand?post=37009"},{"taxonomy":"product_cat","embeddable":true,"href":"https:\/\/xn--kbrsglobalstore-7kcc.com\/tr\/wp-json\/wp\/v2\/product_cat?post=37009"},{"taxonomy":"product_tag","embeddable":true,"href":"https:\/\/xn--kbrsglobalstore-7kcc.com\/tr\/wp-json\/wp\/v2\/product_tag?post=37009"}],"curies":[{"name":"wp","href":"https:\/\/api.w.org\/{rel}","templated":true}]}}