{"id":36990,"date":"2026-01-30T20:43:39","date_gmt":"2026-01-30T20:43:39","guid":{"rendered":"https:\/\/xn--kbrsglobalstore-7kcc.com\/?post_type=product&#038;p=36990"},"modified":"2026-01-30T20:43:39","modified_gmt":"2026-01-30T20:43:39","slug":"shein-this-is-a-black-and-white-striped-dress-for-tween-girls-featuring-a-rolled-up-collar-long-sleeves-and-a-small-horse-pattern-printed-on-the-chest","status":"publish","type":"product","link":"https:\/\/xn--kbrsglobalstore-7kcc.com\/tr\/urun\/shein-this-is-a-black-and-white-striped-dress-for-tween-girls-featuring-a-rolled-up-collar-long-sleeves-and-a-small-horse-pattern-printed-on-the-chest\/","title":{"rendered":"SHEIN markas\u0131n\u0131n bu siyah beyaz \u00e7izgili elbisesi, katlanm\u0131\u015f yakas\u0131, uzun kollar\u0131 ve g\u00f6\u011fs\u00fcnde k\u00fc\u00e7\u00fck bir at deseniyle gen\u00e7 k\u0131zlar i\u00e7in tasarlanm\u0131\u015ft\u0131r."},"content":{"rendered":"<p>Bu SHEIN markal\u0131 siyah beyaz \u00e7izgili elbise, \u015f\u0131k katlanm\u0131\u015f yakas\u0131, rahat uzun kollar\u0131 ve g\u00f6\u011fs\u00fcndeki sevimli k\u00fc\u00e7\u00fck at bask\u0131s\u0131yla dikkat \u00e7ekiyor. Modaya uygun rahat bir g\u00f6r\u00fcn\u00fcm i\u00e7in tasarlanan bu elbise, okul, geziler ve g\u00fcnl\u00fck kullan\u0131m i\u00e7in m\u00fckemmel olup, gen\u00e7 k\u0131zlar\u0131n hem rahat etmesini hem de \u015f\u0131k g\u00f6r\u00fcnmesini sa\u011fl\u0131yor.<\/p>","protected":false},"excerpt":{"rendered":"<p>Bu SHEIN markal\u0131 siyah beyaz \u00e7izgili elbise, \u015f\u0131k katlanm\u0131\u015f yakas\u0131, rahat uzun kollar\u0131 ve g\u00f6\u011fs\u00fcndeki sevimli k\u00fc\u00e7\u00fck at bask\u0131s\u0131yla dikkat \u00e7ekiyor. Modaya uygun rahat bir g\u00f6r\u00fcn\u00fcm i\u00e7in tasarlanan bu elbise, okul, geziler ve g\u00fcnl\u00fck kullan\u0131m i\u00e7in m\u00fckemmel olup, gen\u00e7 k\u0131zlar\u0131n hem rahat etmesini hem de \u015f\u0131k g\u00f6r\u00fcnmesini sa\u011fl\u0131yor.<\/p>","protected":false},"featured_media":36991,"comment_status":"open","ping_status":"closed","template":"","meta":{"_monsterinsights_skip_tracking":false,"_monsterinsights_sitenote_active":false,"_monsterinsights_sitenote_note":"","_monsterinsights_sitenote_category":0},"product_brand":[],"product_cat":[113],"product_tag":[],"class_list":{"0":"post-36990","1":"product","2":"type-product","3":"status-publish","4":"has-post-thumbnail","6":"product_cat-kids-clothing","8":"first","9":"instock","10":"shipping-taxable","11":"purchasable","12":"product-type-simple"},"aioseo_notices":[],"_links":{"self":[{"href":"https:\/\/xn--kbrsglobalstore-7kcc.com\/tr\/wp-json\/wp\/v2\/product\/36990","targetHints":{"allow":["GET"]}}],"collection":[{"href":"https:\/\/xn--kbrsglobalstore-7kcc.com\/tr\/wp-json\/wp\/v2\/product"}],"about":[{"href":"https:\/\/xn--kbrsglobalstore-7kcc.com\/tr\/wp-json\/wp\/v2\/types\/product"}],"replies":[{"embeddable":true,"href":"https:\/\/xn--kbrsglobalstore-7kcc.com\/tr\/wp-json\/wp\/v2\/comments?post=36990"}],"wp:featuredmedia":[{"embeddable":true,"href":"https:\/\/xn--kbrsglobalstore-7kcc.com\/tr\/wp-json\/wp\/v2\/media\/36991"}],"wp:attachment":[{"href":"https:\/\/xn--kbrsglobalstore-7kcc.com\/tr\/wp-json\/wp\/v2\/media?parent=36990"}],"wp:term":[{"taxonomy":"product_brand","embeddable":true,"href":"https:\/\/xn--kbrsglobalstore-7kcc.com\/tr\/wp-json\/wp\/v2\/product_brand?post=36990"},{"taxonomy":"product_cat","embeddable":true,"href":"https:\/\/xn--kbrsglobalstore-7kcc.com\/tr\/wp-json\/wp\/v2\/product_cat?post=36990"},{"taxonomy":"product_tag","embeddable":true,"href":"https:\/\/xn--kbrsglobalstore-7kcc.com\/tr\/wp-json\/wp\/v2\/product_tag?post=36990"}],"curies":[{"name":"wp","href":"https:\/\/api.w.org\/{rel}","templated":true}]}}