{"id":36985,"date":"2026-01-30T20:41:44","date_gmt":"2026-01-30T20:41:44","guid":{"rendered":"https:\/\/xn--kbrsglobalstore-7kcc.com\/?post_type=product&#038;p=36985"},"modified":"2026-01-30T20:41:45","modified_gmt":"2026-01-30T20:41:45","slug":"shein-boys-fashion-versatile-and-comfortable-round-neck-n-neck-elastic-cuffs-large-front-pockets-small-badge-elastic-waist-multi-pocket-knitted-denim-pants-two-pieces-set","status":"publish","type":"product","link":"https:\/\/xn--kbrsglobalstore-7kcc.com\/tr\/urun\/shein-boys-fashion-versatile-and-comfortable-round-neck-n-neck-elastic-cuffs-large-front-pockets-small-badge-elastic-waist-multi-pocket-knitted-denim-pants-two-pieces-set\/","title":{"rendered":"SHEIN Erkek \u00c7ocuk Modas\u0131 \u00c7ok Y\u00f6nl\u00fc ve Rahat Yuvarlak Yaka, N Yaka, Elastik Man\u015fetler, B\u00fcy\u00fck \u00d6n Cepler, K\u00fc\u00e7\u00fck Rozet, Elastik Bel, \u00c7ok Cepli \u00d6rme Kot Pantolon \u0130ki Par\u00e7a Tak\u0131m"},"content":{"rendered":"<div class=\"flex flex-col text-sm pb-25\">\n<article class=\"text-token-text-primary w-full focus:outline-none [--shadow-height:45px] has-data-writing-block:pointer-events-none has-data-writing-block:-mt-(--shadow-height) has-data-writing-block:pt-(--shadow-height) [&amp;:has([data-writing-block])&gt;*]:pointer-events-auto scroll-mt-[calc(var(--header-height)+min(200px,max(70px,20svh)))]\" dir=\"auto\" tabindex=\"-1\" data-turn-id=\"request-697c99f0-8558-8323-b280-781bc2a95e6d-13\" data-testid=\"conversation-turn-58\" data-scroll-anchor=\"true\" data-turn=\"assistant\">\n<div class=\"text-base my-auto mx-auto pb-10 [--thread-content-margin:--spacing(4)] @w-sm\/main:[--thread-content-margin:--spacing(6)] @w-lg\/main:[--thread-content-margin:--spacing(16)] px-(--thread-content-margin)\">\n<div class=\"[--thread-content-max-width:40rem] @w-lg\/main:[--thread-content-max-width:48rem] mx-auto max-w-(--thread-content-max-width) flex-1 group\/turn-messages focus-visible:outline-hidden relative flex w-full min-w-0 flex-col agent-turn\" tabindex=\"-1\">\n<div class=\"flex max-w-full flex-col grow\">\n<div class=\"min-h-8 text-message relative flex w-full flex-col items-end gap-2 text-start break-words whitespace-normal [.text-message+&amp;]:mt-1\" dir=\"auto\" data-message-author-role=\"assistant\" data-message-id=\"8e65123a-ff21-4531-9d35-5bdb96bce0e3\" data-message-model-slug=\"gpt-5-2\">\n<div class=\"flex w-full flex-col gap-1 empty:hidden first:pt-[1px]\">\n<div class=\"markdown prose dark:prose-invert w-full wrap-break-word dark markdown-new-styling\">\n<p data-start=\"0\" data-end=\"527\" data-is-last-node=\"\" data-is-only-node=\"\" class=\"translation-block\">SHEIN Erkek \u00c7ocuk \u0130ki Par\u00e7al\u0131 Tak\u0131m, g\u00fcnl\u00fck kullan\u0131m i\u00e7in tasarlanm\u0131\u015f \u015f\u0131k ve rahat bir k\u0131yafettir. \u00c7ok y\u00f6nl\u00fc yuvarlak yakal\u0131\/N yakal\u0131 \u00fcst k\u0131sm\u0131, elastik man\u015fetleri, geni\u015f \u00f6n cepleri ve trend bir g\u00f6r\u00fcn\u00fcm i\u00e7in \u015f\u0131k k\u00fc\u00e7\u00fck rozet detay\u0131 ile \u00f6ne \u00e7\u0131kar. Uyumlu \u00f6rme kot pantolon, elastik bel ve \u00e7ok cepli tasar\u0131m\u0131yla hem konfor hem de rahatl\u0131k sunuyor. Okul, a\u00e7\u0131k hava oyunlar\u0131, g\u00fcndelik geziler ve g\u00fcnl\u00fck kullan\u0131m i\u00e7in m\u00fckemmel olan bu set, erkek \u00e7ocuklar\u0131n g\u00fcn boyu \u015f\u0131k g\u00f6r\u00fcnmelerini ve rahat hissetmelerini sa\u011fl\u0131yor.<\/p>\n<\/div>\n<\/div>\n<\/div>\n<\/div>\n<div class=\"z-0 flex min-h-[46px] justify-start\"><\/div>\n<div class=\"mt-3 w-full empty:hidden\">\n<div class=\"text-center\"><\/div>\n<\/div>\n<\/div>\n<\/div>\n<\/article>\n<\/div>\n<div class=\"pointer-events-none h-px w-px absolute bottom-0\" aria-hidden=\"true\" data-edge=\"true\"><\/div>","protected":false},"excerpt":{"rendered":"<p>The SHEIN Boys Two-Piece Set is a fashionable and comfortable outfit designed for everyday wear. It features a versatile round neck\/N-neck top with elastic cuffs, large front pockets, and a stylish small badge detail for a trendy look. The matching knitted denim pants come with an elastic waist and multi-pocket design, offering both comfort and [&hellip;]<\/p>","protected":false},"featured_media":36986,"comment_status":"open","ping_status":"closed","template":"","meta":{"_monsterinsights_skip_tracking":false,"_monsterinsights_sitenote_active":false,"_monsterinsights_sitenote_note":"","_monsterinsights_sitenote_category":0},"product_brand":[],"product_cat":[113],"product_tag":[],"class_list":{"0":"post-36985","1":"product","2":"type-product","3":"status-publish","4":"has-post-thumbnail","6":"product_cat-kids-clothing","8":"first","9":"instock","10":"shipping-taxable","11":"purchasable","12":"product-type-simple"},"aioseo_notices":[],"_links":{"self":[{"href":"https:\/\/xn--kbrsglobalstore-7kcc.com\/tr\/wp-json\/wp\/v2\/product\/36985","targetHints":{"allow":["GET"]}}],"collection":[{"href":"https:\/\/xn--kbrsglobalstore-7kcc.com\/tr\/wp-json\/wp\/v2\/product"}],"about":[{"href":"https:\/\/xn--kbrsglobalstore-7kcc.com\/tr\/wp-json\/wp\/v2\/types\/product"}],"replies":[{"embeddable":true,"href":"https:\/\/xn--kbrsglobalstore-7kcc.com\/tr\/wp-json\/wp\/v2\/comments?post=36985"}],"wp:featuredmedia":[{"embeddable":true,"href":"https:\/\/xn--kbrsglobalstore-7kcc.com\/tr\/wp-json\/wp\/v2\/media\/36986"}],"wp:attachment":[{"href":"https:\/\/xn--kbrsglobalstore-7kcc.com\/tr\/wp-json\/wp\/v2\/media?parent=36985"}],"wp:term":[{"taxonomy":"product_brand","embeddable":true,"href":"https:\/\/xn--kbrsglobalstore-7kcc.com\/tr\/wp-json\/wp\/v2\/product_brand?post=36985"},{"taxonomy":"product_cat","embeddable":true,"href":"https:\/\/xn--kbrsglobalstore-7kcc.com\/tr\/wp-json\/wp\/v2\/product_cat?post=36985"},{"taxonomy":"product_tag","embeddable":true,"href":"https:\/\/xn--kbrsglobalstore-7kcc.com\/tr\/wp-json\/wp\/v2\/product_tag?post=36985"}],"curies":[{"name":"wp","href":"https:\/\/api.w.org\/{rel}","templated":true}]}}