{"id":36967,"date":"2026-01-30T20:33:48","date_gmt":"2026-01-30T20:33:48","guid":{"rendered":"https:\/\/xn--kbrsglobalstore-7kcc.com\/?post_type=product&#038;p=36967"},"modified":"2026-01-30T20:33:48","modified_gmt":"2026-01-30T20:33:48","slug":"dazy-kids-girl-toddler-small-embroidered-collar-short-sleeve-t-shirt-summer","status":"publish","type":"product","link":"https:\/\/xn--kbrsglobalstore-7kcc.com\/tr\/urun\/dazy-kids-girl-toddler-small-embroidered-collar-short-sleeve-t-shirt-summer\/","title":{"rendered":"Dazy Kids K\u0131z \u00c7ocuk (K\u00fc\u00e7\u00fck\/Y\u00fcr\u00fcmeye Ba\u015flayan \u00c7ocuk) \u0130\u015flemeli Yakal\u0131 K\u0131sa Kollu Ti\u015f\u00f6rt, Yazl\u0131k"},"content":{"rendered":"<p>Dazy Kids K\u0131z \u00c7ocuk (K\u00fc\u00e7\u00fck\/Y\u00fcr\u00fcmeye Ba\u015flayan \u00c7ocuk) \u0130\u015flemeli Yakal\u0131 K\u0131sa Kollu Ti\u015f\u00f6rt, rahatl\u0131k ve g\u00fcnl\u00fck kullan\u0131m i\u00e7in tasarlanm\u0131\u015f tatl\u0131 ve \u015f\u0131k bir yazl\u0131k \u00fcstt\u00fcr. Sevimli i\u015flemeli yaka detay\u0131 ve yumu\u015fak, nefes alabilen kuma\u015f\u0131yla oyun zaman\u0131, geziler, okul ve g\u00fcnl\u00fck rahat g\u00f6r\u00fcn\u00fcmler i\u00e7in m\u00fckemmeldir. K\u00fc\u00e7\u00fck k\u0131z\u0131n\u0131z\u0131n yaz aylar\u0131nda serin ve \u015f\u0131k kalmas\u0131 i\u00e7in b\u00fcy\u00fcleyici bir gard\u0131rop olmazsa olmaz\u0131.<\/p>","protected":false},"excerpt":{"rendered":"<p>The Dazy Kids Girl (Toddler\/Small) Embroidered Collar Short Sleeve T-Shirt is a sweet and stylish summer top designed for comfort and everyday wear. Featuring a cute embroidered collar detail and soft breathable fabric, it\u2019s perfect for playtime, outings, school, and casual daily looks. A charming wardrobe essential for keeping your little girl cool and fashionable [&hellip;]<\/p>","protected":false},"featured_media":36968,"comment_status":"open","ping_status":"closed","template":"","meta":{"_monsterinsights_skip_tracking":false,"_monsterinsights_sitenote_active":false,"_monsterinsights_sitenote_note":"","_monsterinsights_sitenote_category":0},"product_brand":[],"product_cat":[113],"product_tag":[],"class_list":{"0":"post-36967","1":"product","2":"type-product","3":"status-publish","4":"has-post-thumbnail","6":"product_cat-kids-clothing","8":"first","9":"instock","10":"shipping-taxable","11":"purchasable","12":"product-type-simple"},"aioseo_notices":[],"_links":{"self":[{"href":"https:\/\/xn--kbrsglobalstore-7kcc.com\/tr\/wp-json\/wp\/v2\/product\/36967","targetHints":{"allow":["GET"]}}],"collection":[{"href":"https:\/\/xn--kbrsglobalstore-7kcc.com\/tr\/wp-json\/wp\/v2\/product"}],"about":[{"href":"https:\/\/xn--kbrsglobalstore-7kcc.com\/tr\/wp-json\/wp\/v2\/types\/product"}],"replies":[{"embeddable":true,"href":"https:\/\/xn--kbrsglobalstore-7kcc.com\/tr\/wp-json\/wp\/v2\/comments?post=36967"}],"wp:featuredmedia":[{"embeddable":true,"href":"https:\/\/xn--kbrsglobalstore-7kcc.com\/tr\/wp-json\/wp\/v2\/media\/36968"}],"wp:attachment":[{"href":"https:\/\/xn--kbrsglobalstore-7kcc.com\/tr\/wp-json\/wp\/v2\/media?parent=36967"}],"wp:term":[{"taxonomy":"product_brand","embeddable":true,"href":"https:\/\/xn--kbrsglobalstore-7kcc.com\/tr\/wp-json\/wp\/v2\/product_brand?post=36967"},{"taxonomy":"product_cat","embeddable":true,"href":"https:\/\/xn--kbrsglobalstore-7kcc.com\/tr\/wp-json\/wp\/v2\/product_cat?post=36967"},{"taxonomy":"product_tag","embeddable":true,"href":"https:\/\/xn--kbrsglobalstore-7kcc.com\/tr\/wp-json\/wp\/v2\/product_tag?post=36967"}],"curies":[{"name":"wp","href":"https:\/\/api.w.org\/{rel}","templated":true}]}}