{"id":36963,"date":"2026-01-30T20:31:38","date_gmt":"2026-01-30T20:31:38","guid":{"rendered":"https:\/\/xn--kbrsglobalstore-7kcc.com\/?post_type=product&#038;p=36963"},"modified":"2026-01-30T20:31:38","modified_gmt":"2026-01-30T20:31:38","slug":"dazy-2pcs-set-boy-small-stripe-print-crew-neck-knitted-t-shirt-and-knitted-stripe-shorts-outfit-summer","status":"publish","type":"product","link":"https:\/\/xn--kbrsglobalstore-7kcc.com\/tr\/urun\/dazy-2pcs-set-boy-small-stripe-print-crew-neck-knitted-t-shirt-and-knitted-stripe-shorts-outfit-summer\/","title":{"rendered":"DAZY 2 Par\u00e7a\/Tak\u0131m Erkek \u00c7ocuk (K\u00fc\u00e7\u00fck) \u00c7izgili Bask\u0131l\u0131 Yuvarlak Yaka \u00d6rme Ti\u015f\u00f6rt ve \u00c7izgili \u00d6rme \u015eort Tak\u0131m\u0131, Yazl\u0131k"},"content":{"rendered":"<p>DAZY 2 Par\u00e7al\u0131 Erkek \u00c7ocuk (K\u00fc\u00e7\u00fck) Yazl\u0131k K\u0131yafet Seti, \u015f\u0131k \u00e7izgili bask\u0131l\u0131 yuvarlak yakal\u0131 \u00f6rg\u00fc ti\u015f\u00f6rt ve ona uygun \u00e7izgili \u00f6rg\u00fc \u015forttan olu\u015farak sevimli ve rahat bir g\u00f6r\u00fcn\u00fcm sunar. Nefes alabilen yap\u0131s\u0131yla g\u00fcn boyu kullan\u0131m i\u00e7in tasarlanan bu set, yaz gezileri, oyun zaman\u0131, tatiller ve g\u00fcnl\u00fck rahat giyim i\u00e7in m\u00fckemmeldir. K\u00fc\u00e7\u00fck \u00e7ocu\u011funuzun \u015f\u0131k g\u00f6r\u00fcnmesini ve serin hissetmesini sa\u011flayan trend bir uyumlu k\u0131yafet.<\/p>","protected":false},"excerpt":{"rendered":"<p>The DAZY 2PCS\/Set Boy (Small) Summer Outfit includes a stylish stripe print crew neck knitted T-shirt and matching knitted stripe shorts for a cute and comfortable look. Made for breathable all-day wear, this set is perfect for summer outings, playtime, vacations, and casual daily wear. A trendy matching outfit that keeps your little one looking [&hellip;]<\/p>","protected":false},"featured_media":36964,"comment_status":"open","ping_status":"closed","template":"","meta":{"_monsterinsights_skip_tracking":false,"_monsterinsights_sitenote_active":false,"_monsterinsights_sitenote_note":"","_monsterinsights_sitenote_category":0},"product_brand":[],"product_cat":[113],"product_tag":[],"class_list":{"0":"post-36963","1":"product","2":"type-product","3":"status-publish","4":"has-post-thumbnail","6":"product_cat-kids-clothing","8":"first","9":"instock","10":"shipping-taxable","11":"purchasable","12":"product-type-simple"},"aioseo_notices":[],"_links":{"self":[{"href":"https:\/\/xn--kbrsglobalstore-7kcc.com\/tr\/wp-json\/wp\/v2\/product\/36963","targetHints":{"allow":["GET"]}}],"collection":[{"href":"https:\/\/xn--kbrsglobalstore-7kcc.com\/tr\/wp-json\/wp\/v2\/product"}],"about":[{"href":"https:\/\/xn--kbrsglobalstore-7kcc.com\/tr\/wp-json\/wp\/v2\/types\/product"}],"replies":[{"embeddable":true,"href":"https:\/\/xn--kbrsglobalstore-7kcc.com\/tr\/wp-json\/wp\/v2\/comments?post=36963"}],"wp:featuredmedia":[{"embeddable":true,"href":"https:\/\/xn--kbrsglobalstore-7kcc.com\/tr\/wp-json\/wp\/v2\/media\/36964"}],"wp:attachment":[{"href":"https:\/\/xn--kbrsglobalstore-7kcc.com\/tr\/wp-json\/wp\/v2\/media?parent=36963"}],"wp:term":[{"taxonomy":"product_brand","embeddable":true,"href":"https:\/\/xn--kbrsglobalstore-7kcc.com\/tr\/wp-json\/wp\/v2\/product_brand?post=36963"},{"taxonomy":"product_cat","embeddable":true,"href":"https:\/\/xn--kbrsglobalstore-7kcc.com\/tr\/wp-json\/wp\/v2\/product_cat?post=36963"},{"taxonomy":"product_tag","embeddable":true,"href":"https:\/\/xn--kbrsglobalstore-7kcc.com\/tr\/wp-json\/wp\/v2\/product_tag?post=36963"}],"curies":[{"name":"wp","href":"https:\/\/api.w.org\/{rel}","templated":true}]}}