{"id":35676,"date":"2026-01-20T12:36:21","date_gmt":"2026-01-20T12:36:21","guid":{"rendered":"https:\/\/xn--kbrsglobalstore-7kcc.com\/?post_type=product&#038;p=35676"},"modified":"2026-01-20T12:36:21","modified_gmt":"2026-01-20T12:36:21","slug":"2pcs-set-young-girl-casual-cherry-embroidered-cap-sleeve-top-and-denim-pants-set-summer","status":"publish","type":"product","link":"https:\/\/xn--kbrsglobalstore-7kcc.com\/tr\/urun\/2pcs-set-young-girl-casual-cherry-embroidered-cap-sleeve-top-and-denim-pants-set-summer\/","title":{"rendered":"2 Par\u00e7a\/Set Gen\u00e7 K\u0131z \u00c7ocuklar\u0131 \u0130\u00e7in G\u00fcnl\u00fck Kullan\u0131ma Uygun Kiraz \u0130\u015flemeli K\u0131sa Kollu Bluz ve Kot Pantolon Tak\u0131m\u0131, Yazl\u0131k"},"content":{"rendered":"<p class=\"translation-block\"><strong data-start=\"80\" data-end=\"164\">2 Par\u00e7a\/Set Gen\u00e7 K\u0131z G\u00fcnl\u00fck Kiraz \u0130\u015flemeli K\u0131sa Kollu \u00dcst ve Kot Pantolon Tak\u0131m\u0131<\/strong>, g\u00fcnl\u00fck rahatl\u0131k ve moda i\u00e7in tasarlanm\u0131\u015f, b\u00fcy\u00fcleyici ve \u015f\u0131k bir yazl\u0131k k\u0131yafettir. Bu sevimli tak\u0131m, zarif kiraz i\u015flemeleriyle s\u00fcslenmi\u015f yumu\u015fak k\u0131sa kollu bir \u00fcst ve klasik kot pantolondan olu\u015farak hem trend hem de zamans\u0131z bir g\u00f6r\u00fcn\u00fcm yarat\u0131r. Hafif, nefes alabilen ve rahat bir kesime sahip kuma\u015ftan \u00fcretilen bu tak\u0131m, k\u0131z \u00e7ocuklar\u0131n\u0131n s\u0131cak g\u00fcnlerde serin kalmas\u0131n\u0131 sa\u011flarken hareket \u00f6zg\u00fcrl\u00fc\u011f\u00fcn\u00fc de art\u0131r\u0131r. Okul, geziler, oyun bulu\u015fmalar\u0131, tatiller ve g\u00fcnl\u00fck rahat giyim i\u00e7in m\u00fckemmel olan bu iki par\u00e7al\u0131 tak\u0131m, sevimli detaylar\u0131 zahmetsiz bir stille birle\u015ftirerek gen\u00e7 k\u0131zlara \u015f\u0131kl\u0131k sunar.<\/p>","protected":false},"excerpt":{"rendered":"<p>2pcs\/Set Young Girl Casual Cherry Embroidered Cap Sleeve Top and Denim Pants Set is a charming and stylish summer outfit designed for everyday comfort and fashion. This adorable set features a soft cap-sleeve top accented with delicate cherry embroidery, paired with classic denim pants that create a trendy yet timeless look. Crafted from lightweight, breathable [&hellip;]<\/p>","protected":false},"featured_media":35677,"comment_status":"open","ping_status":"closed","template":"","meta":{"_monsterinsights_skip_tracking":false,"_monsterinsights_sitenote_active":false,"_monsterinsights_sitenote_note":"","_monsterinsights_sitenote_category":0},"product_brand":[],"product_cat":[113],"product_tag":[],"class_list":{"0":"post-35676","1":"product","2":"type-product","3":"status-publish","4":"has-post-thumbnail","6":"product_cat-kids-clothing","8":"first","9":"instock","10":"shipping-taxable","11":"purchasable","12":"product-type-simple"},"aioseo_notices":[],"_links":{"self":[{"href":"https:\/\/xn--kbrsglobalstore-7kcc.com\/tr\/wp-json\/wp\/v2\/product\/35676","targetHints":{"allow":["GET"]}}],"collection":[{"href":"https:\/\/xn--kbrsglobalstore-7kcc.com\/tr\/wp-json\/wp\/v2\/product"}],"about":[{"href":"https:\/\/xn--kbrsglobalstore-7kcc.com\/tr\/wp-json\/wp\/v2\/types\/product"}],"replies":[{"embeddable":true,"href":"https:\/\/xn--kbrsglobalstore-7kcc.com\/tr\/wp-json\/wp\/v2\/comments?post=35676"}],"wp:featuredmedia":[{"embeddable":true,"href":"https:\/\/xn--kbrsglobalstore-7kcc.com\/tr\/wp-json\/wp\/v2\/media\/35677"}],"wp:attachment":[{"href":"https:\/\/xn--kbrsglobalstore-7kcc.com\/tr\/wp-json\/wp\/v2\/media?parent=35676"}],"wp:term":[{"taxonomy":"product_brand","embeddable":true,"href":"https:\/\/xn--kbrsglobalstore-7kcc.com\/tr\/wp-json\/wp\/v2\/product_brand?post=35676"},{"taxonomy":"product_cat","embeddable":true,"href":"https:\/\/xn--kbrsglobalstore-7kcc.com\/tr\/wp-json\/wp\/v2\/product_cat?post=35676"},{"taxonomy":"product_tag","embeddable":true,"href":"https:\/\/xn--kbrsglobalstore-7kcc.com\/tr\/wp-json\/wp\/v2\/product_tag?post=35676"}],"curies":[{"name":"wp","href":"https:\/\/api.w.org\/{rel}","templated":true}]}}