{"id":35670,"date":"2026-01-20T12:34:17","date_gmt":"2026-01-20T12:34:17","guid":{"rendered":"https:\/\/xn--kbrsglobalstore-7kcc.com\/?post_type=product&#038;p=35670"},"modified":"2026-01-20T12:34:17","modified_gmt":"2026-01-20T12:34:17","slug":"2pcs-set-young-boys-casual-creative-personalized-fresh-minimalist-new-york-67-badge-star-stripe-letter-print-short-sleeve-t-shirt-and-shorts-set-comfortable-daily-wear-suitable-for-spring-summ","status":"publish","type":"product","link":"https:\/\/xn--kbrsglobalstore-7kcc.com\/tr\/urun\/2pcs-set-young-boys-casual-creative-personalized-fresh-minimalist-new-york-67-badge-star-stripe-letter-print-short-sleeve-t-shirt-and-shorts-set-comfortable-daily-wear-suitable-for-spring-summ\/","title":{"rendered":"2 Par\u00e7a\/Set Gen\u00e7 Erkek \u00c7ocuklar \u0130\u00e7in G\u00fcnl\u00fck, Yarat\u0131c\u0131, Ki\u015fiselle\u015ftirilmi\u015f, Minimalist, New York 67 Rozeti, Y\u0131ld\u0131z, \u00c7izgi, Harf Bask\u0131l\u0131 K\u0131sa Kollu Ti\u015f\u00f6rt ve \u015eort Tak\u0131m\u0131, Rahat G\u00fcnl\u00fck Giyim, \u0130lkbahar, Yaz ve Sonbahar \u0130\u00e7in Uygundur"},"content":{"rendered":"<div class=\"flex max-w-full flex-col grow\">\n<div class=\"min-h-8 text-message relative flex w-full flex-col items-end gap-2 text-start break-words whitespace-normal [.text-message+&amp;]:mt-1\" dir=\"auto\" data-message-author-role=\"assistant\" data-message-id=\"c57bd9c8-4919-42f8-ac3c-46345abd1eb1\" data-message-model-slug=\"gpt-5-2\">\n<div class=\"flex w-full flex-col gap-1 empty:hidden first:pt-[1px]\">\n<div class=\"markdown prose dark:prose-invert w-full break-words dark markdown-new-styling\">\n<p data-start=\"79\" data-end=\"836\" data-is-last-node=\"\" data-is-only-node=\"\" class=\"translation-block\"><strong data-start=\"79\" data-end=\"175\">2 Par\u00e7a\/Set Gen\u00e7 Erkek \u00c7ocuklar \u0130\u00e7in G\u00fcnl\u00fck Yarat\u0131c\u0131 \u201cNew York 67\u201d Bask\u0131l\u0131 K\u0131sa Kollu Ti\u015f\u00f6rt ve \u015eort Tak\u0131m\u0131<\/strong>, taze ve minimalist bir estetikle tasarlanm\u0131\u015f \u015f\u0131k ve rahat bir g\u00fcnl\u00fck k\u0131yafettir. \u201cNew York 67\u201d logosu, y\u0131ld\u0131z, \u00e7izgi ve harf bask\u0131lar\u0131n\u0131n yarat\u0131c\u0131 bir kar\u0131\u015f\u0131m\u0131yla s\u00fcslenmi\u015f k\u0131sa kollu ti\u015f\u00f6rt ve hafif, uyumlu \u015forttan olu\u015fan bu tak\u0131m, erkek \u00e7ocuklar\u0131n sevece\u011fi modern ve sportif bir g\u00f6r\u00fcn\u00fcm sunar. Yumu\u015fak, nefes alabilen kuma\u015ftan \u00fcretilmi\u015f ve rahat bir kesime sahip olan bu tak\u0131m, aktif oyunlar ve g\u00fcnl\u00fck aktiviteler i\u00e7in t\u00fcm g\u00fcn konfor ve kolay hareket imkan\u0131 sa\u011flar. \u0130lkbahar, yaz ve sonbahar aylar\u0131nda giymek i\u00e7in m\u00fckemmel olan bu \u00e7ok y\u00f6nl\u00fc iki par\u00e7al\u0131 tak\u0131m, okul, a\u00e7\u0131k hava oyunlar\u0131, g\u00fcnl\u00fck geziler ve g\u00fcnl\u00fck giyim i\u00e7in idealdir ve gen\u00e7 erkek \u00e7ocuklar i\u00e7in trend tasar\u0131m\u0131 pratik konforla birle\u015ftirir.<\/p>\n<\/div>\n<\/div>\n<\/div>\n<\/div>\n<div class=\"z-0 flex min-h-[46px] justify-start\"><\/div>\n<div class=\"border-token-border-light my-2 flex gap-10 border-t pt-4\">\n<div class=\"flex items-center justify-center overflow-hidden h-12 w-12 rounded-lg\"><\/div>\n<\/div>","protected":false},"excerpt":{"rendered":"<p>2pcs\/Set Young Boys&#8217; Casual Creative \u201cNew York 67\u201d Print Short Sleeve T-Shirt and Shorts Set is a stylish and comfortable everyday outfit designed with a fresh minimalist aesthetic. Featuring a short-sleeve T-shirt decorated with a creative mix of \u201cNew York 67\u201d badge, star, stripe, and letter prints, paired with lightweight matching shorts, this set delivers [&hellip;]<\/p>","protected":false},"featured_media":35671,"comment_status":"open","ping_status":"closed","template":"","meta":{"_monsterinsights_skip_tracking":false,"_monsterinsights_sitenote_active":false,"_monsterinsights_sitenote_note":"","_monsterinsights_sitenote_category":0},"product_brand":[],"product_cat":[113],"product_tag":[],"class_list":{"0":"post-35670","1":"product","2":"type-product","3":"status-publish","4":"has-post-thumbnail","6":"product_cat-kids-clothing","8":"first","9":"instock","10":"shipping-taxable","11":"purchasable","12":"product-type-simple"},"aioseo_notices":[],"_links":{"self":[{"href":"https:\/\/xn--kbrsglobalstore-7kcc.com\/tr\/wp-json\/wp\/v2\/product\/35670","targetHints":{"allow":["GET"]}}],"collection":[{"href":"https:\/\/xn--kbrsglobalstore-7kcc.com\/tr\/wp-json\/wp\/v2\/product"}],"about":[{"href":"https:\/\/xn--kbrsglobalstore-7kcc.com\/tr\/wp-json\/wp\/v2\/types\/product"}],"replies":[{"embeddable":true,"href":"https:\/\/xn--kbrsglobalstore-7kcc.com\/tr\/wp-json\/wp\/v2\/comments?post=35670"}],"wp:featuredmedia":[{"embeddable":true,"href":"https:\/\/xn--kbrsglobalstore-7kcc.com\/tr\/wp-json\/wp\/v2\/media\/35671"}],"wp:attachment":[{"href":"https:\/\/xn--kbrsglobalstore-7kcc.com\/tr\/wp-json\/wp\/v2\/media?parent=35670"}],"wp:term":[{"taxonomy":"product_brand","embeddable":true,"href":"https:\/\/xn--kbrsglobalstore-7kcc.com\/tr\/wp-json\/wp\/v2\/product_brand?post=35670"},{"taxonomy":"product_cat","embeddable":true,"href":"https:\/\/xn--kbrsglobalstore-7kcc.com\/tr\/wp-json\/wp\/v2\/product_cat?post=35670"},{"taxonomy":"product_tag","embeddable":true,"href":"https:\/\/xn--kbrsglobalstore-7kcc.com\/tr\/wp-json\/wp\/v2\/product_tag?post=35670"}],"curies":[{"name":"wp","href":"https:\/\/api.w.org\/{rel}","templated":true}]}}