{"id":35663,"date":"2026-01-20T12:31:50","date_gmt":"2026-01-20T12:31:50","guid":{"rendered":"https:\/\/xn--kbrsglobalstore-7kcc.com\/?post_type=product&#038;p=35663"},"modified":"2026-01-20T12:31:50","modified_gmt":"2026-01-20T12:31:50","slug":"shein-tween-girl-casual-elegant-commute-street-fashion-jacquard-striped-button-front-sleeveless-vest-top-and-straight-leg-pants-set","status":"publish","type":"product","link":"https:\/\/xn--kbrsglobalstore-7kcc.com\/tr\/urun\/shein-tween-girl-casual-elegant-commute-street-fashion-jacquard-striped-button-front-sleeveless-vest-top-and-straight-leg-pants-set\/","title":{"rendered":"SHEIN Gen\u00e7 K\u0131z \u00c7ocuklar\u0131 \u0130\u00e7in G\u00fcnl\u00fck \u015e\u0131k \u0130\u015fe Gidi\u015f-D\u00f6n\u00fc\u015f Sokak Modas\u0131 Jakarl\u0131 \u00c7izgili D\u00fc\u011fmeli Kolsuz Yelek \u00dcst ve D\u00fcz Pa\u00e7a Pantolon Tak\u0131m\u0131"},"content":{"rendered":"<div class=\"flex max-w-full flex-col grow\">\n<div class=\"min-h-8 text-message relative flex w-full flex-col items-end gap-2 text-start break-words whitespace-normal [.text-message+&amp;]:mt-1\" dir=\"auto\" data-message-author-role=\"assistant\" data-message-id=\"3ca8874b-4f86-4417-b6ef-60d17849427f\" data-message-model-slug=\"gpt-5-2\">\n<div class=\"flex w-full flex-col gap-1 empty:hidden first:pt-[1px]\">\n<div class=\"markdown prose dark:prose-invert w-full break-words dark markdown-new-styling\">\n<p data-start=\"77\" data-end=\"788\" data-is-last-node=\"\" data-is-only-node=\"\" class=\"translation-block\"><strong data-start=\"77\" data-end=\"154\">SHEIN Gen\u00e7 K\u0131z \u00c7ocuklar\u0131 \u0130\u00e7in \u015e\u0131k ve Rahat Giyim Jakarl\u0131 \u00c7izgili Yelek ve Pantolon Tak\u0131m\u0131<\/strong>, sokak modas\u0131n\u0131 zarif g\u00fcnl\u00fck \u015f\u0131kl\u0131kla harmanlamak \u00fczere tasarlanm\u0131\u015f \u015f\u0131k ve modern iki par\u00e7al\u0131 bir k\u0131yafet setidir. Set, d\u00fc\u011fmeli \u00f6n tasar\u0131ma sahip kolsuz jakarl\u0131 \u00e7izgili yelek \u00fcst\u00fc ile zarif ve trend bir g\u00f6r\u00fcn\u00fcm sunarken, klasik d\u00fcz pa\u00e7al\u0131 pantolon da \u015f\u0131k ve v\u00fccuda oturan bir sil\u00fcet olu\u015fturur. Rahat ve nefes alabilen kuma\u015ftan \u00fcretilen bu set, g\u00fcn boyu rahat kullan\u0131m sa\u011flarken, d\u00fczenli ve derli toplu bir g\u00f6r\u00fcn\u00fcm sunar. Okul, g\u00fcnl\u00fck geziler, i\u015fe gidip gelme, aile toplant\u0131lar\u0131 ve hafta sonu giyimi i\u00e7in m\u00fckemmel olan bu \u00e7ok y\u00f6nl\u00fc set, gen\u00e7 k\u0131zlar\u0131n rahat ve kendinden emin kal\u0131rken zahmetsizce \u015f\u0131k g\u00f6r\u00fcnmelerini sa\u011flar.<\/p>\n<\/div>\n<\/div>\n<\/div>\n<\/div>\n<div class=\"z-0 flex min-h-[46px] justify-start\"><\/div>\n<div class=\"border-token-border-light my-2 flex gap-10 border-t pt-4\">\n<div class=\"flex items-center justify-center overflow-hidden h-12 w-12 rounded-lg\"><\/div>\n<\/div>","protected":false},"excerpt":{"rendered":"<p>SHEIN Tween Girl Casual Elegant Commute Jacquard Striped Vest &amp; Pants Set is a stylish and modern two-piece outfit designed to blend street fashion with polished casual elegance. The set features a sleeveless jacquard-striped vest top with a button-front design, offering a refined yet trendy look, paired with classic straight-leg pants that create a sleek [&hellip;]<\/p>","protected":false},"featured_media":35664,"comment_status":"open","ping_status":"closed","template":"","meta":{"_monsterinsights_skip_tracking":false,"_monsterinsights_sitenote_active":false,"_monsterinsights_sitenote_note":"","_monsterinsights_sitenote_category":0},"product_brand":[],"product_cat":[113],"product_tag":[],"class_list":{"0":"post-35663","1":"product","2":"type-product","3":"status-publish","4":"has-post-thumbnail","6":"product_cat-kids-clothing","8":"first","9":"instock","10":"shipping-taxable","11":"purchasable","12":"product-type-simple"},"aioseo_notices":[],"_links":{"self":[{"href":"https:\/\/xn--kbrsglobalstore-7kcc.com\/tr\/wp-json\/wp\/v2\/product\/35663","targetHints":{"allow":["GET"]}}],"collection":[{"href":"https:\/\/xn--kbrsglobalstore-7kcc.com\/tr\/wp-json\/wp\/v2\/product"}],"about":[{"href":"https:\/\/xn--kbrsglobalstore-7kcc.com\/tr\/wp-json\/wp\/v2\/types\/product"}],"replies":[{"embeddable":true,"href":"https:\/\/xn--kbrsglobalstore-7kcc.com\/tr\/wp-json\/wp\/v2\/comments?post=35663"}],"wp:featuredmedia":[{"embeddable":true,"href":"https:\/\/xn--kbrsglobalstore-7kcc.com\/tr\/wp-json\/wp\/v2\/media\/35664"}],"wp:attachment":[{"href":"https:\/\/xn--kbrsglobalstore-7kcc.com\/tr\/wp-json\/wp\/v2\/media?parent=35663"}],"wp:term":[{"taxonomy":"product_brand","embeddable":true,"href":"https:\/\/xn--kbrsglobalstore-7kcc.com\/tr\/wp-json\/wp\/v2\/product_brand?post=35663"},{"taxonomy":"product_cat","embeddable":true,"href":"https:\/\/xn--kbrsglobalstore-7kcc.com\/tr\/wp-json\/wp\/v2\/product_cat?post=35663"},{"taxonomy":"product_tag","embeddable":true,"href":"https:\/\/xn--kbrsglobalstore-7kcc.com\/tr\/wp-json\/wp\/v2\/product_tag?post=35663"}],"curies":[{"name":"wp","href":"https:\/\/api.w.org\/{rel}","templated":true}]}}