{"id":35657,"date":"2026-01-20T12:29:49","date_gmt":"2026-01-20T12:29:49","guid":{"rendered":"https:\/\/xn--kbrsglobalstore-7kcc.com\/?post_type=product&#038;p=35657"},"modified":"2026-01-20T12:29:49","modified_gmt":"2026-01-20T12:29:49","slug":"dazy-young-boy-casual-cartoon-print-t-shirt-and-striped-pants-set-summer","status":"publish","type":"product","link":"https:\/\/xn--kbrsglobalstore-7kcc.com\/tr\/urun\/dazy-young-boy-casual-cartoon-print-t-shirt-and-striped-pants-set-summer\/","title":{"rendered":"DAZY Gen\u00e7 Erkek \u00c7ocuk G\u00fcnl\u00fck \u00c7izgi Film Bask\u0131l\u0131 Ti\u015f\u00f6rt ve \u00c7izgili Pantolon Tak\u0131m\u0131, Yazl\u0131k"},"content":{"rendered":"<div class=\"flex max-w-full flex-col grow\">\n<div class=\"min-h-8 text-message relative flex w-full flex-col items-end gap-2 text-start break-words whitespace-normal [.text-message+&amp;]:mt-1\" dir=\"auto\" data-message-author-role=\"assistant\" data-message-id=\"89bd2f08-c429-4b0f-99c5-3ce5803e6c72\" data-message-model-slug=\"gpt-5-2\">\n<div class=\"flex w-full flex-col gap-1 empty:hidden first:pt-[1px]\">\n<div class=\"markdown prose dark:prose-invert w-full break-words dark markdown-new-styling\">\n<p data-start=\"78\" data-end=\"687\" data-is-last-node=\"\" data-is-only-node=\"\" class=\"translation-block\"><strong data-start=\"78\" data-end=\"147\">DAZY Gen\u00e7 Erkek \u00c7ocuk G\u00fcnl\u00fck \u00c7izgi Film Bask\u0131l\u0131 Ti\u015f\u00f6rt ve \u00c7izgili Pantolon Tak\u0131m\u0131<\/strong>, aktif g\u00fcnl\u00fck kullan\u0131m i\u00e7in tasarlanm\u0131\u015f e\u011flenceli ve rahat bir yaz k\u0131yafetidir. \u015e\u0131k \u00e7izgili pantolonla e\u015fle\u015ftirilmi\u015f ne\u015feli bir \u00e7izgi film bask\u0131l\u0131 ti\u015f\u00f6rt i\u00e7eren bu tak\u0131m, erkek \u00e7ocuklar\u0131n sevece\u011fi ne\u015feli ve modern bir g\u00fcnl\u00fck g\u00f6r\u00fcn\u00fcm sunar. Yumu\u015fak, hafif ve nefes alabilen kuma\u015ftan \u00fcretilmi\u015f ve rahat bir kesime sahip olan bu tak\u0131m, oyun, okul ve a\u00e7\u0131k hava aktiviteleri i\u00e7in t\u00fcm g\u00fcn konfor ve kolay hareket imkan\u0131 sa\u011flar. G\u00fcnl\u00fck kullan\u0131m, park gezileri, aile gezileri ve yaz tatilleri i\u00e7in m\u00fckemmel olan bu iki par\u00e7al\u0131 tak\u0131m, gen\u00e7 erkek \u00e7ocuklar i\u00e7in konforu, \u015firinli\u011fi ve zahmetsiz stili bir araya getiriyor.<\/p>\n<\/div>\n<\/div>\n<\/div>\n<\/div>\n<div class=\"z-0 flex min-h-[46px] justify-start\"><\/div>\n<div class=\"border-token-border-light my-2 flex gap-10 border-t pt-4\">\n<div class=\"flex items-center justify-center overflow-hidden h-12 w-12 rounded-lg\"><\/div>\n<\/div>","protected":false},"excerpt":{"rendered":"<p>DAZY Young Boy Casual Cartoon Print T-Shirt and Striped Pants Set is a fun and comfortable summer outfit designed for active everyday wear. Featuring a playful cartoon print T-shirt paired with stylish striped pants, this set delivers a cheerful and modern casual look that boys will love. Crafted from soft, lightweight, and breathable fabric with [&hellip;]<\/p>","protected":false},"featured_media":35658,"comment_status":"open","ping_status":"closed","template":"","meta":{"_monsterinsights_skip_tracking":false,"_monsterinsights_sitenote_active":false,"_monsterinsights_sitenote_note":"","_monsterinsights_sitenote_category":0},"product_brand":[],"product_cat":[113],"product_tag":[],"class_list":{"0":"post-35657","1":"product","2":"type-product","3":"status-publish","4":"has-post-thumbnail","6":"product_cat-kids-clothing","8":"first","9":"instock","10":"shipping-taxable","11":"purchasable","12":"product-type-simple"},"aioseo_notices":[],"_links":{"self":[{"href":"https:\/\/xn--kbrsglobalstore-7kcc.com\/tr\/wp-json\/wp\/v2\/product\/35657","targetHints":{"allow":["GET"]}}],"collection":[{"href":"https:\/\/xn--kbrsglobalstore-7kcc.com\/tr\/wp-json\/wp\/v2\/product"}],"about":[{"href":"https:\/\/xn--kbrsglobalstore-7kcc.com\/tr\/wp-json\/wp\/v2\/types\/product"}],"replies":[{"embeddable":true,"href":"https:\/\/xn--kbrsglobalstore-7kcc.com\/tr\/wp-json\/wp\/v2\/comments?post=35657"}],"wp:featuredmedia":[{"embeddable":true,"href":"https:\/\/xn--kbrsglobalstore-7kcc.com\/tr\/wp-json\/wp\/v2\/media\/35658"}],"wp:attachment":[{"href":"https:\/\/xn--kbrsglobalstore-7kcc.com\/tr\/wp-json\/wp\/v2\/media?parent=35657"}],"wp:term":[{"taxonomy":"product_brand","embeddable":true,"href":"https:\/\/xn--kbrsglobalstore-7kcc.com\/tr\/wp-json\/wp\/v2\/product_brand?post=35657"},{"taxonomy":"product_cat","embeddable":true,"href":"https:\/\/xn--kbrsglobalstore-7kcc.com\/tr\/wp-json\/wp\/v2\/product_cat?post=35657"},{"taxonomy":"product_tag","embeddable":true,"href":"https:\/\/xn--kbrsglobalstore-7kcc.com\/tr\/wp-json\/wp\/v2\/product_tag?post=35657"}],"curies":[{"name":"wp","href":"https:\/\/api.w.org\/{rel}","templated":true}]}}