{"id":35649,"date":"2026-01-20T12:27:16","date_gmt":"2026-01-20T12:27:16","guid":{"rendered":"https:\/\/xn--kbrsglobalstore-7kcc.com\/?post_type=product&#038;p=35649"},"modified":"2026-01-20T12:27:16","modified_gmt":"2026-01-20T12:27:16","slug":"girls-teens-elegant-vintage-chic-sweet-cute-bow-collar-sleeveless-pleated-asymmetric-hem-black-white-casual-fashion-a-line-dress-suitable-for-holidays-vacation-travel-back-to-school-commute","status":"publish","type":"product","link":"https:\/\/xn--kbrsglobalstore-7kcc.com\/tr\/urun\/girls-teens-elegant-vintage-chic-sweet-cute-bow-collar-sleeveless-pleated-asymmetric-hem-black-white-casual-fashion-a-line-dress-suitable-for-holidays-vacation-travel-back-to-school-commute\/","title":{"rendered":"K\u0131z ve Gen\u00e7 K\u0131zlar \u0130\u00e7in Zarif, Vintage \u015e\u0131k, \u015eirin, Fiyonklu Yakal\u0131, Kolsuz, Pileli, Asimetrik Etekli, Siyah Beyaz G\u00fcnl\u00fck Moda A Kesim Elbise; Tatiller, Seyahatler, Okula D\u00f6n\u00fc\u015f, \u0130\u015fe Gidip Gelme, \u0130lkbahar\/Yaz \u0130\u00e7in Uygundur."},"content":{"rendered":"<div class=\"flex max-w-full flex-col grow\">\n<div class=\"min-h-8 text-message relative flex w-full flex-col items-end gap-2 text-start break-words whitespace-normal [.text-message+&amp;]:mt-1\" dir=\"auto\" data-message-author-role=\"assistant\" data-message-id=\"58487bec-9888-4ac9-8418-babaaa00782c\" data-message-model-slug=\"gpt-5-2\">\n<div class=\"flex w-full flex-col gap-1 empty:hidden first:pt-[1px]\">\n<div class=\"markdown prose dark:prose-invert w-full break-words dark markdown-new-styling\">\n<p data-start=\"74\" data-end=\"728\" data-is-last-node=\"\" data-is-only-node=\"\" class=\"translation-block\"><strong data-start=\"74\" data-end=\"148\">K\u0131zlar ve Gen\u00e7ler \u0130\u00e7in Zarif Vintage \u015e\u0131k Fiyonklu Yaka Kolsuz A Kesim Elbise<\/strong>, klasik zarafet ve modern g\u00fcnl\u00fck modan\u0131n b\u00fcy\u00fcleyici bir kar\u0131\u015f\u0131m\u0131d\u0131r. \u015eirin bir fiyonklu yakaya, kolsuz sil\u00fcete ve g\u00fczelce pileli detaylara sahip bu siyah-beyaz elbise, rafine ancak e\u011flenceli, vintage esintili bir g\u00f6r\u00fcn\u00fcm sunuyor. Asimetrik etek ucu \u015f\u0131k bir \u00e7a\u011fda\u015f dokunu\u015f katarken, v\u00fccuda oturan A kesim \u015fekli rahatl\u0131k ve zarif hareket sa\u011flar. Tatiller, aile toplant\u0131lar\u0131, partiler, seyahat ve \u00f6zel g\u00fcnler i\u00e7in m\u00fckemmel olan bu \u00e7ok y\u00f6nl\u00fc elbise, zarif moday\u0131 seven k\u0131zlar ve gen\u00e7ler i\u00e7in zamans\u0131z, \u015f\u0131k ve zahmetsizce sevimli bir stil sunuyor.<\/p>\n<\/div>\n<\/div>\n<\/div>\n<\/div>\n<div class=\"z-0 flex min-h-[46px] justify-start\"><\/div>\n<div class=\"border-token-border-light my-2 flex gap-10 border-t pt-4\">\n<div class=\"flex items-center justify-center overflow-hidden h-12 w-12 rounded-lg\"><\/div>\n<\/div>","protected":false},"excerpt":{"rendered":"<p>Girls &amp; Teens&#8217; Elegant Vintage Chic Bow Collar Sleeveless A-Line Dress is a charming blend of classic sophistication and modern casual fashion. Featuring a sweet bow-adorned collar, a sleeveless silhouette, and beautifully pleated detailing, this black-and-white dress delivers a refined yet playful vintage-inspired look. The asymmetric hem adds a stylish contemporary twist, while the flattering [&hellip;]<\/p>","protected":false},"featured_media":35650,"comment_status":"open","ping_status":"closed","template":"","meta":{"_monsterinsights_skip_tracking":false,"_monsterinsights_sitenote_active":false,"_monsterinsights_sitenote_note":"","_monsterinsights_sitenote_category":0},"product_brand":[],"product_cat":[113],"product_tag":[],"class_list":{"0":"post-35649","1":"product","2":"type-product","3":"status-publish","4":"has-post-thumbnail","6":"product_cat-kids-clothing","8":"first","9":"instock","10":"shipping-taxable","11":"purchasable","12":"product-type-simple"},"aioseo_notices":[],"_links":{"self":[{"href":"https:\/\/xn--kbrsglobalstore-7kcc.com\/tr\/wp-json\/wp\/v2\/product\/35649","targetHints":{"allow":["GET"]}}],"collection":[{"href":"https:\/\/xn--kbrsglobalstore-7kcc.com\/tr\/wp-json\/wp\/v2\/product"}],"about":[{"href":"https:\/\/xn--kbrsglobalstore-7kcc.com\/tr\/wp-json\/wp\/v2\/types\/product"}],"replies":[{"embeddable":true,"href":"https:\/\/xn--kbrsglobalstore-7kcc.com\/tr\/wp-json\/wp\/v2\/comments?post=35649"}],"wp:featuredmedia":[{"embeddable":true,"href":"https:\/\/xn--kbrsglobalstore-7kcc.com\/tr\/wp-json\/wp\/v2\/media\/35650"}],"wp:attachment":[{"href":"https:\/\/xn--kbrsglobalstore-7kcc.com\/tr\/wp-json\/wp\/v2\/media?parent=35649"}],"wp:term":[{"taxonomy":"product_brand","embeddable":true,"href":"https:\/\/xn--kbrsglobalstore-7kcc.com\/tr\/wp-json\/wp\/v2\/product_brand?post=35649"},{"taxonomy":"product_cat","embeddable":true,"href":"https:\/\/xn--kbrsglobalstore-7kcc.com\/tr\/wp-json\/wp\/v2\/product_cat?post=35649"},{"taxonomy":"product_tag","embeddable":true,"href":"https:\/\/xn--kbrsglobalstore-7kcc.com\/tr\/wp-json\/wp\/v2\/product_tag?post=35649"}],"curies":[{"name":"wp","href":"https:\/\/api.w.org\/{rel}","templated":true}]}}