{"id":35643,"date":"2026-01-20T12:24:59","date_gmt":"2026-01-20T12:24:59","guid":{"rendered":"https:\/\/xn--kbrsglobalstore-7kcc.com\/?post_type=product&#038;p=35643"},"modified":"2026-01-20T12:25:00","modified_gmt":"2026-01-20T12:25:00","slug":"shein-2pcs-set-vintage-floral-graphic-casual-round-neck-short-sleeve-t-shirt-and-shorts-set-suitable-for-young-girls-daily-wear-homewear-school-spring-summer","status":"publish","type":"product","link":"https:\/\/xn--kbrsglobalstore-7kcc.com\/tr\/urun\/shein-2pcs-set-vintage-floral-graphic-casual-round-neck-short-sleeve-t-shirt-and-shorts-set-suitable-for-young-girls-daily-wear-homewear-school-spring-summer\/","title":{"rendered":"SHEIN 2 Par\u00e7a\/Set Vintage \u00c7i\u00e7ek Desenli G\u00fcnl\u00fck Yuvarlak Yaka K\u0131sa Kollu Ti\u015f\u00f6rt ve \u015eort Tak\u0131m\u0131, Gen\u00e7 K\u0131zlar\u0131n G\u00fcnl\u00fck Giyimi, Ev Giyimi, Okul, \u0130lkbahar ve Yaz \u0130\u00e7in Uygundur"},"content":{"rendered":"<p class=\"translation-block\"><strong data-start=\"80\" data-end=\"175\">SHEIN 2 Par\u00e7a\/Set Vintage \u00c7i\u00e7ek Desenli G\u00fcnl\u00fck Yuvarlak Yaka K\u0131sa Kollu Ti\u015f\u00f6rt ve \u015eort Tak\u0131m\u0131<\/strong>, g\u00fcnl\u00fck ilkbahar ve yaz giyimi i\u00e7in tasarlanm\u0131\u015f \u015f\u0131k ve rahat bir k\u0131yafet setidir. Set, b\u00fcy\u00fcleyici vintage \u00e7i\u00e7ek desenli klasik yuvarlak yaka k\u0131sa kollu bir ti\u015f\u00f6rt ve rahat ve uyumlu bir g\u00f6r\u00fcn\u00fcm i\u00e7in hafif, uyumlu \u015forttan olu\u015fmaktad\u0131r. Yumu\u015fak, nefes alabilen kuma\u015ftan \u00fcretilmi\u015f ve rahat bir kesime sahip olan bu set, g\u00fcn boyu hareket kolayl\u0131\u011f\u0131 ve konfor sa\u011flar. G\u00fcnl\u00fck giyim, ev giyimi, okul, oyun zaman\u0131 ve g\u00fcndelik geziler i\u00e7in m\u00fckemmel olan bu iki par\u00e7al\u0131 set, gen\u00e7 k\u0131zlar i\u00e7in zamans\u0131z \u00e7i\u00e7ek stilini modern konforla birle\u015ftiriyor.<\/p>","protected":false},"excerpt":{"rendered":"<p>SHEIN 2pcs\/Set Vintage Floral Graphic Casual Round Neck Short Sleeve T-Shirt and Shorts Set is a stylish and comfortable outfit designed for everyday spring and summer wear. The set features a classic round-neck short-sleeve T-shirt with a charming vintage floral graphic, paired with lightweight matching shorts for a relaxed and coordinated look. Crafted from soft, [&hellip;]<\/p>","protected":false},"featured_media":35644,"comment_status":"open","ping_status":"closed","template":"","meta":{"_monsterinsights_skip_tracking":false,"_monsterinsights_sitenote_active":false,"_monsterinsights_sitenote_note":"","_monsterinsights_sitenote_category":0},"product_brand":[],"product_cat":[113],"product_tag":[],"class_list":{"0":"post-35643","1":"product","2":"type-product","3":"status-publish","4":"has-post-thumbnail","6":"product_cat-kids-clothing","8":"first","9":"instock","10":"shipping-taxable","11":"purchasable","12":"product-type-simple"},"aioseo_notices":[],"_links":{"self":[{"href":"https:\/\/xn--kbrsglobalstore-7kcc.com\/tr\/wp-json\/wp\/v2\/product\/35643","targetHints":{"allow":["GET"]}}],"collection":[{"href":"https:\/\/xn--kbrsglobalstore-7kcc.com\/tr\/wp-json\/wp\/v2\/product"}],"about":[{"href":"https:\/\/xn--kbrsglobalstore-7kcc.com\/tr\/wp-json\/wp\/v2\/types\/product"}],"replies":[{"embeddable":true,"href":"https:\/\/xn--kbrsglobalstore-7kcc.com\/tr\/wp-json\/wp\/v2\/comments?post=35643"}],"wp:featuredmedia":[{"embeddable":true,"href":"https:\/\/xn--kbrsglobalstore-7kcc.com\/tr\/wp-json\/wp\/v2\/media\/35644"}],"wp:attachment":[{"href":"https:\/\/xn--kbrsglobalstore-7kcc.com\/tr\/wp-json\/wp\/v2\/media?parent=35643"}],"wp:term":[{"taxonomy":"product_brand","embeddable":true,"href":"https:\/\/xn--kbrsglobalstore-7kcc.com\/tr\/wp-json\/wp\/v2\/product_brand?post=35643"},{"taxonomy":"product_cat","embeddable":true,"href":"https:\/\/xn--kbrsglobalstore-7kcc.com\/tr\/wp-json\/wp\/v2\/product_cat?post=35643"},{"taxonomy":"product_tag","embeddable":true,"href":"https:\/\/xn--kbrsglobalstore-7kcc.com\/tr\/wp-json\/wp\/v2\/product_tag?post=35643"}],"curies":[{"name":"wp","href":"https:\/\/api.w.org\/{rel}","templated":true}]}}