{"id":35637,"date":"2026-01-20T12:22:56","date_gmt":"2026-01-20T12:22:56","guid":{"rendered":"https:\/\/xn--kbrsglobalstore-7kcc.com\/?post_type=product&#038;p=35637"},"modified":"2026-01-20T12:22:56","modified_gmt":"2026-01-20T12:22:56","slug":"tween-girls-spring-and-summer-casual-fashion-creative-personalized-fresh-minimalist-line-heart-graphic-print-relaxed-basic-short-t-shirt-and-straight-leg-pants-set-comfortable-daily-wear-cozy-summer","status":"publish","type":"product","link":"https:\/\/xn--kbrsglobalstore-7kcc.com\/tr\/urun\/tween-girls-spring-and-summer-casual-fashion-creative-personalized-fresh-minimalist-line-heart-graphic-print-relaxed-basic-short-t-shirt-and-straight-leg-pants-set-comfortable-daily-wear-cozy-summer\/","title":{"rendered":"Gen\u00e7 K\u0131zlar \u0130\u00e7in \u0130lkbahar ve Yaz G\u00fcnl\u00fck Moda, Yarat\u0131c\u0131, Ki\u015fiselle\u015ftirilmi\u015f, Taze, Minimalist \u00c7izgili, Kalp Grafik Bask\u0131l\u0131, Rahat, Temel K\u0131sa Ti\u015f\u00f6rt ve D\u00fcz Pa\u00e7a Pantolon Tak\u0131m\u0131, Konforlu G\u00fcnl\u00fck Giyim, Yaz ve Sonbahar \u0130\u00e7in Uygun, \u0130lkbahar, Yaz ve Sonbaharda K\u0131z \u00c7ocuklar\u0131 \u0130\u00e7in K\u0131rm\u0131z\u0131 Tak\u0131m, Gen\u00e7ler \u0130\u00e7in K\u0131rm\u0131z\u0131 K\u0131yafetler, K\u0131rm\u0131z\u0131 \u00c7ocuk K\u0131yafeti, K\u0131rm\u0131z\u0131 K\u0131z \u00c7ocuk K\u0131yafeti"},"content":{"rendered":"<p class=\"translation-block\"><strong data-start=\"79\" data-end=\"181\">Gen\u00e7 K\u0131zlar \u0130\u00e7in \u0130lkbahar ve Yaz G\u00fcnl\u00fck Giyim Kalp Desenli Ti\u015f\u00f6rt ve D\u00fcz Pa\u00e7a Pantolon Tak\u0131m\u0131<\/strong>, rahatl\u0131k ve modern minimalist moda i\u00e7in tasarlanm\u0131\u015f, taze ve \u015f\u0131k bir g\u00fcnl\u00fck k\u0131yafet. Yarat\u0131c\u0131 kalp desenli bask\u0131l\u0131 rahat k\u0131sa kollu ti\u015f\u00f6rt, ne\u015feli ve \u00e7a\u011fda\u015f bir his veren, zarif ama ki\u015fiselle\u015ftirilmi\u015f bir estetik sunuyor. Klasik d\u00fcz pa\u00e7a pantolonla e\u015fle\u015ftirilen tak\u0131m, hem \u015f\u0131k hem de giymesi kolay, temiz ve dengeli bir sil\u00fcet sunuyor. Hafif ve nefes alabilen kuma\u015ftan \u00fcretilen bu tak\u0131m, s\u0131cak ilkbahar ve yaz g\u00fcnlerinde t\u00fcm g\u00fcn konfor sa\u011fl\u0131yor. Okul, geziler, g\u00fcndelik bulu\u015fmalar, seyahat ve g\u00fcnl\u00fck giyim i\u00e7in m\u00fckemmel olan bu \u00e7ok y\u00f6nl\u00fc iki par\u00e7al\u0131 tak\u0131m, gen\u00e7 k\u0131zlar i\u00e7in zahmetsiz stil, rahatl\u0131k ve gen\u00e7lik cazibesini bir araya getiriyor.<\/p>","protected":false},"excerpt":{"rendered":"<p>Tween Girls Spring and Summer Casual Fashion Line Heart Graphic T-Shirt and Straight Leg Pants Set is a fresh and stylish everyday outfit designed for comfort and modern minimalist fashion. Featuring a relaxed short-sleeve T-shirt with a creative line heart graphic print, this top delivers a subtle yet personalized aesthetic that feels playful and contemporary. [&hellip;]<\/p>","protected":false},"featured_media":35638,"comment_status":"open","ping_status":"closed","template":"","meta":{"_monsterinsights_skip_tracking":false,"_monsterinsights_sitenote_active":false,"_monsterinsights_sitenote_note":"","_monsterinsights_sitenote_category":0},"product_brand":[],"product_cat":[113],"product_tag":[],"class_list":{"0":"post-35637","1":"product","2":"type-product","3":"status-publish","4":"has-post-thumbnail","6":"product_cat-kids-clothing","8":"first","9":"instock","10":"shipping-taxable","11":"purchasable","12":"product-type-simple"},"aioseo_notices":[],"_links":{"self":[{"href":"https:\/\/xn--kbrsglobalstore-7kcc.com\/tr\/wp-json\/wp\/v2\/product\/35637","targetHints":{"allow":["GET"]}}],"collection":[{"href":"https:\/\/xn--kbrsglobalstore-7kcc.com\/tr\/wp-json\/wp\/v2\/product"}],"about":[{"href":"https:\/\/xn--kbrsglobalstore-7kcc.com\/tr\/wp-json\/wp\/v2\/types\/product"}],"replies":[{"embeddable":true,"href":"https:\/\/xn--kbrsglobalstore-7kcc.com\/tr\/wp-json\/wp\/v2\/comments?post=35637"}],"wp:featuredmedia":[{"embeddable":true,"href":"https:\/\/xn--kbrsglobalstore-7kcc.com\/tr\/wp-json\/wp\/v2\/media\/35638"}],"wp:attachment":[{"href":"https:\/\/xn--kbrsglobalstore-7kcc.com\/tr\/wp-json\/wp\/v2\/media?parent=35637"}],"wp:term":[{"taxonomy":"product_brand","embeddable":true,"href":"https:\/\/xn--kbrsglobalstore-7kcc.com\/tr\/wp-json\/wp\/v2\/product_brand?post=35637"},{"taxonomy":"product_cat","embeddable":true,"href":"https:\/\/xn--kbrsglobalstore-7kcc.com\/tr\/wp-json\/wp\/v2\/product_cat?post=35637"},{"taxonomy":"product_tag","embeddable":true,"href":"https:\/\/xn--kbrsglobalstore-7kcc.com\/tr\/wp-json\/wp\/v2\/product_tag?post=35637"}],"curies":[{"name":"wp","href":"https:\/\/api.w.org\/{rel}","templated":true}]}}