{"id":35630,"date":"2026-01-20T12:20:27","date_gmt":"2026-01-20T12:20:27","guid":{"rendered":"https:\/\/xn--kbrsglobalstore-7kcc.com\/?post_type=product&#038;p=35630"},"modified":"2026-01-20T12:20:28","modified_gmt":"2026-01-20T12:20:28","slug":"shein-tween-girl-casual-minimalist-comfortable-polo-collar-color-block-t-shirt-and-pants-set-school-uniforms-girl-navy-blue-color-block-t-shirt-and-pants","status":"publish","type":"product","link":"https:\/\/xn--kbrsglobalstore-7kcc.com\/tr\/urun\/shein-tween-girl-casual-minimalist-comfortable-polo-collar-color-block-t-shirt-and-pants-set-school-uniforms-girl-navy-blue-color-block-t-shirt-and-pants\/","title":{"rendered":"SHEIN Gen\u00e7 K\u0131z \u00c7ocuklar\u0131 \u0130\u00e7in G\u00fcnl\u00fck Minimalist Rahat Polo Yaka Renk Bloklu Ti\u015f\u00f6rt ve Pantolon Tak\u0131m\u0131 Okul \u00dcniformas\u0131 K\u0131z \u00c7ocuk Lacivert Renk Bloklu Ti\u015f\u00f6rt ve Pantolon"},"content":{"rendered":"<div class=\"flex max-w-full flex-col grow\">\n<div class=\"min-h-8 text-message relative flex w-full flex-col items-end gap-2 text-start break-words whitespace-normal [.text-message+&amp;]:mt-1\" dir=\"auto\" data-message-author-role=\"assistant\" data-message-id=\"d4c936d9-dfd4-4bb5-ab6e-632312b5d985\" data-message-model-slug=\"gpt-5-2\">\n<div class=\"flex w-full flex-col gap-1 empty:hidden first:pt-[1px]\">\n<div class=\"markdown prose dark:prose-invert w-full break-words dark markdown-new-styling\">\n<p data-start=\"79\" data-end=\"763\" data-is-last-node=\"\" data-is-only-node=\"\" class=\"translation-block\"><strong data-start=\"79\" data-end=\"163\">SHEIN Gen\u00e7 K\u0131z \u00c7ocuklar\u0131 \u0130\u00e7in G\u00fcnl\u00fck Minimalist Polo Yaka Renk Bloklu Ti\u015f\u00f6rt ve Pantolon Tak\u0131m\u0131<\/strong>, g\u00fcnl\u00fck kullan\u0131m i\u00e7in tasarlanm\u0131\u015f rahat ve \u015f\u0131k bir okul k\u0131yafetidir. Bu tak\u0131m, klasik polo yakal\u0131 lacivert renk bloklu k\u0131sa kollu bir ti\u015f\u00f6rt ve ona uygun g\u00fcnl\u00fck pantolondan olu\u015farak derli toplu ve uyumlu bir g\u00f6r\u00fcn\u00fcm sunar. Yumu\u015fak, nefes alabilen kuma\u015ftan \u00fcretilen ve rahat bir kesime sahip olan bu tak\u0131m, okul, aktiviteler ve g\u00fcnl\u00fck geziler i\u00e7in g\u00fcn boyu konfor ve kolay hareket imkan\u0131 sa\u011flar. Sade, minimalist tasar\u0131m\u0131 ve \u015f\u0131k g\u00f6r\u00fcn\u00fcm\u00fcyle bu iki par\u00e7al\u0131 tak\u0131m, gen\u00e7 k\u0131zlar\u0131n kendinden emin ve derli toplu g\u00f6r\u00fcnmelerini sa\u011flarken, geleneksel okul \u00fcniformalar\u0131na pratik ve modaya uygun bir alternatif sunar.<\/p>\n<\/div>\n<\/div>\n<\/div>\n<\/div>\n<div class=\"z-0 flex min-h-[46px] justify-start\"><\/div>\n<div class=\"border-token-border-light my-2 flex gap-10 border-t pt-4\">\n<div class=\"flex items-center justify-center overflow-hidden h-12 w-12 rounded-lg\"><\/div>\n<\/div>","protected":false},"excerpt":{"rendered":"<p>SHEIN Tween Girl Casual Minimalist Polo Collar Color Block T-Shirt and Pants Set is a comfortable and stylish school-ready outfit designed for everyday wear. This set features a navy blue color block short-sleeve T-shirt with a classic polo collar, paired with matching casual pants for a neat and coordinated look. Crafted from soft, breathable fabric [&hellip;]<\/p>","protected":false},"featured_media":35636,"comment_status":"open","ping_status":"closed","template":"","meta":{"_monsterinsights_skip_tracking":false,"_monsterinsights_sitenote_active":false,"_monsterinsights_sitenote_note":"","_monsterinsights_sitenote_category":0},"product_brand":[],"product_cat":[113],"product_tag":[],"class_list":{"0":"post-35630","1":"product","2":"type-product","3":"status-publish","4":"has-post-thumbnail","6":"product_cat-kids-clothing","8":"first","9":"instock","10":"shipping-taxable","11":"purchasable","12":"product-type-simple"},"aioseo_notices":[],"_links":{"self":[{"href":"https:\/\/xn--kbrsglobalstore-7kcc.com\/tr\/wp-json\/wp\/v2\/product\/35630","targetHints":{"allow":["GET"]}}],"collection":[{"href":"https:\/\/xn--kbrsglobalstore-7kcc.com\/tr\/wp-json\/wp\/v2\/product"}],"about":[{"href":"https:\/\/xn--kbrsglobalstore-7kcc.com\/tr\/wp-json\/wp\/v2\/types\/product"}],"replies":[{"embeddable":true,"href":"https:\/\/xn--kbrsglobalstore-7kcc.com\/tr\/wp-json\/wp\/v2\/comments?post=35630"}],"wp:featuredmedia":[{"embeddable":true,"href":"https:\/\/xn--kbrsglobalstore-7kcc.com\/tr\/wp-json\/wp\/v2\/media\/35636"}],"wp:attachment":[{"href":"https:\/\/xn--kbrsglobalstore-7kcc.com\/tr\/wp-json\/wp\/v2\/media?parent=35630"}],"wp:term":[{"taxonomy":"product_brand","embeddable":true,"href":"https:\/\/xn--kbrsglobalstore-7kcc.com\/tr\/wp-json\/wp\/v2\/product_brand?post=35630"},{"taxonomy":"product_cat","embeddable":true,"href":"https:\/\/xn--kbrsglobalstore-7kcc.com\/tr\/wp-json\/wp\/v2\/product_cat?post=35630"},{"taxonomy":"product_tag","embeddable":true,"href":"https:\/\/xn--kbrsglobalstore-7kcc.com\/tr\/wp-json\/wp\/v2\/product_tag?post=35630"}],"curies":[{"name":"wp","href":"https:\/\/api.w.org\/{rel}","templated":true}]}}