{"id":35624,"date":"2026-01-20T12:17:46","date_gmt":"2026-01-20T12:17:46","guid":{"rendered":"https:\/\/xn--kbrsglobalstore-7kcc.com\/?post_type=product&#038;p=35624"},"modified":"2026-01-20T12:17:46","modified_gmt":"2026-01-20T12:17:46","slug":"2pcs-set-young-boys-casual-fashion-creative-personalized-refreshing-minimalist-style-letter-slogan-graphic-print-short-sleeve-t-shirt-and-shorts-set-comfortable-daily","status":"publish","type":"product","link":"https:\/\/xn--kbrsglobalstore-7kcc.com\/tr\/urun\/2pcs-set-young-boys-casual-fashion-creative-personalized-refreshing-minimalist-style-letter-slogan-graphic-print-short-sleeve-t-shirt-and-shorts-set-comfortable-daily\/","title":{"rendered":"2 Par\u00e7a\/Set Gen\u00e7 Erkek \u00c7ocuklar \u0130\u00e7in G\u00fcnl\u00fck Giyim, Yarat\u0131c\u0131, Ki\u015fiselle\u015ftirilmi\u015f, Ferahlat\u0131c\u0131, Minimalist Tarzda Harf ve Slogan Bask\u0131l\u0131 K\u0131sa Kollu Ti\u015f\u00f6rt ve \u015eort Tak\u0131m\u0131, Rahat G\u00fcnl\u00fck Kullan\u0131m"},"content":{"rendered":"<div class=\"flex flex-col text-sm pb-25\">\n<article class=\"text-token-text-primary w-full focus:outline-none [--shadow-height:45px] has-data-writing-block:pointer-events-none has-data-writing-block:-mt-(--shadow-height) has-data-writing-block:pt-(--shadow-height) [&amp;:has([data-writing-block])&gt;*]:pointer-events-auto scroll-mt-[calc(var(--header-height)+min(200px,max(70px,20svh)))]\" dir=\"auto\" tabindex=\"-1\" data-turn-id=\"request-695f7258-91a8-8330-a60a-6d7d219bcf3b-31\" data-testid=\"conversation-turn-280\" data-scroll-anchor=\"true\" data-turn=\"assistant\">\n<div class=\"text-base my-auto mx-auto pb-10 [--thread-content-margin:--spacing(4)] @w-sm\/main:[--thread-content-margin:--spacing(6)] @w-lg\/main:[--thread-content-margin:--spacing(16)] px-(--thread-content-margin)\">\n<div class=\"[--thread-content-max-width:40rem] @w-lg\/main:[--thread-content-max-width:48rem] mx-auto max-w-(--thread-content-max-width) flex-1 group\/turn-messages focus-visible:outline-hidden relative flex w-full min-w-0 flex-col agent-turn\" tabindex=\"-1\">\n<div class=\"flex max-w-full flex-col grow\">\n<div class=\"min-h-8 text-message relative flex w-full flex-col items-end gap-2 text-start break-words whitespace-normal [.text-message+&amp;]:mt-1\" dir=\"auto\" data-message-author-role=\"assistant\" data-message-id=\"1d8edc71-53fd-4f56-bfec-6cfb277f41ce\" data-message-model-slug=\"gpt-5-2\">\n<div class=\"flex w-full flex-col gap-1 empty:hidden first:pt-[1px]\">\n<div class=\"markdown prose dark:prose-invert w-full break-words dark markdown-new-styling\">\n<p data-start=\"80\" data-end=\"779\" data-is-last-node=\"\" data-is-only-node=\"\" class=\"translation-block\"><strong data-start=\"80\" data-end=\"186\">2 Par\u00e7a\/Set Gen\u00e7 Erkek \u00c7ocuklar \u0130\u00e7in G\u00fcnl\u00fck \u015e\u0131k Yarat\u0131c\u0131 Ki\u015fiselle\u015ftirilmi\u015f Harf Slogan Grafik Ti\u015f\u00f6rt ve \u015eort Tak\u0131m\u0131<\/strong>, ferahlat\u0131c\u0131 minimalist bir estetikle tasarlanm\u0131\u015f \u015f\u0131k ve rahat bir g\u00fcnl\u00fck k\u0131yafet setidir. Set, modern ve ki\u015fiselle\u015ftirilmi\u015f bir dokunu\u015f katan yarat\u0131c\u0131 harf slogan grafi\u011fine sahip k\u0131sa kollu bir ti\u015f\u00f6rt ve temiz ve uyumlu bir g\u00f6r\u00fcn\u00fcm i\u00e7in hafif, uyumlu \u015forttan olu\u015fmaktad\u0131r. Yumu\u015fak, nefes alabilen kuma\u015ftan ve rahat kesimden \u00fcretilen bu set, aktif erkek \u00e7ocuklar i\u00e7in t\u00fcm g\u00fcn konfor ve kolay hareket imkan\u0131 sa\u011flar. G\u00fcnl\u00fck giyim, okul, geziler, a\u00e7\u0131k hava oyunlar\u0131 ve g\u00fcndelik bulu\u015fmalar i\u00e7in m\u00fckemmel olan bu \u00e7ok y\u00f6nl\u00fc iki par\u00e7al\u0131 set, modern gen\u00e7 erkek \u00e7ocuklar i\u00e7in sade tasar\u0131m\u0131, modaya uygun stili ve pratik konforu bir araya getiriyor.<\/p>\n<\/div>\n<\/div>\n<\/div>\n<\/div>\n<div class=\"z-0 flex min-h-[46px] justify-start\"><\/div>\n<div class=\"mt-3 w-full empty:hidden\">\n<div class=\"text-center\"><\/div>\n<\/div>\n<\/div>\n<\/div>\n<\/article>\n<\/div>\n<div class=\"pointer-events-none h-px w-px absolute bottom-0\" aria-hidden=\"true\" data-edge=\"true\"><\/div>","protected":false},"excerpt":{"rendered":"<p>2pcs\/Set Young Boys&#8217; Casual Fashion Creative Personalized Letter Slogan Graphic T-Shirt and Shorts Set is a stylish and comfortable everyday outfit designed with a refreshing minimalist aesthetic. The set features a short-sleeve T-shirt with a creative letter slogan graphic that adds a modern, personalized touch, paired with lightweight matching shorts for a clean and coordinated [&hellip;]<\/p>","protected":false},"featured_media":35625,"comment_status":"open","ping_status":"closed","template":"","meta":{"_monsterinsights_skip_tracking":false,"_monsterinsights_sitenote_active":false,"_monsterinsights_sitenote_note":"","_monsterinsights_sitenote_category":0},"product_brand":[],"product_cat":[113],"product_tag":[],"class_list":{"0":"post-35624","1":"product","2":"type-product","3":"status-publish","4":"has-post-thumbnail","6":"product_cat-kids-clothing","8":"first","9":"instock","10":"shipping-taxable","11":"purchasable","12":"product-type-simple"},"aioseo_notices":[],"_links":{"self":[{"href":"https:\/\/xn--kbrsglobalstore-7kcc.com\/tr\/wp-json\/wp\/v2\/product\/35624","targetHints":{"allow":["GET"]}}],"collection":[{"href":"https:\/\/xn--kbrsglobalstore-7kcc.com\/tr\/wp-json\/wp\/v2\/product"}],"about":[{"href":"https:\/\/xn--kbrsglobalstore-7kcc.com\/tr\/wp-json\/wp\/v2\/types\/product"}],"replies":[{"embeddable":true,"href":"https:\/\/xn--kbrsglobalstore-7kcc.com\/tr\/wp-json\/wp\/v2\/comments?post=35624"}],"wp:featuredmedia":[{"embeddable":true,"href":"https:\/\/xn--kbrsglobalstore-7kcc.com\/tr\/wp-json\/wp\/v2\/media\/35625"}],"wp:attachment":[{"href":"https:\/\/xn--kbrsglobalstore-7kcc.com\/tr\/wp-json\/wp\/v2\/media?parent=35624"}],"wp:term":[{"taxonomy":"product_brand","embeddable":true,"href":"https:\/\/xn--kbrsglobalstore-7kcc.com\/tr\/wp-json\/wp\/v2\/product_brand?post=35624"},{"taxonomy":"product_cat","embeddable":true,"href":"https:\/\/xn--kbrsglobalstore-7kcc.com\/tr\/wp-json\/wp\/v2\/product_cat?post=35624"},{"taxonomy":"product_tag","embeddable":true,"href":"https:\/\/xn--kbrsglobalstore-7kcc.com\/tr\/wp-json\/wp\/v2\/product_tag?post=35624"}],"curies":[{"name":"wp","href":"https:\/\/api.w.org\/{rel}","templated":true}]}}