{"id":35618,"date":"2026-01-20T12:15:26","date_gmt":"2026-01-20T12:15:26","guid":{"rendered":"https:\/\/xn--kbrsglobalstore-7kcc.com\/?post_type=product&#038;p=35618"},"modified":"2026-01-20T12:15:26","modified_gmt":"2026-01-20T12:15:26","slug":"2pcs-set-young-girl-casual-vintage-american-style-leopard-print-bow-decor-short-sleeve-top-and-shorts-set-suitable-for-summer-butterfly-80s-fashion-mocha-harmony-athleisure-grad-ready-happy-ki","status":"publish","type":"product","link":"https:\/\/xn--kbrsglobalstore-7kcc.com\/tr\/urun\/2pcs-set-young-girl-casual-vintage-american-style-leopard-print-bow-decor-short-sleeve-top-and-shorts-set-suitable-for-summer-butterfly-80s-fashion-mocha-harmony-athleisure-grad-ready-happy-ki\/","title":{"rendered":"2 Par\u00e7a\/Set Gen\u00e7 K\u0131z G\u00fcnl\u00fck Vintage Amerikan Tarz\u0131 Leopar Desenli Fiyonklu K\u0131sa Kollu \u00dcst ve \u015eort Tak\u0131m\u0131, Yaz \u0130\u00e7in Uygun, Kelebek, 80'ler Modas\u0131, Mocha Uyum, Spor Giyim, Mezuniyet Haz\u0131rl\u0131\u011f\u0131, Mutlu \u00c7ocuklar"},"content":{"rendered":"<div class=\"flex max-w-full flex-col grow\">\n<div class=\"min-h-8 text-message relative flex w-full flex-col items-end gap-2 text-start break-words whitespace-normal [.text-message+&amp;]:mt-1\" dir=\"auto\" data-message-author-role=\"assistant\" data-message-id=\"dbff98c8-7e0a-49c0-9514-1ff00d42cc0e\" data-message-model-slug=\"gpt-5-2\">\n<div class=\"flex w-full flex-col gap-1 empty:hidden first:pt-[1px]\">\n<div class=\"markdown prose dark:prose-invert w-full break-words dark markdown-new-styling\">\n<p data-start=\"75\" data-end=\"929\" data-is-last-node=\"\" data-is-only-node=\"\" class=\"translation-block\"><strong data-start=\"75\" data-end=\"184\">2 Par\u00e7a\/Set Gen\u00e7 K\u0131z G\u00fcnl\u00fck Vintage Amerikan Tarz\u0131 Leopar Desenli Fiyonk Detayl\u0131 K\u0131sa Kollu \u00dcst ve \u015eort Tak\u0131m\u0131<\/strong>, retro 80'lerin cazibesinden ilham alan ve modern bir spor giyim tarz\u0131yla harmanlanm\u0131\u015f e\u011flenceli ve \u015f\u0131k bir yazl\u0131k k\u0131yafet. Cesur leopar desenli ve sevimli fiyonk detayl\u0131 k\u0131sa kollu \u00fcst ve ona uygun rahat \u015forttan olu\u015fan bu tak\u0131m, ne\u015feli ve trend bir g\u00f6r\u00fcn\u00fcm sunuyor. Vintage Amerikan tarz\u0131, kelebek esintili ve Mocha Harmony esteti\u011fiyle zahmetsizce harmanlanarak gen\u00e7 k\u0131zlar i\u00e7in benzersiz ve etkileyici bir k\u0131yafet yarat\u0131yor. Yumu\u015fak, nefes alabilen kuma\u015ftan ve rahat kesimden \u00fcretilen bu tak\u0131m, aktif oyunlar, geziler, tatiller ve g\u00fcnl\u00fck giyim i\u00e7in g\u00fcn boyu konfor sa\u011fl\u0131yor. Yaz maceralar\u0131, mezuniyet anlar\u0131 ve mutlu g\u00fcnl\u00fck stil i\u00e7in m\u00fckemmel olan bu iki par\u00e7al\u0131 tak\u0131m, her gen\u00e7 moda severin gard\u0131robuna g\u00fcven, ki\u015filik ve ne\u015feli bir enerji kat\u0131yor.<\/p>\n<\/div>\n<\/div>\n<\/div>\n<\/div>\n<div class=\"z-0 flex min-h-[46px] justify-start\"><\/div>\n<div class=\"border-token-border-light my-2 flex gap-10 border-t pt-4\">\n<div class=\"flex items-center justify-center overflow-hidden h-12 w-12 rounded-lg\"><\/div>\n<\/div>","protected":false},"excerpt":{"rendered":"<p>2pcs\/Set Young Girl Casual Vintage American Style Leopard Print Bow Decor Short Sleeve Top and Shorts Set is a fun and fashionable summer outfit inspired by retro 80s charm with a modern athleisure twist. Featuring a short-sleeve top with bold leopard print and cute bow detailing, paired with matching comfortable shorts, this set delivers a [&hellip;]<\/p>","protected":false},"featured_media":35619,"comment_status":"open","ping_status":"closed","template":"","meta":{"_monsterinsights_skip_tracking":false,"_monsterinsights_sitenote_active":false,"_monsterinsights_sitenote_note":"","_monsterinsights_sitenote_category":0},"product_brand":[],"product_cat":[113],"product_tag":[],"class_list":{"0":"post-35618","1":"product","2":"type-product","3":"status-publish","4":"has-post-thumbnail","6":"product_cat-kids-clothing","8":"first","9":"instock","10":"shipping-taxable","11":"purchasable","12":"product-type-simple"},"aioseo_notices":[],"_links":{"self":[{"href":"https:\/\/xn--kbrsglobalstore-7kcc.com\/tr\/wp-json\/wp\/v2\/product\/35618","targetHints":{"allow":["GET"]}}],"collection":[{"href":"https:\/\/xn--kbrsglobalstore-7kcc.com\/tr\/wp-json\/wp\/v2\/product"}],"about":[{"href":"https:\/\/xn--kbrsglobalstore-7kcc.com\/tr\/wp-json\/wp\/v2\/types\/product"}],"replies":[{"embeddable":true,"href":"https:\/\/xn--kbrsglobalstore-7kcc.com\/tr\/wp-json\/wp\/v2\/comments?post=35618"}],"wp:featuredmedia":[{"embeddable":true,"href":"https:\/\/xn--kbrsglobalstore-7kcc.com\/tr\/wp-json\/wp\/v2\/media\/35619"}],"wp:attachment":[{"href":"https:\/\/xn--kbrsglobalstore-7kcc.com\/tr\/wp-json\/wp\/v2\/media?parent=35618"}],"wp:term":[{"taxonomy":"product_brand","embeddable":true,"href":"https:\/\/xn--kbrsglobalstore-7kcc.com\/tr\/wp-json\/wp\/v2\/product_brand?post=35618"},{"taxonomy":"product_cat","embeddable":true,"href":"https:\/\/xn--kbrsglobalstore-7kcc.com\/tr\/wp-json\/wp\/v2\/product_cat?post=35618"},{"taxonomy":"product_tag","embeddable":true,"href":"https:\/\/xn--kbrsglobalstore-7kcc.com\/tr\/wp-json\/wp\/v2\/product_tag?post=35618"}],"curies":[{"name":"wp","href":"https:\/\/api.w.org\/{rel}","templated":true}]}}