{"id":35611,"date":"2026-01-20T12:11:31","date_gmt":"2026-01-20T12:11:31","guid":{"rendered":"https:\/\/xn--kbrsglobalstore-7kcc.com\/?post_type=product&#038;p=35611"},"modified":"2026-01-20T12:11:32","modified_gmt":"2026-01-20T12:11:32","slug":"dazy-young-girl-bow-decor-front-button-round-neck-short-sleeve-t-shirt","status":"publish","type":"product","link":"https:\/\/xn--kbrsglobalstore-7kcc.com\/tr\/urun\/dazy-young-girl-bow-decor-front-button-round-neck-short-sleeve-t-shirt\/","title":{"rendered":"DAZY Gen\u00e7 K\u0131z Fiyonklu \u00d6n D\u00fc\u011fmeli Yuvarlak Yaka K\u0131sa Kollu Ti\u015f\u00f6rt"},"content":{"rendered":"<p class=\"translation-block\"><strong data-start=\"79\" data-end=\"153\">DAZY Gen\u00e7 K\u0131z Fiyonklu \u00d6n D\u00fc\u011fmeli Yuvarlak Yaka K\u0131sa Kollu Ti\u015f\u00f6rt<\/strong>, rahatl\u0131k ve zahmetsiz \u015f\u0131kl\u0131k i\u00e7in tasarlanm\u0131\u015f sevimli ve \u015f\u0131k bir g\u00fcnl\u00fck \u00fcstt\u00fcr. B\u00fcy\u00fcleyici fiyonk s\u00fcslemeleri ve \u00f6n d\u00fc\u011fme detay\u0131yla klasik yuvarlak yakaya sahip bu ti\u015f\u00f6rt, g\u00fcndelik k\u0131yafetlere ne\u015feli ama zarif bir dokunu\u015f kat\u0131yor. Yumu\u015fak, nefes alabilen kuma\u015ftan ve rahat kesimden \u00fcretilen bu ti\u015f\u00f6rt, okulda, gezilerde, oyun bulu\u015fmalar\u0131nda veya evde dinlenirken g\u00fcn boyu rahatl\u0131k sa\u011flar. Etek, kot pantolon veya \u015fortlarla kolayca kombinlenebilen bu \u00e7ok y\u00f6nl\u00fc \u00fcst, her gen\u00e7 k\u0131z\u0131n gard\u0131robuna tatl\u0131 ve trend bir g\u00f6r\u00fcn\u00fcm kazand\u0131r\u0131r.<\/p>","protected":false},"excerpt":{"rendered":"<p>DAZY Young Girl Bow Decor Front Button Round Neck Short Sleeve T-Shirt is a cute and stylish everyday top designed for comfort and effortless fashion. Featuring a classic round neckline with charming bow decorations and a front button detail, this T-shirt adds a playful yet elegant touch to casual outfits. Crafted from soft, breathable fabric [&hellip;]<\/p>","protected":false},"featured_media":35612,"comment_status":"open","ping_status":"closed","template":"","meta":{"_monsterinsights_skip_tracking":false,"_monsterinsights_sitenote_active":false,"_monsterinsights_sitenote_note":"","_monsterinsights_sitenote_category":0},"product_brand":[],"product_cat":[113],"product_tag":[],"class_list":{"0":"post-35611","1":"product","2":"type-product","3":"status-publish","4":"has-post-thumbnail","6":"product_cat-kids-clothing","8":"first","9":"instock","10":"shipping-taxable","11":"purchasable","12":"product-type-simple"},"aioseo_notices":[],"_links":{"self":[{"href":"https:\/\/xn--kbrsglobalstore-7kcc.com\/tr\/wp-json\/wp\/v2\/product\/35611","targetHints":{"allow":["GET"]}}],"collection":[{"href":"https:\/\/xn--kbrsglobalstore-7kcc.com\/tr\/wp-json\/wp\/v2\/product"}],"about":[{"href":"https:\/\/xn--kbrsglobalstore-7kcc.com\/tr\/wp-json\/wp\/v2\/types\/product"}],"replies":[{"embeddable":true,"href":"https:\/\/xn--kbrsglobalstore-7kcc.com\/tr\/wp-json\/wp\/v2\/comments?post=35611"}],"wp:featuredmedia":[{"embeddable":true,"href":"https:\/\/xn--kbrsglobalstore-7kcc.com\/tr\/wp-json\/wp\/v2\/media\/35612"}],"wp:attachment":[{"href":"https:\/\/xn--kbrsglobalstore-7kcc.com\/tr\/wp-json\/wp\/v2\/media?parent=35611"}],"wp:term":[{"taxonomy":"product_brand","embeddable":true,"href":"https:\/\/xn--kbrsglobalstore-7kcc.com\/tr\/wp-json\/wp\/v2\/product_brand?post=35611"},{"taxonomy":"product_cat","embeddable":true,"href":"https:\/\/xn--kbrsglobalstore-7kcc.com\/tr\/wp-json\/wp\/v2\/product_cat?post=35611"},{"taxonomy":"product_tag","embeddable":true,"href":"https:\/\/xn--kbrsglobalstore-7kcc.com\/tr\/wp-json\/wp\/v2\/product_tag?post=35611"}],"curies":[{"name":"wp","href":"https:\/\/api.w.org\/{rel}","templated":true}]}}