{"id":35605,"date":"2026-01-20T12:09:10","date_gmt":"2026-01-20T12:09:10","guid":{"rendered":"https:\/\/xn--kbrsglobalstore-7kcc.com\/?post_type=product&#038;p=35605"},"modified":"2026-01-20T12:09:11","modified_gmt":"2026-01-20T12:09:11","slug":"shein-2pcs-set-young-girl-casual-minimalist-black-cream-striped-mini-bow-graphic-short-sleeve-round-neck-t-shirt-and-shorts-set-suitable-for-spring-summer-everyday","status":"publish","type":"product","link":"https:\/\/xn--kbrsglobalstore-7kcc.com\/tr\/urun\/shein-2pcs-set-young-girl-casual-minimalist-black-cream-striped-mini-bow-graphic-short-sleeve-round-neck-t-shirt-and-shorts-set-suitable-for-spring-summer-everyday\/","title":{"rendered":"SHEIN 2 Par\u00e7a\/Set Gen\u00e7 K\u0131z G\u00fcnl\u00fck Minimalist Siyah, Krem \u00c7izgili, Mini Fiyonklu Grafik K\u0131sa Kollu Yuvarlak Yaka Ti\u015f\u00f6rt ve \u015eort Tak\u0131m\u0131, \u0130lkbahar ve Yaz Aylar\u0131nda G\u00fcnl\u00fck Kullan\u0131ma Uygun,"},"content":{"rendered":"<p class=\"translation-block\"><strong data-start=\"80\" data-end=\"189\">SHEIN 2 Par\u00e7a\/Set Gen\u00e7 K\u0131z G\u00fcnl\u00fck Minimalist Siyah ve Krem \u00c7izgili Mini Fiyonklu Grafik Ti\u015f\u00f6rt ve \u015eort Tak\u0131m\u0131<\/strong>, ilkbahar ve yaz aylar\u0131nda zahmetsiz g\u00fcnl\u00fck kullan\u0131m i\u00e7in tasarlanm\u0131\u015f \u015f\u0131k ve rahat bir k\u0131yafettir. Bu sevimli set, sevimli bir mini fiyonk grafi\u011fiyle vurgulanan minimalist siyah ve krem \u200b\u200b\u00e7izgili desene sahip k\u0131sa kollu yuvarlak yakal\u0131 bir ti\u015f\u00f6rt ve uyumlu bir g\u00f6r\u00fcn\u00fcm i\u00e7in e\u015fle\u015fen hafif \u015forttan olu\u015fmaktad\u0131r. Yumu\u015fak, nefes alabilen kuma\u015ftan \u00fcretilmi\u015f ve rahat bir kesime sahip olan bu set, t\u00fcm g\u00fcn konfor ve kolay hareket imkan\u0131 sa\u011flar. Okul, geziler, oyun bulu\u015fmalar\u0131, g\u00fcndelik bulu\u015fmalar ve g\u00fcnl\u00fck kullan\u0131m i\u00e7in m\u00fckemmel olan bu iki par\u00e7al\u0131 set, gen\u00e7 k\u0131zlar i\u00e7in sade stil, sevimlilik ve pratikli\u011fi bir araya getiriyor.<\/p>","protected":false},"excerpt":{"rendered":"<p>SHEIN 2pcs\/Set Young Girl Casual Minimalist Black &amp; Cream Striped Mini Bow Graphic T-Shirt and Shorts Set is a stylish and comfortable outfit designed for effortless everyday wear in spring and summer. This adorable set features a short-sleeve round-neck T-shirt with a minimalist black and cream striped pattern accented by a cute mini bow graphic, [&hellip;]<\/p>","protected":false},"featured_media":35606,"comment_status":"open","ping_status":"closed","template":"","meta":{"_monsterinsights_skip_tracking":false,"_monsterinsights_sitenote_active":false,"_monsterinsights_sitenote_note":"","_monsterinsights_sitenote_category":0},"product_brand":[],"product_cat":[113],"product_tag":[],"class_list":{"0":"post-35605","1":"product","2":"type-product","3":"status-publish","4":"has-post-thumbnail","6":"product_cat-kids-clothing","8":"first","9":"instock","10":"shipping-taxable","11":"purchasable","12":"product-type-simple"},"aioseo_notices":[],"_links":{"self":[{"href":"https:\/\/xn--kbrsglobalstore-7kcc.com\/tr\/wp-json\/wp\/v2\/product\/35605","targetHints":{"allow":["GET"]}}],"collection":[{"href":"https:\/\/xn--kbrsglobalstore-7kcc.com\/tr\/wp-json\/wp\/v2\/product"}],"about":[{"href":"https:\/\/xn--kbrsglobalstore-7kcc.com\/tr\/wp-json\/wp\/v2\/types\/product"}],"replies":[{"embeddable":true,"href":"https:\/\/xn--kbrsglobalstore-7kcc.com\/tr\/wp-json\/wp\/v2\/comments?post=35605"}],"wp:featuredmedia":[{"embeddable":true,"href":"https:\/\/xn--kbrsglobalstore-7kcc.com\/tr\/wp-json\/wp\/v2\/media\/35606"}],"wp:attachment":[{"href":"https:\/\/xn--kbrsglobalstore-7kcc.com\/tr\/wp-json\/wp\/v2\/media?parent=35605"}],"wp:term":[{"taxonomy":"product_brand","embeddable":true,"href":"https:\/\/xn--kbrsglobalstore-7kcc.com\/tr\/wp-json\/wp\/v2\/product_brand?post=35605"},{"taxonomy":"product_cat","embeddable":true,"href":"https:\/\/xn--kbrsglobalstore-7kcc.com\/tr\/wp-json\/wp\/v2\/product_cat?post=35605"},{"taxonomy":"product_tag","embeddable":true,"href":"https:\/\/xn--kbrsglobalstore-7kcc.com\/tr\/wp-json\/wp\/v2\/product_tag?post=35605"}],"curies":[{"name":"wp","href":"https:\/\/api.w.org\/{rel}","templated":true}]}}