{"id":35597,"date":"2026-01-20T12:07:09","date_gmt":"2026-01-20T12:07:09","guid":{"rendered":"https:\/\/xn--kbrsglobalstore-7kcc.com\/?post_type=product&#038;p=35597"},"modified":"2026-01-20T12:07:09","modified_gmt":"2026-01-20T12:07:09","slug":"shein-young-boy-round-neck-solid-color-short-sleeve-t-shirt-and-shorts-set-summer-school-campus-college","status":"publish","type":"product","link":"https:\/\/xn--kbrsglobalstore-7kcc.com\/tr\/urun\/shein-young-boy-round-neck-solid-color-short-sleeve-t-shirt-and-shorts-set-summer-school-campus-college\/","title":{"rendered":"SHEIN Gen\u00e7 Erkek \u00c7ocuk Yuvarlak Yaka D\u00fcz Renk K\u0131sa Kollu Ti\u015f\u00f6rt ve \u015eort Tak\u0131m\u0131, Yaz, Okul, Kamp\u00fcs, \u00dcniversite"},"content":{"rendered":"<p class=\"translation-block\"><strong data-start=\"78\" data-end=\"156\">SHEIN Gen\u00e7 Erkek \u00c7ocuk Yuvarlak Yaka D\u00fcz Renk K\u0131sa Kollu Ti\u015f\u00f6rt ve \u015eort Tak\u0131m\u0131<\/strong>, g\u00fcnl\u00fck kullan\u0131m i\u00e7in tasarlanm\u0131\u015f, sade, rahat ve \u00e7ok y\u00f6nl\u00fc bir yazl\u0131k k\u0131yafet setidir. Bu set, klasik yuvarlak yakal\u0131 k\u0131sa kollu bir ti\u015f\u00f6rt\u00fc, uyumlu d\u00fcz renk \u015fortla birle\u015ftirerek okul, kamp\u00fcs ve g\u00fcndelik aktiviteler i\u00e7in uygun, temiz ve koordineli bir g\u00f6r\u00fcn\u00fcm yarat\u0131r. Yumu\u015fak, hafif ve nefes alabilen kuma\u015ftan \u00fcretilmi\u015f ve rahat bir kesime sahip olan bu set, s\u0131cak g\u00fcnlerde erkek \u00e7ocuklar\u0131 serin ve rahat tutarken, oyun ve spor i\u00e7in kolay hareket imkan\u0131 sa\u011flar. Okul, a\u00e7\u0131k hava aktiviteleri, g\u00fcndelik geziler ve g\u00fcnl\u00fck kullan\u0131m i\u00e7in m\u00fckemmel olan bu iki par\u00e7al\u0131 set, gen\u00e7 erkek \u00e7ocuklar i\u00e7in zahmetsiz stil, konfor ve pratiklik sunar.<\/p>","protected":false},"excerpt":{"rendered":"<p>SHEIN Young Boy Round Neck Solid Color Short Sleeve T-Shirt and Shorts Set is a simple, comfortable, and versatile summer outfit designed for everyday wear. This set features a classic round-neck short sleeve T-shirt paired with matching solid-color shorts, creating a clean and coordinated look that suits school, campus, and casual activities. Crafted from soft, [&hellip;]<\/p>","protected":false},"featured_media":35598,"comment_status":"open","ping_status":"closed","template":"","meta":{"_monsterinsights_skip_tracking":false,"_monsterinsights_sitenote_active":false,"_monsterinsights_sitenote_note":"","_monsterinsights_sitenote_category":0},"product_brand":[],"product_cat":[113],"product_tag":[],"class_list":{"0":"post-35597","1":"product","2":"type-product","3":"status-publish","4":"has-post-thumbnail","6":"product_cat-kids-clothing","8":"first","9":"instock","10":"shipping-taxable","11":"purchasable","12":"product-type-simple"},"aioseo_notices":[],"_links":{"self":[{"href":"https:\/\/xn--kbrsglobalstore-7kcc.com\/tr\/wp-json\/wp\/v2\/product\/35597","targetHints":{"allow":["GET"]}}],"collection":[{"href":"https:\/\/xn--kbrsglobalstore-7kcc.com\/tr\/wp-json\/wp\/v2\/product"}],"about":[{"href":"https:\/\/xn--kbrsglobalstore-7kcc.com\/tr\/wp-json\/wp\/v2\/types\/product"}],"replies":[{"embeddable":true,"href":"https:\/\/xn--kbrsglobalstore-7kcc.com\/tr\/wp-json\/wp\/v2\/comments?post=35597"}],"wp:featuredmedia":[{"embeddable":true,"href":"https:\/\/xn--kbrsglobalstore-7kcc.com\/tr\/wp-json\/wp\/v2\/media\/35598"}],"wp:attachment":[{"href":"https:\/\/xn--kbrsglobalstore-7kcc.com\/tr\/wp-json\/wp\/v2\/media?parent=35597"}],"wp:term":[{"taxonomy":"product_brand","embeddable":true,"href":"https:\/\/xn--kbrsglobalstore-7kcc.com\/tr\/wp-json\/wp\/v2\/product_brand?post=35597"},{"taxonomy":"product_cat","embeddable":true,"href":"https:\/\/xn--kbrsglobalstore-7kcc.com\/tr\/wp-json\/wp\/v2\/product_cat?post=35597"},{"taxonomy":"product_tag","embeddable":true,"href":"https:\/\/xn--kbrsglobalstore-7kcc.com\/tr\/wp-json\/wp\/v2\/product_tag?post=35597"}],"curies":[{"name":"wp","href":"https:\/\/api.w.org\/{rel}","templated":true}]}}