{"id":35584,"date":"2026-01-20T12:01:48","date_gmt":"2026-01-20T12:01:48","guid":{"rendered":"https:\/\/xn--kbrsglobalstore-7kcc.com\/?post_type=product&#038;p=35584"},"modified":"2026-01-20T12:01:48","modified_gmt":"2026-01-20T12:01:48","slug":"1-set-young-boys-casual-cute-cartoon-dinosaur-print-short-sleeve-crew-neck-t-shirt-and-shorts-set-suitable-for-outdoor-wear-in-summer","status":"publish","type":"product","link":"https:\/\/xn--kbrsglobalstore-7kcc.com\/tr\/urun\/1-set-young-boys-casual-cute-cartoon-dinosaur-print-short-sleeve-crew-neck-t-shirt-and-shorts-set-suitable-for-outdoor-wear-in-summer\/","title":{"rendered":"1 Tak\u0131m Gen\u00e7 Erkek \u00c7ocuklar \u0130\u00e7in G\u00fcnl\u00fck Kullan\u0131ma Uygun, Sevimli \u00c7izgi Film Dinozor Bask\u0131l\u0131 K\u0131sa Kollu Yuvarlak Yaka Ti\u015f\u00f6rt ve \u015eort Tak\u0131m\u0131, Yaz\u0131n D\u0131\u015f Mekan Giyimi \u0130\u00e7in \u0130deal"},"content":{"rendered":"<div class=\"flex flex-col text-sm pb-25\">\n<article class=\"text-token-text-primary w-full focus:outline-none [--shadow-height:45px] has-data-writing-block:pointer-events-none has-data-writing-block:-mt-(--shadow-height) has-data-writing-block:pt-(--shadow-height) [&amp;:has([data-writing-block])&gt;*]:pointer-events-auto scroll-mt-[calc(var(--header-height)+min(200px,max(70px,20svh)))]\" dir=\"auto\" tabindex=\"-1\" data-turn-id=\"request-695f7258-91a8-8330-a60a-6d7d219bcf3b-25\" data-testid=\"conversation-turn-268\" data-scroll-anchor=\"true\" data-turn=\"assistant\">\n<div class=\"text-base my-auto mx-auto pb-10 [--thread-content-margin:--spacing(4)] @w-sm\/main:[--thread-content-margin:--spacing(6)] @w-lg\/main:[--thread-content-margin:--spacing(16)] px-(--thread-content-margin)\">\n<div class=\"[--thread-content-max-width:40rem] @w-lg\/main:[--thread-content-max-width:48rem] mx-auto max-w-(--thread-content-max-width) flex-1 group\/turn-messages focus-visible:outline-hidden relative flex w-full min-w-0 flex-col agent-turn\" tabindex=\"-1\">\n<div class=\"flex max-w-full flex-col grow\">\n<div class=\"min-h-8 text-message relative flex w-full flex-col items-end gap-2 text-start break-words whitespace-normal [.text-message+&amp;]:mt-1\" dir=\"auto\" data-message-author-role=\"assistant\" data-message-id=\"e178d233-ea70-4121-9efd-c042334fb284\" data-message-model-slug=\"gpt-5-2\">\n<div class=\"flex w-full flex-col gap-1 empty:hidden first:pt-[1px]\">\n<div class=\"markdown prose dark:prose-invert w-full break-words dark markdown-new-styling\">\n<p data-start=\"80\" data-end=\"746\" data-is-last-node=\"\" data-is-only-node=\"\" class=\"translation-block\"><strong data-start=\"80\" data-end=\"181\">1 Tak\u0131m Gen\u00e7 Erkek \u00c7ocuklar \u0130\u00e7in G\u00fcnl\u00fck Sevimli \u00c7izgi Film Dinozor Bask\u0131l\u0131 K\u0131sa Kollu Yuvarlak Yaka Ti\u015f\u00f6rt ve \u015eort Tak\u0131m\u0131<\/strong>, aktif k\u00fc\u00e7\u00fck erkek \u00e7ocuklar i\u00e7in tasarlanm\u0131\u015f e\u011flenceli ve rahat bir yaz k\u0131yafetidir. Sevimli \u00e7izgi film dinozor bask\u0131l\u0131 klasik yuvarlak yaka k\u0131sa kollu ti\u015f\u00f6rt ve ona uygun hafif \u015forttan olu\u015fan bu tak\u0131m, hem e\u011flenceli hem de \u015f\u0131k bir g\u00f6r\u00fcn\u00fcm sunar. Yumu\u015fak, nefes alabilen kuma\u015ftan \u00fcretilmi\u015f ve rahat bir kesime sahip olan bu tak\u0131m, \u00e7ocuklar\u0131n s\u0131cak havalarda serin ve rahat kalmalar\u0131n\u0131 sa\u011flarken hareket kolayl\u0131\u011f\u0131 da sunar. A\u00e7\u0131k hava oyunlar\u0131, park g\u00fcnleri, plaj gezileri, tatiller ve g\u00fcnl\u00fck yaz giyimi i\u00e7in m\u00fckemmel olan bu iki par\u00e7al\u0131 tak\u0131m, aktif gen\u00e7 erkek \u00e7ocuklar i\u00e7in sevimlili\u011fi, rahatl\u0131\u011f\u0131 ve pratikli\u011fi bir araya getiriyor.<\/p>\n<\/div>\n<\/div>\n<\/div>\n<\/div>\n<div class=\"z-0 flex min-h-[46px] justify-start\"><\/div>\n<div class=\"mt-3 w-full empty:hidden\">\n<div class=\"text-center\"><\/div>\n<\/div>\n<\/div>\n<\/div>\n<\/article>\n<\/div>\n<div class=\"pointer-events-none h-px w-px absolute bottom-0\" aria-hidden=\"true\" data-edge=\"true\"><\/div>","protected":false},"excerpt":{"rendered":"<p>1 Set Young Boys Casual Cute Cartoon Dinosaur Print Short Sleeve Crew Neck T-Shirt and Shorts Set is a fun and comfortable summer outfit designed for active little boys. Featuring a classic crew neck short-sleeve T-shirt with an adorable cartoon dinosaur print, paired with matching lightweight shorts, this set delivers a playful yet stylish look. [&hellip;]<\/p>","protected":false},"featured_media":35585,"comment_status":"open","ping_status":"closed","template":"","meta":{"_monsterinsights_skip_tracking":false,"_monsterinsights_sitenote_active":false,"_monsterinsights_sitenote_note":"","_monsterinsights_sitenote_category":0},"product_brand":[],"product_cat":[113],"product_tag":[],"class_list":{"0":"post-35584","1":"product","2":"type-product","3":"status-publish","4":"has-post-thumbnail","6":"product_cat-kids-clothing","8":"first","9":"instock","10":"shipping-taxable","11":"purchasable","12":"product-type-simple"},"aioseo_notices":[],"_links":{"self":[{"href":"https:\/\/xn--kbrsglobalstore-7kcc.com\/tr\/wp-json\/wp\/v2\/product\/35584","targetHints":{"allow":["GET"]}}],"collection":[{"href":"https:\/\/xn--kbrsglobalstore-7kcc.com\/tr\/wp-json\/wp\/v2\/product"}],"about":[{"href":"https:\/\/xn--kbrsglobalstore-7kcc.com\/tr\/wp-json\/wp\/v2\/types\/product"}],"replies":[{"embeddable":true,"href":"https:\/\/xn--kbrsglobalstore-7kcc.com\/tr\/wp-json\/wp\/v2\/comments?post=35584"}],"wp:featuredmedia":[{"embeddable":true,"href":"https:\/\/xn--kbrsglobalstore-7kcc.com\/tr\/wp-json\/wp\/v2\/media\/35585"}],"wp:attachment":[{"href":"https:\/\/xn--kbrsglobalstore-7kcc.com\/tr\/wp-json\/wp\/v2\/media?parent=35584"}],"wp:term":[{"taxonomy":"product_brand","embeddable":true,"href":"https:\/\/xn--kbrsglobalstore-7kcc.com\/tr\/wp-json\/wp\/v2\/product_brand?post=35584"},{"taxonomy":"product_cat","embeddable":true,"href":"https:\/\/xn--kbrsglobalstore-7kcc.com\/tr\/wp-json\/wp\/v2\/product_cat?post=35584"},{"taxonomy":"product_tag","embeddable":true,"href":"https:\/\/xn--kbrsglobalstore-7kcc.com\/tr\/wp-json\/wp\/v2\/product_tag?post=35584"}],"curies":[{"name":"wp","href":"https:\/\/api.w.org\/{rel}","templated":true}]}}