{"id":35571,"date":"2026-01-20T11:57:30","date_gmt":"2026-01-20T11:57:30","guid":{"rendered":"https:\/\/xn--kbrsglobalstore-7kcc.com\/?post_type=product&#038;p=35571"},"modified":"2026-01-20T11:57:31","modified_gmt":"2026-01-20T11:57:31","slug":"shein-playful-pals-2pcs-set-young-boy-vacation-casual-contrast-stripe-print-short-sleeve-top-and-denim-shorts","status":"publish","type":"product","link":"https:\/\/xn--kbrsglobalstore-7kcc.com\/tr\/urun\/shein-playful-pals-2pcs-set-young-boy-vacation-casual-contrast-stripe-print-short-sleeve-top-and-denim-shorts\/","title":{"rendered":"SHEIN E\u011flenceli Arkada\u015flar 2 Par\u00e7a\/Set Gen\u00e7 Erkek \u00c7ocuk Tatil G\u00fcnl\u00fck Kontrast \u00c7izgili Bask\u0131l\u0131 K\u0131sa Kollu \u00dcst ve Kot \u015eort"},"content":{"rendered":"<p class=\"translation-block\"><strong data-start=\"80\" data-end=\"193\">SHEIN Playful Pals 2 Par\u00e7a\/Set Gen\u00e7 Erkek \u00c7ocuk Tatil G\u00fcnl\u00fck Kontrast \u00c7izgili Bask\u0131l\u0131 K\u0131sa Kollu \u00dcst ve Kot \u015eort<\/strong>, rahat tatil havas\u0131 ve g\u00fcnl\u00fck kullan\u0131m i\u00e7in tasarlanm\u0131\u015f \u015f\u0131k ve konforlu bir yaz k\u0131yafetidir. Set, e\u011flenceli ve modern bir dokunu\u015f katan trend kontrast \u00e7izgili bask\u0131l\u0131 k\u0131sa kollu bir \u00fcst ve haval\u0131 ve rahat bir g\u00f6r\u00fcn\u00fcm i\u00e7in klasik kot \u015forttan olu\u015fmaktad\u0131r. Yumu\u015fak, nefes alabilen kuma\u015ftan ve rahat kesimden \u00fcretilen bu set, aktif erkek \u00e7ocuklar i\u00e7in t\u00fcm g\u00fcn konfor ve kolay hareket imkan\u0131 sa\u011flar. Tatiller, plaj gezileri, a\u00e7\u0131k hava oyunlar\u0131, aile gezileri ve g\u00fcnl\u00fck rahat kullan\u0131m i\u00e7in m\u00fckemmel olan bu \u00e7ok y\u00f6nl\u00fc iki par\u00e7al\u0131 set, moday\u0131, konforu ve zahmetsiz yaz stilini bir araya getiriyor.<\/p>","protected":false},"excerpt":{"rendered":"<p>SHEIN Playful Pals 2pcs\/Set Young Boy Vacation Casual Contrast Stripe Print Short Sleeve Top and Denim Shorts is a stylish and comfortable summer outfit designed for relaxed holiday vibes and everyday wear. The set features a short-sleeve top with trendy contrast stripe prints that add a playful, modern touch, paired with classic denim shorts for [&hellip;]<\/p>","protected":false},"featured_media":35572,"comment_status":"open","ping_status":"closed","template":"","meta":{"_monsterinsights_skip_tracking":false,"_monsterinsights_sitenote_active":false,"_monsterinsights_sitenote_note":"","_monsterinsights_sitenote_category":0},"product_brand":[],"product_cat":[113],"product_tag":[],"class_list":{"0":"post-35571","1":"product","2":"type-product","3":"status-publish","4":"has-post-thumbnail","6":"product_cat-kids-clothing","8":"first","9":"instock","10":"shipping-taxable","11":"purchasable","12":"product-type-simple"},"aioseo_notices":[],"_links":{"self":[{"href":"https:\/\/xn--kbrsglobalstore-7kcc.com\/tr\/wp-json\/wp\/v2\/product\/35571","targetHints":{"allow":["GET"]}}],"collection":[{"href":"https:\/\/xn--kbrsglobalstore-7kcc.com\/tr\/wp-json\/wp\/v2\/product"}],"about":[{"href":"https:\/\/xn--kbrsglobalstore-7kcc.com\/tr\/wp-json\/wp\/v2\/types\/product"}],"replies":[{"embeddable":true,"href":"https:\/\/xn--kbrsglobalstore-7kcc.com\/tr\/wp-json\/wp\/v2\/comments?post=35571"}],"wp:featuredmedia":[{"embeddable":true,"href":"https:\/\/xn--kbrsglobalstore-7kcc.com\/tr\/wp-json\/wp\/v2\/media\/35572"}],"wp:attachment":[{"href":"https:\/\/xn--kbrsglobalstore-7kcc.com\/tr\/wp-json\/wp\/v2\/media?parent=35571"}],"wp:term":[{"taxonomy":"product_brand","embeddable":true,"href":"https:\/\/xn--kbrsglobalstore-7kcc.com\/tr\/wp-json\/wp\/v2\/product_brand?post=35571"},{"taxonomy":"product_cat","embeddable":true,"href":"https:\/\/xn--kbrsglobalstore-7kcc.com\/tr\/wp-json\/wp\/v2\/product_cat?post=35571"},{"taxonomy":"product_tag","embeddable":true,"href":"https:\/\/xn--kbrsglobalstore-7kcc.com\/tr\/wp-json\/wp\/v2\/product_tag?post=35571"}],"curies":[{"name":"wp","href":"https:\/\/api.w.org\/{rel}","templated":true}]}}