{"id":35564,"date":"2026-01-20T11:55:04","date_gmt":"2026-01-20T11:55:04","guid":{"rendered":"https:\/\/xn--kbrsglobalstore-7kcc.com\/?post_type=product&#038;p=35564"},"modified":"2026-01-20T11:55:05","modified_gmt":"2026-01-20T11:55:05","slug":"2pcs-set-cute-mini-heart-cherry-print-young-girl-casual-shorts-short-sleeve-top-set-suitable-for-summer-back-to-school","status":"publish","type":"product","link":"https:\/\/xn--kbrsglobalstore-7kcc.com\/tr\/urun\/2pcs-set-cute-mini-heart-cherry-print-young-girl-casual-shorts-short-sleeve-top-set-suitable-for-summer-back-to-school\/","title":{"rendered":"2 Par\u00e7a\/Set Sevimli Mini Kalp ve Kiraz Bask\u0131l\u0131 Gen\u00e7 K\u0131z \u00c7ocuk G\u00fcnl\u00fck \u015eort ve K\u0131sa Kollu \u00dcst Tak\u0131m\u0131, Yaz ve Okula D\u00f6n\u00fc\u015f \u0130\u00e7in Uygun"},"content":{"rendered":"<div class=\"flex max-w-full flex-col grow\">\n<div class=\"min-h-8 text-message relative flex w-full flex-col items-end gap-2 text-start break-words whitespace-normal [.text-message+&amp;]:mt-1\" dir=\"auto\" data-message-author-role=\"assistant\" data-message-id=\"e5d2aaf1-ef7d-4410-8bc7-198b42eb34ef\" data-message-model-slug=\"gpt-5-2\">\n<div class=\"flex w-full flex-col gap-1 empty:hidden first:pt-[1px]\">\n<div class=\"markdown prose dark:prose-invert w-full break-words dark markdown-new-styling\">\n<p data-start=\"80\" data-end=\"756\" data-is-last-node=\"\" data-is-only-node=\"\" class=\"translation-block\"><strong data-start=\"80\" data-end=\"171\">2 Par\u00e7a\/Set Sevimli Mini Kalp ve Kiraz Bask\u0131l\u0131 Gen\u00e7 K\u0131z G\u00fcnl\u00fck \u015eort ve K\u0131sa Kollu \u00dcst Tak\u0131m\u0131<\/strong>, g\u00fcnl\u00fck stil ve oyun i\u00e7in tasarlanm\u0131\u015f sevimli ve rahat bir yaz k\u0131yafetidir. E\u011flenceli mini kalp ve kiraz bask\u0131lar\u0131yla s\u00fcslenmi\u015f b\u00fcy\u00fcleyici k\u0131sa kollu \u00fcst ve ona uygun hafif \u015forttan olu\u015fan bu set, taze, ne\u015feli ve uyumlu bir g\u00f6r\u00fcn\u00fcm sunar. Yumu\u015fak, nefes alabilen ve rahat kesimli kuma\u015ftan \u00fcretilen bu set, k\u0131z \u00e7ocuklar\u0131n\u0131 s\u0131cak g\u00fcnlerde serin ve rahat tutarken, hareket \u00f6zg\u00fcrl\u00fc\u011f\u00fcn\u00fc de sa\u011flar. Yaz gezileri, okul, oyun bulu\u015fmalar\u0131, tatiller ve g\u00fcnl\u00fck rahat giyim i\u00e7in m\u00fckemmel olan bu sevimli iki par\u00e7al\u0131 set, gen\u00e7 k\u0131zlar i\u00e7in rahatl\u0131\u011f\u0131, sevimlili\u011fi ve zahmetsiz moday\u0131 bir araya getiriyor.<\/p>\n<\/div>\n<\/div>\n<\/div>\n<\/div>\n<div class=\"z-0 flex min-h-[46px] justify-start\"><\/div>\n<div class=\"border-token-border-light my-2 flex gap-10 border-t pt-4\">\n<div class=\"flex items-center justify-center overflow-hidden h-12 w-12 rounded-lg\"><\/div>\n<\/div>","protected":false},"excerpt":{"rendered":"<p>2pcs\/Set Cute Mini Heart &amp; Cherry Print Young Girl Casual Shorts &amp; Short Sleeve Top Set is an adorable and comfortable summer outfit designed for everyday style and play. Featuring a charming short-sleeve top decorated with playful mini heart and cherry prints, paired with matching lightweight shorts, this set delivers a fresh, cheerful, and coordinated [&hellip;]<\/p>","protected":false},"featured_media":35565,"comment_status":"open","ping_status":"closed","template":"","meta":{"_monsterinsights_skip_tracking":false,"_monsterinsights_sitenote_active":false,"_monsterinsights_sitenote_note":"","_monsterinsights_sitenote_category":0},"product_brand":[],"product_cat":[113],"product_tag":[],"class_list":{"0":"post-35564","1":"product","2":"type-product","3":"status-publish","4":"has-post-thumbnail","6":"product_cat-kids-clothing","8":"first","9":"instock","10":"shipping-taxable","11":"purchasable","12":"product-type-simple"},"aioseo_notices":[],"_links":{"self":[{"href":"https:\/\/xn--kbrsglobalstore-7kcc.com\/tr\/wp-json\/wp\/v2\/product\/35564","targetHints":{"allow":["GET"]}}],"collection":[{"href":"https:\/\/xn--kbrsglobalstore-7kcc.com\/tr\/wp-json\/wp\/v2\/product"}],"about":[{"href":"https:\/\/xn--kbrsglobalstore-7kcc.com\/tr\/wp-json\/wp\/v2\/types\/product"}],"replies":[{"embeddable":true,"href":"https:\/\/xn--kbrsglobalstore-7kcc.com\/tr\/wp-json\/wp\/v2\/comments?post=35564"}],"wp:featuredmedia":[{"embeddable":true,"href":"https:\/\/xn--kbrsglobalstore-7kcc.com\/tr\/wp-json\/wp\/v2\/media\/35565"}],"wp:attachment":[{"href":"https:\/\/xn--kbrsglobalstore-7kcc.com\/tr\/wp-json\/wp\/v2\/media?parent=35564"}],"wp:term":[{"taxonomy":"product_brand","embeddable":true,"href":"https:\/\/xn--kbrsglobalstore-7kcc.com\/tr\/wp-json\/wp\/v2\/product_brand?post=35564"},{"taxonomy":"product_cat","embeddable":true,"href":"https:\/\/xn--kbrsglobalstore-7kcc.com\/tr\/wp-json\/wp\/v2\/product_cat?post=35564"},{"taxonomy":"product_tag","embeddable":true,"href":"https:\/\/xn--kbrsglobalstore-7kcc.com\/tr\/wp-json\/wp\/v2\/product_tag?post=35564"}],"curies":[{"name":"wp","href":"https:\/\/api.w.org\/{rel}","templated":true}]}}