{"id":35558,"date":"2026-01-20T11:51:24","date_gmt":"2026-01-20T11:51:24","guid":{"rendered":"https:\/\/xn--kbrsglobalstore-7kcc.com\/?post_type=product&#038;p=35558"},"modified":"2026-01-20T11:51:24","modified_gmt":"2026-01-20T11:51:24","slug":"tween-girls-blue-patchwork-design-wide-leg-jeans-blue-jean-pants-kids-kids-wide-leg-jeans","status":"publish","type":"product","link":"https:\/\/xn--kbrsglobalstore-7kcc.com\/tr\/urun\/tween-girls-blue-patchwork-design-wide-leg-jeans-blue-jean-pants-kids-kids-wide-leg-jeans\/","title":{"rendered":"Gen\u00e7 K\u0131z \u00c7ocuklar \u0130\u00e7in Mavi Yama Desenli Geni\u015f Pa\u00e7al\u0131 Kot Pantolon, \u00c7ocuk Geni\u015f Pa\u00e7al\u0131 Kot Pantolon"},"content":{"rendered":"<p class=\"translation-block\"><strong data-start=\"80\" data-end=\"133\">Gen\u00e7 K\u0131zlar \u0130\u00e7in Mavi Yama Desenli Geni\u015f Pa\u00e7al\u0131 Kot Pantolon<\/strong>, modern g\u00fcnl\u00fck moda i\u00e7in tasarlanm\u0131\u015f, trend ve \u015f\u0131k bir denim par\u00e7as\u0131d\u0131r. E\u015fsiz mavi yama deseniyle bu kot pantolon, klasik bir denim g\u00f6r\u00fcn\u00fcm\u00fcne yarat\u0131c\u0131 ve g\u00f6z al\u0131c\u0131 bir dokunu\u015f kat\u0131yor. Geni\u015f pa\u00e7a sil\u00fceti, rahat ve konforlu bir uyum sa\u011flarken, haval\u0131 ve \u00e7a\u011fda\u015f bir sokak stili havas\u0131 sunuyor. Dayan\u0131kl\u0131 ancak yumu\u015fak denim kuma\u015ftan \u00fcretilen bu pantolon, okul, geziler, g\u00fcndelik bulu\u015fmalar ve g\u00fcnl\u00fck kullan\u0131m i\u00e7in g\u00fcn boyu konfor ve kolay hareket imkan\u0131 sa\u011fl\u0131yor. Ti\u015f\u00f6rtler, kap\u00fc\u015fonlu sweatshirtler veya bluzlarla kolayca kombinlenebilen bu \u00e7ok y\u00f6nl\u00fc kot pantolon, her gen\u00e7 k\u0131z\u0131n gard\u0131robuna \u015f\u0131k ve pratik bir katk\u0131 sa\u011fl\u0131yor.<\/p>","protected":false},"excerpt":{"rendered":"<p>Tween Girls&#8217; Blue Patchwork Design Wide Leg Jeans are a trendy and stylish denim essential designed for modern everyday fashion. Featuring a unique blue patchwork design, these jeans add a creative and eye-catching touch to a classic denim look. The wide-leg silhouette offers a relaxed, comfortable fit while delivering a cool, contemporary street-style vibe. Crafted [&hellip;]<\/p>","protected":false},"featured_media":35559,"comment_status":"open","ping_status":"closed","template":"","meta":{"_monsterinsights_skip_tracking":false,"_monsterinsights_sitenote_active":false,"_monsterinsights_sitenote_note":"","_monsterinsights_sitenote_category":0},"product_brand":[],"product_cat":[113],"product_tag":[],"class_list":{"0":"post-35558","1":"product","2":"type-product","3":"status-publish","4":"has-post-thumbnail","6":"product_cat-kids-clothing","8":"first","9":"instock","10":"shipping-taxable","11":"purchasable","12":"product-type-simple"},"aioseo_notices":[],"_links":{"self":[{"href":"https:\/\/xn--kbrsglobalstore-7kcc.com\/tr\/wp-json\/wp\/v2\/product\/35558","targetHints":{"allow":["GET"]}}],"collection":[{"href":"https:\/\/xn--kbrsglobalstore-7kcc.com\/tr\/wp-json\/wp\/v2\/product"}],"about":[{"href":"https:\/\/xn--kbrsglobalstore-7kcc.com\/tr\/wp-json\/wp\/v2\/types\/product"}],"replies":[{"embeddable":true,"href":"https:\/\/xn--kbrsglobalstore-7kcc.com\/tr\/wp-json\/wp\/v2\/comments?post=35558"}],"wp:featuredmedia":[{"embeddable":true,"href":"https:\/\/xn--kbrsglobalstore-7kcc.com\/tr\/wp-json\/wp\/v2\/media\/35559"}],"wp:attachment":[{"href":"https:\/\/xn--kbrsglobalstore-7kcc.com\/tr\/wp-json\/wp\/v2\/media?parent=35558"}],"wp:term":[{"taxonomy":"product_brand","embeddable":true,"href":"https:\/\/xn--kbrsglobalstore-7kcc.com\/tr\/wp-json\/wp\/v2\/product_brand?post=35558"},{"taxonomy":"product_cat","embeddable":true,"href":"https:\/\/xn--kbrsglobalstore-7kcc.com\/tr\/wp-json\/wp\/v2\/product_cat?post=35558"},{"taxonomy":"product_tag","embeddable":true,"href":"https:\/\/xn--kbrsglobalstore-7kcc.com\/tr\/wp-json\/wp\/v2\/product_tag?post=35558"}],"curies":[{"name":"wp","href":"https:\/\/api.w.org\/{rel}","templated":true}]}}