{"id":35550,"date":"2026-01-20T11:49:11","date_gmt":"2026-01-20T11:49:11","guid":{"rendered":"https:\/\/xn--kbrsglobalstore-7kcc.com\/?post_type=product&#038;p=35550"},"modified":"2026-01-20T11:49:12","modified_gmt":"2026-01-20T11:49:12","slug":"shein-streecool-kids-3pcs-toddler-boys-set-letter-knit-jacquard-casual-short-sleeve-t-shirt-shorts-and-bag-suitable-for-everyday-casual-outings-spring-summer","status":"publish","type":"product","link":"https:\/\/xn--kbrsglobalstore-7kcc.com\/tr\/urun\/shein-streecool-kids-3pcs-toddler-boys-set-letter-knit-jacquard-casual-short-sleeve-t-shirt-shorts-and-bag-suitable-for-everyday-casual-outings-spring-summer\/","title":{"rendered":"SHEIN Streecool Kids 3 Par\u00e7al\u0131 Erkek \u00c7ocuk Seti: Harf Desenli Jakarl\u0131 G\u00fcnl\u00fck K\u0131sa Kollu Ti\u015f\u00f6rt, \u015eort ve \u00c7anta, G\u00fcnl\u00fck Rahat Geziler \u0130\u00e7in Uygun, \u0130lkbahar\/Yaz"},"content":{"rendered":"<p class=\"translation-block\"><strong data-start=\"78\" data-end=\"125\">SHEIN Streecool Kids 3 Par\u00e7al\u0131 Erkek \u00c7ocuk Tak\u0131m\u0131<\/strong>, g\u00fcnl\u00fck ilkbahar ve yaz giyimi i\u00e7in tasarlanm\u0131\u015f \u015f\u0131k ve pratik bir g\u00fcnl\u00fck k\u0131yafet setidir. Bu uyumlu set, trend harf desenli jakarl\u0131 k\u0131sa kollu bir ti\u015f\u00f6rt, uyumlu rahat \u015fort ve g\u00f6r\u00fcn\u00fcm\u00fc tamamlayan kullan\u0131\u015fl\u0131 bir mini \u00e7anta i\u00e7erir. Yumu\u015fak, nefes alabilen ve rahat kesimli kuma\u015ftan \u00fcretilen bu set, aktif k\u00fc\u00e7\u00fck \u00e7ocuklar i\u00e7in t\u00fcm g\u00fcn konfor ve kolay hareket imkan\u0131 sa\u011flar. G\u00fcnl\u00fck geziler, park g\u00fcnleri, oyun bulu\u015fmalar\u0131, seyahat ve g\u00fcnl\u00fck aktiviteler i\u00e7in m\u00fckemmel olan bu \u00e7ok y\u00f6nl\u00fc \u00fc\u00e7 par\u00e7al\u0131 set, k\u00fc\u00e7\u00fck erkek \u00e7ocuklar i\u00e7in modern stili e\u011flenceli i\u015flevsellikle birle\u015ftirir.<\/p>","protected":false},"excerpt":{"rendered":"<p>SHEIN Streecool Kids 3pcs Toddler Boys&#8217; Set is a stylish and practical casual outfit designed for everyday spring and summer wear. This coordinated set includes a short-sleeve T-shirt featuring a trendy letter knit jacquard design, matching comfortable shorts, and a convenient mini bag to complete the look. Crafted from soft, breathable fabric with a relaxed [&hellip;]<\/p>","protected":false},"featured_media":35551,"comment_status":"open","ping_status":"closed","template":"","meta":{"_monsterinsights_skip_tracking":false,"_monsterinsights_sitenote_active":false,"_monsterinsights_sitenote_note":"","_monsterinsights_sitenote_category":0},"product_brand":[],"product_cat":[113],"product_tag":[],"class_list":{"0":"post-35550","1":"product","2":"type-product","3":"status-publish","4":"has-post-thumbnail","6":"product_cat-kids-clothing","8":"first","9":"instock","10":"shipping-taxable","11":"purchasable","12":"product-type-simple"},"aioseo_notices":[],"_links":{"self":[{"href":"https:\/\/xn--kbrsglobalstore-7kcc.com\/tr\/wp-json\/wp\/v2\/product\/35550","targetHints":{"allow":["GET"]}}],"collection":[{"href":"https:\/\/xn--kbrsglobalstore-7kcc.com\/tr\/wp-json\/wp\/v2\/product"}],"about":[{"href":"https:\/\/xn--kbrsglobalstore-7kcc.com\/tr\/wp-json\/wp\/v2\/types\/product"}],"replies":[{"embeddable":true,"href":"https:\/\/xn--kbrsglobalstore-7kcc.com\/tr\/wp-json\/wp\/v2\/comments?post=35550"}],"wp:featuredmedia":[{"embeddable":true,"href":"https:\/\/xn--kbrsglobalstore-7kcc.com\/tr\/wp-json\/wp\/v2\/media\/35551"}],"wp:attachment":[{"href":"https:\/\/xn--kbrsglobalstore-7kcc.com\/tr\/wp-json\/wp\/v2\/media?parent=35550"}],"wp:term":[{"taxonomy":"product_brand","embeddable":true,"href":"https:\/\/xn--kbrsglobalstore-7kcc.com\/tr\/wp-json\/wp\/v2\/product_brand?post=35550"},{"taxonomy":"product_cat","embeddable":true,"href":"https:\/\/xn--kbrsglobalstore-7kcc.com\/tr\/wp-json\/wp\/v2\/product_cat?post=35550"},{"taxonomy":"product_tag","embeddable":true,"href":"https:\/\/xn--kbrsglobalstore-7kcc.com\/tr\/wp-json\/wp\/v2\/product_tag?post=35550"}],"curies":[{"name":"wp","href":"https:\/\/api.w.org\/{rel}","templated":true}]}}