{"id":35542,"date":"2026-01-20T11:43:35","date_gmt":"2026-01-20T11:43:35","guid":{"rendered":"https:\/\/xn--kbrsglobalstore-7kcc.com\/?post_type=product&#038;p=35542"},"modified":"2026-01-20T11:43:35","modified_gmt":"2026-01-20T11:43:35","slug":"sumwon-classic-striped-short-sleeve-boys-t-shirt-and-denim-cargo-shorts-two-piece-summer-casual-set-with-drawstring-waist-and-side-pockets-perfect-for-everyday-wear-vacation-activities-kids-outfit","status":"publish","type":"product","link":"https:\/\/xn--kbrsglobalstore-7kcc.com\/tr\/urun\/sumwon-classic-striped-short-sleeve-boys-t-shirt-and-denim-cargo-shorts-two-piece-summer-casual-set-with-drawstring-waist-and-side-pockets-perfect-for-everyday-wear-vacation-activities-kids-outfit\/","title":{"rendered":"SUMWON Klasik \u00c7izgili K\u0131sa Kollu Erkek \u00c7ocuk Ti\u015f\u00f6rt\u00fc ve Kot Kargo \u015eortu \u0130ki Par\u00e7al\u0131 Yazl\u0131k G\u00fcnl\u00fck Tak\u0131m, \u0130pli Bel ve Yan Ceplerle G\u00fcnl\u00fck Giyim, Tatil Aktiviteleri ve \u00c7ocuk K\u0131yafeti \u0130\u00e7in M\u00fckemmel"},"content":{"rendered":"<div class=\"flex flex-col text-sm pb-25\">\n<article class=\"text-token-text-primary w-full focus:outline-none [--shadow-height:45px] has-data-writing-block:pointer-events-none has-data-writing-block:-mt-(--shadow-height) has-data-writing-block:pt-(--shadow-height) [&amp;:has([data-writing-block])&gt;*]:pointer-events-auto scroll-mt-[calc(var(--header-height)+min(200px,max(70px,20svh)))]\" dir=\"auto\" tabindex=\"-1\" data-turn-id=\"aadccaa2-e22e-4db5-b3a8-691132e89790\" data-testid=\"conversation-turn-256\" data-scroll-anchor=\"true\" data-turn=\"assistant\">\n<div class=\"text-base my-auto mx-auto pb-10 [--thread-content-margin:--spacing(4)] @w-sm\/main:[--thread-content-margin:--spacing(6)] @w-lg\/main:[--thread-content-margin:--spacing(16)] px-(--thread-content-margin)\">\n<div class=\"[--thread-content-max-width:40rem] @w-lg\/main:[--thread-content-max-width:48rem] mx-auto max-w-(--thread-content-max-width) flex-1 group\/turn-messages focus-visible:outline-hidden relative flex w-full min-w-0 flex-col agent-turn\" tabindex=\"-1\">\n<div class=\"flex max-w-full flex-col grow\">\n<div class=\"min-h-8 text-message relative flex w-full flex-col items-end gap-2 text-start break-words whitespace-normal [.text-message+&amp;]:mt-1\" dir=\"auto\" data-message-author-role=\"assistant\" data-message-id=\"835063d7-4de3-4004-9b06-14395fd348eb\" data-message-model-slug=\"gpt-5-2\">\n<div class=\"flex w-full flex-col gap-1 empty:hidden first:pt-[1px]\">\n<div class=\"markdown prose dark:prose-invert w-full break-words dark markdown-new-styling\">\n<p data-start=\"78\" data-end=\"753\" data-is-last-node=\"\" data-is-only-node=\"\" class=\"translation-block\"><strong data-start=\"78\" data-end=\"181\">SUMWON Klasik \u00c7izgili K\u0131sa Kollu Erkek \u00c7ocuk Ti\u015f\u00f6rt\u00fc ve Kot Kargo \u015eort \u0130ki Par\u00e7al\u0131 Yazl\u0131k G\u00fcnl\u00fck Tak\u0131m<\/strong>, aktif g\u00fcnl\u00fck kullan\u0131m i\u00e7in tasarlanm\u0131\u015f \u015f\u0131k ve pratik bir k\u0131yafettir. Bu tak\u0131m, zamans\u0131z \u00e7izgili k\u0131sa kollu bir ti\u015f\u00f6rt\u00fc, rahat bir b\u00fczg\u00fcl\u00fc bel ve ek kolayl\u0131k i\u00e7in i\u015flevsel yan cepler i\u00e7eren dayan\u0131kl\u0131 kot kargo \u015fortla birle\u015ftirir. Hafif, nefes alabilen kuma\u015ftan \u00fcretilmi\u015f ve rahat bir kesime sahip olan bu tak\u0131m, oyun ve aktiviteler i\u00e7in t\u00fcm g\u00fcn konfor ve kolay hareket sa\u011flar. G\u00fcnl\u00fck kullan\u0131m, tatiller, seyahatler, a\u00e7\u0131k hava maceralar\u0131 ve g\u00fcndelik geziler i\u00e7in m\u00fckemmel olan bu \u00e7ok y\u00f6nl\u00fc yazl\u0131k tak\u0131m, modern \u00e7ocuklar i\u00e7in klasik stil, konfor ve i\u015flevselli\u011fi bir araya getiriyor.<\/p>\n<\/div>\n<\/div>\n<\/div>\n<\/div>\n<div class=\"z-0 flex min-h-[46px] justify-start\"><\/div>\n<div class=\"mt-3 w-full empty:hidden\">\n<div class=\"text-center\"><\/div>\n<\/div>\n<\/div>\n<\/div>\n<\/article>\n<\/div>\n<div class=\"pointer-events-none h-px w-px absolute bottom-0\" aria-hidden=\"true\" data-edge=\"true\"><\/div>","protected":false},"excerpt":{"rendered":"<p>SUMWON Classic Striped Short Sleeve Boys T-Shirt and Denim Cargo Shorts Two-Piece Summer Casual Set is a stylish and practical outfit designed for active everyday wear. This set features a timeless striped short-sleeve T-shirt paired with durable denim cargo shorts that include a comfortable drawstring waist and functional side pockets for added convenience. Crafted from [&hellip;]<\/p>","protected":false},"featured_media":35543,"comment_status":"open","ping_status":"closed","template":"","meta":{"_monsterinsights_skip_tracking":false,"_monsterinsights_sitenote_active":false,"_monsterinsights_sitenote_note":"","_monsterinsights_sitenote_category":0},"product_brand":[],"product_cat":[113],"product_tag":[],"class_list":{"0":"post-35542","1":"product","2":"type-product","3":"status-publish","4":"has-post-thumbnail","6":"product_cat-kids-clothing","8":"first","9":"instock","10":"shipping-taxable","11":"purchasable","12":"product-type-simple"},"aioseo_notices":[],"_links":{"self":[{"href":"https:\/\/xn--kbrsglobalstore-7kcc.com\/tr\/wp-json\/wp\/v2\/product\/35542","targetHints":{"allow":["GET"]}}],"collection":[{"href":"https:\/\/xn--kbrsglobalstore-7kcc.com\/tr\/wp-json\/wp\/v2\/product"}],"about":[{"href":"https:\/\/xn--kbrsglobalstore-7kcc.com\/tr\/wp-json\/wp\/v2\/types\/product"}],"replies":[{"embeddable":true,"href":"https:\/\/xn--kbrsglobalstore-7kcc.com\/tr\/wp-json\/wp\/v2\/comments?post=35542"}],"wp:featuredmedia":[{"embeddable":true,"href":"https:\/\/xn--kbrsglobalstore-7kcc.com\/tr\/wp-json\/wp\/v2\/media\/35543"}],"wp:attachment":[{"href":"https:\/\/xn--kbrsglobalstore-7kcc.com\/tr\/wp-json\/wp\/v2\/media?parent=35542"}],"wp:term":[{"taxonomy":"product_brand","embeddable":true,"href":"https:\/\/xn--kbrsglobalstore-7kcc.com\/tr\/wp-json\/wp\/v2\/product_brand?post=35542"},{"taxonomy":"product_cat","embeddable":true,"href":"https:\/\/xn--kbrsglobalstore-7kcc.com\/tr\/wp-json\/wp\/v2\/product_cat?post=35542"},{"taxonomy":"product_tag","embeddable":true,"href":"https:\/\/xn--kbrsglobalstore-7kcc.com\/tr\/wp-json\/wp\/v2\/product_tag?post=35542"}],"curies":[{"name":"wp","href":"https:\/\/api.w.org\/{rel}","templated":true}]}}