{"id":35537,"date":"2026-01-20T11:41:09","date_gmt":"2026-01-20T11:41:09","guid":{"rendered":"https:\/\/xn--kbrsglobalstore-7kcc.com\/?post_type=product&#038;p=35537"},"modified":"2026-01-20T11:41:09","modified_gmt":"2026-01-20T11:41:09","slug":"tween-girl-capybara-print-round-neck-t-shirt-summer-top","status":"publish","type":"product","link":"https:\/\/xn--kbrsglobalstore-7kcc.com\/tr\/urun\/tween-girl-capybara-print-round-neck-t-shirt-summer-top\/","title":{"rendered":"Gen\u00e7 K\u0131zlar \u0130\u00e7in Kapibara Bask\u0131l\u0131 Yuvarlak Yaka Ti\u015f\u00f6rt, Yazl\u0131k \u00dcst"},"content":{"rendered":"<div class=\"flex flex-col text-sm pb-25\">\n<article class=\"text-token-text-primary w-full focus:outline-none [--shadow-height:45px] has-data-writing-block:pointer-events-none has-data-writing-block:-mt-(--shadow-height) has-data-writing-block:pt-(--shadow-height) [&amp;:has([data-writing-block])&gt;*]:pointer-events-auto scroll-mt-[calc(var(--header-height)+min(200px,max(70px,20svh)))]\" dir=\"auto\" tabindex=\"-1\" data-turn-id=\"request-695f7258-91a8-8330-a60a-6d7d219bcf3b-18\" data-testid=\"conversation-turn-254\" data-scroll-anchor=\"true\" data-turn=\"assistant\">\n<div class=\"text-base my-auto mx-auto pb-10 [--thread-content-margin:--spacing(4)] @w-sm\/main:[--thread-content-margin:--spacing(6)] @w-lg\/main:[--thread-content-margin:--spacing(16)] px-(--thread-content-margin)\">\n<div class=\"[--thread-content-max-width:40rem] @w-lg\/main:[--thread-content-max-width:48rem] mx-auto max-w-(--thread-content-max-width) flex-1 group\/turn-messages focus-visible:outline-hidden relative flex w-full min-w-0 flex-col agent-turn\" tabindex=\"-1\">\n<div class=\"flex max-w-full flex-col grow\">\n<div class=\"min-h-8 text-message relative flex w-full flex-col items-end gap-2 text-start break-words whitespace-normal [.text-message+&amp;]:mt-1\" dir=\"auto\" data-message-author-role=\"assistant\" data-message-id=\"498e5006-2c26-4698-892f-677e6ceaaa0e\" data-message-model-slug=\"gpt-5-2\">\n<div class=\"flex w-full flex-col gap-1 empty:hidden first:pt-[1px]\">\n<div class=\"markdown prose dark:prose-invert w-full break-words dark markdown-new-styling\">\n<p data-start=\"80\" data-end=\"660\" data-is-last-node=\"\" data-is-only-node=\"\" class=\"translation-block\"><strong data-start=\"80\" data-end=\"128\">Gen\u00e7 K\u0131zlar \u0130\u00e7in Kapibara Bask\u0131l\u0131 Yuvarlak Yaka Ti\u015f\u00f6rt<\/strong>, g\u00fcnl\u00fck rahat tarz i\u00e7in tasarlanm\u0131\u015f sevimli ve rahat bir yazl\u0131k \u00fcstt\u00fcr. Klasik yuvarlak yaka sil\u00fceti \u00fczerine sevimli bir kapibara grafik bask\u0131s\u0131 bulunan bu ti\u015f\u00f6rt, her k\u0131yafete e\u011flenceli ve trend bir dokunu\u015f kat\u0131yor. Yumu\u015fak, nefes alabilen kuma\u015ftan ve rahat kesimden \u00fcretilen bu ti\u015f\u00f6rt, gen\u00e7 k\u0131zlar\u0131 s\u0131cak g\u00fcnlerde serin ve rahat tutar. Okul, geziler, oyun bulu\u015fmalar\u0131, tatiller ve g\u00fcnl\u00fck kullan\u0131m i\u00e7in m\u00fckemmel olan bu \u00e7ok y\u00f6nl\u00fc \u00fcst, kot pantolon, etek veya \u015fortlarla kolayca kombinlenebilir ve her yaz gard\u0131robuna e\u011flenceli ve \u015f\u0131k bir katk\u0131 sa\u011flar.<\/p>\n<\/div>\n<\/div>\n<\/div>\n<\/div>\n<div class=\"z-0 flex min-h-[46px] justify-start\"><\/div>\n<div class=\"mt-3 w-full empty:hidden\">\n<div class=\"text-center\"><\/div>\n<\/div>\n<\/div>\n<\/div>\n<\/article>\n<\/div>\n<div class=\"pointer-events-none h-px w-px absolute bottom-0\" aria-hidden=\"true\" data-edge=\"true\"><\/div>","protected":false},"excerpt":{"rendered":"<p>Tween Girl Capybara Print Round Neck T-Shirt is a cute and comfortable summer top designed for everyday casual style. Featuring an adorable capybara graphic print on a classic round-neck silhouette, this T-shirt brings a playful and trendy touch to any outfit. Crafted from soft, breathable fabric with a relaxed fit, it keeps tween girls cool [&hellip;]<\/p>","protected":false},"featured_media":35538,"comment_status":"open","ping_status":"closed","template":"","meta":{"_monsterinsights_skip_tracking":false,"_monsterinsights_sitenote_active":false,"_monsterinsights_sitenote_note":"","_monsterinsights_sitenote_category":0},"product_brand":[],"product_cat":[113],"product_tag":[],"class_list":{"0":"post-35537","1":"product","2":"type-product","3":"status-publish","4":"has-post-thumbnail","6":"product_cat-kids-clothing","8":"first","9":"instock","10":"shipping-taxable","11":"purchasable","12":"product-type-simple"},"aioseo_notices":[],"_links":{"self":[{"href":"https:\/\/xn--kbrsglobalstore-7kcc.com\/tr\/wp-json\/wp\/v2\/product\/35537","targetHints":{"allow":["GET"]}}],"collection":[{"href":"https:\/\/xn--kbrsglobalstore-7kcc.com\/tr\/wp-json\/wp\/v2\/product"}],"about":[{"href":"https:\/\/xn--kbrsglobalstore-7kcc.com\/tr\/wp-json\/wp\/v2\/types\/product"}],"replies":[{"embeddable":true,"href":"https:\/\/xn--kbrsglobalstore-7kcc.com\/tr\/wp-json\/wp\/v2\/comments?post=35537"}],"wp:featuredmedia":[{"embeddable":true,"href":"https:\/\/xn--kbrsglobalstore-7kcc.com\/tr\/wp-json\/wp\/v2\/media\/35538"}],"wp:attachment":[{"href":"https:\/\/xn--kbrsglobalstore-7kcc.com\/tr\/wp-json\/wp\/v2\/media?parent=35537"}],"wp:term":[{"taxonomy":"product_brand","embeddable":true,"href":"https:\/\/xn--kbrsglobalstore-7kcc.com\/tr\/wp-json\/wp\/v2\/product_brand?post=35537"},{"taxonomy":"product_cat","embeddable":true,"href":"https:\/\/xn--kbrsglobalstore-7kcc.com\/tr\/wp-json\/wp\/v2\/product_cat?post=35537"},{"taxonomy":"product_tag","embeddable":true,"href":"https:\/\/xn--kbrsglobalstore-7kcc.com\/tr\/wp-json\/wp\/v2\/product_tag?post=35537"}],"curies":[{"name":"wp","href":"https:\/\/api.w.org\/{rel}","templated":true}]}}