{"id":35527,"date":"2026-01-20T11:39:10","date_gmt":"2026-01-20T11:39:10","guid":{"rendered":"https:\/\/xn--kbrsglobalstore-7kcc.com\/?post_type=product&#038;p=35527"},"modified":"2026-01-20T11:39:10","modified_gmt":"2026-01-20T11:39:10","slug":"shein-2pcs-tween-boy-casual-contrast-color-pattern-round-neck-short-sleeve-t-shirt-and-contrast-stitching-cargo-shorts-set-suitable-for-commuting-school-casual-wear-sports-spring-summer","status":"publish","type":"product","link":"https:\/\/xn--kbrsglobalstore-7kcc.com\/tr\/urun\/shein-2pcs-tween-boy-casual-contrast-color-pattern-round-neck-short-sleeve-t-shirt-and-contrast-stitching-cargo-shorts-set-suitable-for-commuting-school-casual-wear-sports-spring-summer\/","title":{"rendered":"SHEIN 2 Par\u00e7al\u0131 Gen\u00e7 Erkek \u00c7ocuk G\u00fcnl\u00fck Kontrast Renk Desenli Yuvarlak Yaka K\u0131sa Kollu Ti\u015f\u00f6rt ve Kontrast Diki\u015fli Kargo \u015eort Tak\u0131m\u0131, \u0130\u015fe Gidip Gelme, Okul, G\u00fcnl\u00fck Giyim, Spor, \u0130lkbahar\/Yaz \u0130\u00e7in Uygundur"},"content":{"rendered":"<div class=\"flex max-w-full flex-col grow\">\n<div class=\"min-h-8 text-message relative flex w-full flex-col items-end gap-2 text-start break-words whitespace-normal [.text-message+&amp;]:mt-1\" dir=\"auto\" data-message-author-role=\"assistant\" data-message-id=\"6770587a-81b8-4eea-ae07-d1c4d0da92fb\" data-message-model-slug=\"gpt-5-2\">\n<div class=\"flex w-full flex-col gap-1 empty:hidden first:pt-[1px]\">\n<div class=\"markdown prose dark:prose-invert w-full break-words dark markdown-new-styling\">\n<p data-start=\"78\" data-end=\"779\" data-is-last-node=\"\" data-is-only-node=\"\" class=\"translation-block\"><strong data-start=\"78\" data-end=\"204\">SHEIN 2 Par\u00e7al\u0131 Gen\u00e7 Erkek \u00c7ocuk G\u00fcnl\u00fck Kontrast Renk Desenli Yuvarlak Yaka K\u0131sa Kollu Ti\u015f\u00f6rt ve Kontrast Diki\u015fli Kargo \u015eort Tak\u0131m\u0131<\/strong>, aktif g\u00fcnl\u00fck kullan\u0131m i\u00e7in tasarlanm\u0131\u015f \u015f\u0131k ve pratik bir k\u0131yafet setidir. Set, modern kontrast renk desenli yuvarlak yakal\u0131 bir ti\u015f\u00f6rt\u00fc, kontrast diki\u015f detayl\u0131 trend kargo \u015fortla birle\u015ftirerek haval\u0131 ve sportif bir g\u00f6r\u00fcn\u00fcm yarat\u0131r. Hafif, nefes alabilen kuma\u015ftan \u00fcretilen ve rahat bir kesime sahip olan bu set, erkek \u00e7ocuklar\u0131n g\u00fcn boyu serin ve rahat kalmas\u0131n\u0131 sa\u011flarken hareket kolayl\u0131\u011f\u0131 da sunar. \u0130lkbahar ve yaz aylar\u0131nda i\u015fe gidip gelme, okul, g\u00fcnl\u00fck geziler, spor ve a\u00e7\u0131k hava aktiviteleri i\u00e7in m\u00fckemmel olan bu \u00e7ok y\u00f6nl\u00fc iki par\u00e7al\u0131 set, gen\u00e7 erkek \u00e7ocuklar i\u00e7in moda, konfor ve i\u015flevselli\u011fi bir araya getiriyor.<\/p>\n<\/div>\n<\/div>\n<\/div>\n<\/div>\n<div class=\"z-0 flex min-h-[46px] justify-start\"><\/div>\n<div class=\"border-token-border-light my-2 flex gap-10 border-t pt-4\">\n<div class=\"flex items-center justify-center overflow-hidden h-12 w-12 rounded-lg\"><\/div>\n<\/div>","protected":false},"excerpt":{"rendered":"<p>SHEIN 2pcs Tween Boy Casual Contrast Color Pattern Round Neck Short Sleeve T-Shirt and Contrast Stitching Cargo Shorts Set is a stylish and practical outfit designed for active everyday wear. The set features a modern contrast-color patterned round-neck T-shirt paired with trendy cargo shorts detailed with contrast stitching, creating a cool, sporty look. Crafted from [&hellip;]<\/p>","protected":false},"featured_media":35528,"comment_status":"open","ping_status":"closed","template":"","meta":{"_monsterinsights_skip_tracking":false,"_monsterinsights_sitenote_active":false,"_monsterinsights_sitenote_note":"","_monsterinsights_sitenote_category":0},"product_brand":[],"product_cat":[113],"product_tag":[],"class_list":{"0":"post-35527","1":"product","2":"type-product","3":"status-publish","4":"has-post-thumbnail","6":"product_cat-kids-clothing","8":"first","9":"instock","10":"shipping-taxable","11":"purchasable","12":"product-type-simple"},"aioseo_notices":[],"_links":{"self":[{"href":"https:\/\/xn--kbrsglobalstore-7kcc.com\/tr\/wp-json\/wp\/v2\/product\/35527","targetHints":{"allow":["GET"]}}],"collection":[{"href":"https:\/\/xn--kbrsglobalstore-7kcc.com\/tr\/wp-json\/wp\/v2\/product"}],"about":[{"href":"https:\/\/xn--kbrsglobalstore-7kcc.com\/tr\/wp-json\/wp\/v2\/types\/product"}],"replies":[{"embeddable":true,"href":"https:\/\/xn--kbrsglobalstore-7kcc.com\/tr\/wp-json\/wp\/v2\/comments?post=35527"}],"wp:featuredmedia":[{"embeddable":true,"href":"https:\/\/xn--kbrsglobalstore-7kcc.com\/tr\/wp-json\/wp\/v2\/media\/35528"}],"wp:attachment":[{"href":"https:\/\/xn--kbrsglobalstore-7kcc.com\/tr\/wp-json\/wp\/v2\/media?parent=35527"}],"wp:term":[{"taxonomy":"product_brand","embeddable":true,"href":"https:\/\/xn--kbrsglobalstore-7kcc.com\/tr\/wp-json\/wp\/v2\/product_brand?post=35527"},{"taxonomy":"product_cat","embeddable":true,"href":"https:\/\/xn--kbrsglobalstore-7kcc.com\/tr\/wp-json\/wp\/v2\/product_cat?post=35527"},{"taxonomy":"product_tag","embeddable":true,"href":"https:\/\/xn--kbrsglobalstore-7kcc.com\/tr\/wp-json\/wp\/v2\/product_tag?post=35527"}],"curies":[{"name":"wp","href":"https:\/\/api.w.org\/{rel}","templated":true}]}}