{"id":35523,"date":"2026-01-20T11:36:53","date_gmt":"2026-01-20T11:36:53","guid":{"rendered":"https:\/\/xn--kbrsglobalstore-7kcc.com\/?post_type=product&#038;p=35523"},"modified":"2026-01-20T11:36:53","modified_gmt":"2026-01-20T11:36:53","slug":"shein-young-boy-loose-and-comfortable-t-shirt-with-los-angeles-patterned-shorts-2pcs-casual-and-cute-outfits-suitable-for-school-party-outing-and-exercise-age-4-7-green-kids-outfit","status":"publish","type":"product","link":"https:\/\/xn--kbrsglobalstore-7kcc.com\/tr\/urun\/shein-young-boy-loose-and-comfortable-t-shirt-with-los-angeles-patterned-shorts-2pcs-casual-and-cute-outfits-suitable-for-school-party-outing-and-exercise-age-4-7-green-kids-outfit\/","title":{"rendered":"SHEIN Gen\u00e7 Erkek \u00c7ocuk Bol ve Rahat Ti\u015f\u00f6rt ve Los Angeles Desenli \u015eort, Okul, Parti, Gezinti ve Egzersiz \u0130\u00e7in Uygun 2 Par\u00e7a G\u00fcnl\u00fck ve Sevimli K\u0131yafet, 4-7 Ya\u015f Ye\u015fil \u00c7ocuk K\u0131yafeti"},"content":{"rendered":"<p>&nbsp;<\/p>\n<p class=\"translation-block\"><strong>SHEIN Gen\u00e7 Erkek \u00c7ocuklar \u0130\u00e7in Bol ve Rahat Ti\u015f\u00f6rt ve Los Angeles Desenli \u015eort (2 Par\u00e7a Set)<\/strong>, 4-7 ya\u015f aras\u0131 aktif erkek \u00e7ocuklar i\u00e7in tasarlanm\u0131\u015f e\u011flenceli, rahat ve pratik bir k\u0131yafet setidir. Bu set, yumu\u015fak, bol kesimli bir ti\u015f\u00f6rt\u00fc \u015f\u0131k Los Angeles desenli \u015fortla birle\u015ftirerek \u00e7ocuklar\u0131n sevece\u011fi haval\u0131 ve e\u011flenceli bir g\u00f6r\u00fcn\u00fcm yarat\u0131r. Hafif, nefes alabilen kuma\u015ftan \u00fcretilmi\u015f ve rahat bir kesime sahip olan bu set, ko\u015fma, oyun oynama ve g\u00fcnl\u00fck aktiviteler i\u00e7in g\u00fcn boyu konfor ve kolay hareket imkan\u0131 sa\u011flar. Okul, partiler, geziler, a\u00e7\u0131k hava oyunlar\u0131 ve egzersiz i\u00e7in m\u00fckemmel olan bu ye\u015fil iki par\u00e7al\u0131 k\u0131yafet, gen\u00e7 erkek \u00e7ocuklar i\u00e7in konfor, \u015firinlik ve modern g\u00fcnl\u00fck tarz\u0131n harika bir kar\u0131\u015f\u0131m\u0131n\u0131 sunar.<\/p>","protected":false},"excerpt":{"rendered":"<p>&nbsp; SHEIN Young Boy Loose and Comfortable T-Shirt With Los Angeles Patterned Shorts (2pcs Set) is a fun, casual, and practical outfit designed for active boys aged 4\u20137. This set features a soft, loose-fitting T-shirt paired with stylish Los Angeles patterned shorts, creating a cool and playful look that kids will love. Crafted from lightweight, [&hellip;]<\/p>","protected":false},"featured_media":35524,"comment_status":"open","ping_status":"closed","template":"","meta":{"_monsterinsights_skip_tracking":false,"_monsterinsights_sitenote_active":false,"_monsterinsights_sitenote_note":"","_monsterinsights_sitenote_category":0},"product_brand":[],"product_cat":[113],"product_tag":[],"class_list":{"0":"post-35523","1":"product","2":"type-product","3":"status-publish","4":"has-post-thumbnail","6":"product_cat-kids-clothing","8":"first","9":"instock","10":"shipping-taxable","11":"purchasable","12":"product-type-simple"},"aioseo_notices":[],"_links":{"self":[{"href":"https:\/\/xn--kbrsglobalstore-7kcc.com\/tr\/wp-json\/wp\/v2\/product\/35523","targetHints":{"allow":["GET"]}}],"collection":[{"href":"https:\/\/xn--kbrsglobalstore-7kcc.com\/tr\/wp-json\/wp\/v2\/product"}],"about":[{"href":"https:\/\/xn--kbrsglobalstore-7kcc.com\/tr\/wp-json\/wp\/v2\/types\/product"}],"replies":[{"embeddable":true,"href":"https:\/\/xn--kbrsglobalstore-7kcc.com\/tr\/wp-json\/wp\/v2\/comments?post=35523"}],"wp:featuredmedia":[{"embeddable":true,"href":"https:\/\/xn--kbrsglobalstore-7kcc.com\/tr\/wp-json\/wp\/v2\/media\/35524"}],"wp:attachment":[{"href":"https:\/\/xn--kbrsglobalstore-7kcc.com\/tr\/wp-json\/wp\/v2\/media?parent=35523"}],"wp:term":[{"taxonomy":"product_brand","embeddable":true,"href":"https:\/\/xn--kbrsglobalstore-7kcc.com\/tr\/wp-json\/wp\/v2\/product_brand?post=35523"},{"taxonomy":"product_cat","embeddable":true,"href":"https:\/\/xn--kbrsglobalstore-7kcc.com\/tr\/wp-json\/wp\/v2\/product_cat?post=35523"},{"taxonomy":"product_tag","embeddable":true,"href":"https:\/\/xn--kbrsglobalstore-7kcc.com\/tr\/wp-json\/wp\/v2\/product_tag?post=35523"}],"curies":[{"name":"wp","href":"https:\/\/api.w.org\/{rel}","templated":true}]}}