{"id":35508,"date":"2026-01-20T11:31:17","date_gmt":"2026-01-20T11:31:17","guid":{"rendered":"https:\/\/xn--kbrsglobalstore-7kcc.com\/?post_type=product&#038;p=35508"},"modified":"2026-01-20T11:31:17","modified_gmt":"2026-01-20T11:31:17","slug":"sumwon-cool-vibes-kids-oversized-summer-co-ord-set-t-shirt-matching-shorts-casual-wear-comfortable-vacation-boys-outfit-with-white-letters-design","status":"publish","type":"product","link":"https:\/\/xn--kbrsglobalstore-7kcc.com\/tr\/urun\/sumwon-cool-vibes-kids-oversized-summer-co-ord-set-t-shirt-matching-shorts-casual-wear-comfortable-vacation-boys-outfit-with-white-letters-design\/","title":{"rendered":"SUMWON Cool Vibes \u00c7ocuklar \u0130\u00e7in B\u00fcy\u00fck Beden Yazl\u0131k Tak\u0131m Ti\u015f\u00f6rt ve \u015eort, Rahat Tatil K\u0131yafeti, Beyaz Harflerle Tasarlanm\u0131\u015f Erkek \u00c7ocuk K\u0131yafeti"},"content":{"rendered":"<p class=\"translation-block\"><strong data-start=\"78\" data-end=\"132\">SUMWON Cool Vibes \u00c7ocuk Oversize Yazl\u0131k Tak\u0131m<\/strong>, rahat yaz g\u00fcnleri ve tatiller i\u00e7in tasarlanm\u0131\u015f \u015f\u0131k ve konforlu iki par\u00e7al\u0131 bir k\u0131yafet setidir. Cesur beyaz harf desenli oversize bir ti\u015f\u00f6rt ve ona uygun rahat \u015forttan olu\u015fan bu set, rahat bir havayla trend bir sokak stili g\u00f6r\u00fcn\u00fcm\u00fc sunar. Yumu\u015fak, hafif ve nefes alabilen kuma\u015ftan \u00fcretilen bu set, erkek \u00e7ocuklar\u0131n g\u00fcn boyu serin ve rahat kalmas\u0131n\u0131 sa\u011flarken, oyun ve aktiviteler i\u00e7in kolay hareket imkan\u0131 sunar. Tatiller, plaj gezileri, seyahatler, a\u00e7\u0131k hava etkinlikleri ve g\u00fcnl\u00fck rahat giyim i\u00e7in m\u00fckemmel olan bu tak\u0131m, aktif gen\u00e7 erkek \u00e7ocuklar i\u00e7in modern moday\u0131 zahmetsiz konforla birle\u015ftirir.<\/p>","protected":false},"excerpt":{"rendered":"<p>SUMWON Cool Vibes Kids Oversized Summer Co-Ord Set is a stylish and comfortable two-piece outfit designed for relaxed summer days and vacations. Featuring an oversized T-shirt with a bold white letters design paired with matching casual shorts, this set delivers a trendy street-style look with a laid-back vibe. Crafted from soft, lightweight, and breathable fabric, [&hellip;]<\/p>","protected":false},"featured_media":35509,"comment_status":"open","ping_status":"closed","template":"","meta":{"_monsterinsights_skip_tracking":false,"_monsterinsights_sitenote_active":false,"_monsterinsights_sitenote_note":"","_monsterinsights_sitenote_category":0},"product_brand":[],"product_cat":[113],"product_tag":[],"class_list":{"0":"post-35508","1":"product","2":"type-product","3":"status-publish","4":"has-post-thumbnail","6":"product_cat-kids-clothing","8":"first","9":"instock","10":"shipping-taxable","11":"purchasable","12":"product-type-simple"},"aioseo_notices":[],"_links":{"self":[{"href":"https:\/\/xn--kbrsglobalstore-7kcc.com\/tr\/wp-json\/wp\/v2\/product\/35508","targetHints":{"allow":["GET"]}}],"collection":[{"href":"https:\/\/xn--kbrsglobalstore-7kcc.com\/tr\/wp-json\/wp\/v2\/product"}],"about":[{"href":"https:\/\/xn--kbrsglobalstore-7kcc.com\/tr\/wp-json\/wp\/v2\/types\/product"}],"replies":[{"embeddable":true,"href":"https:\/\/xn--kbrsglobalstore-7kcc.com\/tr\/wp-json\/wp\/v2\/comments?post=35508"}],"wp:featuredmedia":[{"embeddable":true,"href":"https:\/\/xn--kbrsglobalstore-7kcc.com\/tr\/wp-json\/wp\/v2\/media\/35509"}],"wp:attachment":[{"href":"https:\/\/xn--kbrsglobalstore-7kcc.com\/tr\/wp-json\/wp\/v2\/media?parent=35508"}],"wp:term":[{"taxonomy":"product_brand","embeddable":true,"href":"https:\/\/xn--kbrsglobalstore-7kcc.com\/tr\/wp-json\/wp\/v2\/product_brand?post=35508"},{"taxonomy":"product_cat","embeddable":true,"href":"https:\/\/xn--kbrsglobalstore-7kcc.com\/tr\/wp-json\/wp\/v2\/product_cat?post=35508"},{"taxonomy":"product_tag","embeddable":true,"href":"https:\/\/xn--kbrsglobalstore-7kcc.com\/tr\/wp-json\/wp\/v2\/product_tag?post=35508"}],"curies":[{"name":"wp","href":"https:\/\/api.w.org\/{rel}","templated":true}]}}