{"id":35502,"date":"2026-01-20T11:28:36","date_gmt":"2026-01-20T11:28:36","guid":{"rendered":"https:\/\/xn--kbrsglobalstore-7kcc.com\/?post_type=product&#038;p=35502"},"modified":"2026-01-20T11:28:36","modified_gmt":"2026-01-20T11:28:36","slug":"shein-sweet-cool-mini-bow-print-ballerina-style-tween-girls-casual-street-fashion-retro-collegiate-asymmetric-neck-loose-personalized-drop-shoulder-short-sleeve-comfortable-cotton-solid-color-t-sh","status":"publish","type":"product","link":"https:\/\/xn--kbrsglobalstore-7kcc.com\/tr\/urun\/shein-sweet-cool-mini-bow-print-ballerina-style-tween-girls-casual-street-fashion-retro-collegiate-asymmetric-neck-loose-personalized-drop-shoulder-short-sleeve-comfortable-cotton-solid-color-t-sh\/","title":{"rendered":"SHEIN Tatl\u0131 ve Haval\u0131 Mini Fiyonk Bask\u0131l\u0131, Balerin Tarz\u0131, Gen\u00e7 K\u0131zlar \u0130\u00e7in G\u00fcnl\u00fck Sokak Modas\u0131 Retro Kolej Tarz\u0131 Asimetrik Yaka Bol Kesim Ki\u015fiselle\u015ftirilmi\u015f D\u00fc\u015f\u00fck Omuz K\u0131sa Kollu Rahat Pamuklu D\u00fcz Renk Ti\u015f\u00f6rt"},"content":{"rendered":"<p class=\"translation-block\"><strong data-start=\"74\" data-end=\"135\">SHEIN Tatl\u0131 ve Haval\u0131 Mini Fiyonk Bask\u0131l\u0131 Balerin Tarz\u0131 Ti\u015f\u00f6rt<\/strong>, modaya uygun, rahat ve trend bir sokak modas\u0131 \u00fcst\u00fcd\u00fcr ve moday\u0131 takip eden gen\u00e7 k\u0131zlar i\u00e7in tasarlanm\u0131\u015ft\u0131r. Retro kolej ve balerin esintili bir esteti\u011fe sahip, e\u011flenceli mini fiyonk bask\u0131s\u0131yla bu ti\u015f\u00f6rt, tatl\u0131 ve haval\u0131 tarz\u0131n e\u015fsiz bir kar\u0131\u015f\u0131m\u0131n\u0131 sunar. Asimetrik yaka ve d\u00fc\u015f\u00fck omuz tasar\u0131m\u0131 rahat ve modern bir sil\u00fcet olu\u015ftururken, bol kesim zahmetsiz bir sokak giyimi havas\u0131 kat\u0131yor. Yumu\u015fak, nefes alabilen pamuktan d\u00fcz renkte \u00fcretilen bu ti\u015f\u00f6rt, okul, g\u00fcndelik geziler, arkada\u015f bulu\u015fmalar\u0131 ve g\u00fcnl\u00fck kullan\u0131m i\u00e7in g\u00fcn boyu konfor sa\u011flar. Kot pantolon, etek veya kargo pantolonlarla kolayca kombinlenebilen bu ki\u015fiselle\u015ftirilmi\u015f k\u0131sa kollu ti\u015f\u00f6rt, her gen\u00e7 k\u0131z\u0131n gard\u0131robuna \u015f\u0131k ve gen\u00e7 bir hava kat\u0131yor.<\/p>","protected":false},"excerpt":{"rendered":"<p>SHEIN Sweet &amp; Cool Mini Bow Print Ballerina Style T-Shirt is a trendy and comfortable street-fashion top designed for fashion-forward tween girls. Featuring a playful mini bow print with a retro collegiate and ballerina-inspired aesthetic, this T-shirt delivers a unique blend of sweet and cool style. The asymmetric neckline and drop-shoulder design create a relaxed, [&hellip;]<\/p>","protected":false},"featured_media":35503,"comment_status":"open","ping_status":"closed","template":"","meta":{"_monsterinsights_skip_tracking":false,"_monsterinsights_sitenote_active":false,"_monsterinsights_sitenote_note":"","_monsterinsights_sitenote_category":0},"product_brand":[],"product_cat":[113],"product_tag":[],"class_list":{"0":"post-35502","1":"product","2":"type-product","3":"status-publish","4":"has-post-thumbnail","6":"product_cat-kids-clothing","8":"first","9":"instock","10":"shipping-taxable","11":"purchasable","12":"product-type-simple"},"aioseo_notices":[],"_links":{"self":[{"href":"https:\/\/xn--kbrsglobalstore-7kcc.com\/tr\/wp-json\/wp\/v2\/product\/35502","targetHints":{"allow":["GET"]}}],"collection":[{"href":"https:\/\/xn--kbrsglobalstore-7kcc.com\/tr\/wp-json\/wp\/v2\/product"}],"about":[{"href":"https:\/\/xn--kbrsglobalstore-7kcc.com\/tr\/wp-json\/wp\/v2\/types\/product"}],"replies":[{"embeddable":true,"href":"https:\/\/xn--kbrsglobalstore-7kcc.com\/tr\/wp-json\/wp\/v2\/comments?post=35502"}],"wp:featuredmedia":[{"embeddable":true,"href":"https:\/\/xn--kbrsglobalstore-7kcc.com\/tr\/wp-json\/wp\/v2\/media\/35503"}],"wp:attachment":[{"href":"https:\/\/xn--kbrsglobalstore-7kcc.com\/tr\/wp-json\/wp\/v2\/media?parent=35502"}],"wp:term":[{"taxonomy":"product_brand","embeddable":true,"href":"https:\/\/xn--kbrsglobalstore-7kcc.com\/tr\/wp-json\/wp\/v2\/product_brand?post=35502"},{"taxonomy":"product_cat","embeddable":true,"href":"https:\/\/xn--kbrsglobalstore-7kcc.com\/tr\/wp-json\/wp\/v2\/product_cat?post=35502"},{"taxonomy":"product_tag","embeddable":true,"href":"https:\/\/xn--kbrsglobalstore-7kcc.com\/tr\/wp-json\/wp\/v2\/product_tag?post=35502"}],"curies":[{"name":"wp","href":"https:\/\/api.w.org\/{rel}","templated":true}]}}