{"id":35495,"date":"2026-01-20T11:26:31","date_gmt":"2026-01-20T11:26:31","guid":{"rendered":"https:\/\/xn--kbrsglobalstore-7kcc.com\/?post_type=product&#038;p=35495"},"modified":"2026-01-20T11:26:32","modified_gmt":"2026-01-20T11:26:32","slug":"2pcs-casual-all-match-matching-short-sleeve-t-shirt-and-long-pants-set-for-young-boys-suitable-for-outings-school-daily-gatherings-spring-summer","status":"publish","type":"product","link":"https:\/\/xn--kbrsglobalstore-7kcc.com\/tr\/urun\/2pcs-casual-all-match-matching-short-sleeve-t-shirt-and-long-pants-set-for-young-boys-suitable-for-outings-school-daily-gatherings-spring-summer\/","title":{"rendered":"Gen\u00e7 erkek \u00e7ocuklar i\u00e7in 2 par\u00e7al\u0131, her \u015feyle uyumlu, k\u0131sa kollu ti\u015f\u00f6rt ve uzun pantolon tak\u0131m\u0131; geziler, okul, g\u00fcnl\u00fck bulu\u015fmalar, ilkbahar\/yaz i\u00e7in uygundur."},"content":{"rendered":"<p class=\"translation-block\"><strong data-start=\"80\" data-end=\"160\">Gen\u00e7 Erkek \u00c7ocuklar \u0130\u00e7in 2 Par\u00e7al\u0131 Rahat, Her \u015eeye Uyumlu K\u0131sa Kollu Ti\u015f\u00f6rt ve Uzun Pantolon Tak\u0131m\u0131<\/strong>, g\u00fcnl\u00fck kullan\u0131m ve kolay kombinleme i\u00e7in tasarlanm\u0131\u015f rahat ve \u00e7ok y\u00f6nl\u00fc bir k\u0131yafettir. Klasik k\u0131sa kollu ti\u015f\u00f6rt ve ona uygun uzun pantolondan olu\u015fan bu tak\u0131m, \u00e7e\u015fitli durumlara uygun rahat ve uyumlu bir g\u00f6r\u00fcn\u00fcm sunar. Yumu\u015fak, nefes alabilen kuma\u015ftan \u00fcretilmi\u015f ve rahat bir kesime sahip olan bu tak\u0131m, \u00e7ocuklar\u0131n g\u00fcn boyunca serin ve rahat hissetmelerini sa\u011flarken hareket \u00f6zg\u00fcrl\u00fc\u011f\u00fc de sunar. \u0130lkbahar ve yaz aylar\u0131nda geziler, okul, oyun bulu\u015fmalar\u0131, aile toplant\u0131lar\u0131 ve g\u00fcnl\u00fck rahat giyim i\u00e7in m\u00fckemmel olan bu iki par\u00e7al\u0131 tak\u0131m, aktif gen\u00e7 erkek \u00e7ocuklar i\u00e7in pratikli\u011fi zahmetsiz stille birle\u015ftirir.<\/p>","protected":false},"excerpt":{"rendered":"<p>2pcs Casual All-Match Short-Sleeve T-Shirt and Long Pants Set for Young Boys is a comfortable and versatile outfit designed for everyday wear and easy styling. Featuring a classic short-sleeve T-shirt paired with matching long pants, this set offers a relaxed, coordinated look that suits a variety of occasions. Crafted from soft, breathable fabric with a [&hellip;]<\/p>","protected":false},"featured_media":35496,"comment_status":"open","ping_status":"closed","template":"","meta":{"_monsterinsights_skip_tracking":false,"_monsterinsights_sitenote_active":false,"_monsterinsights_sitenote_note":"","_monsterinsights_sitenote_category":0},"product_brand":[],"product_cat":[113],"product_tag":[],"class_list":{"0":"post-35495","1":"product","2":"type-product","3":"status-publish","4":"has-post-thumbnail","6":"product_cat-kids-clothing","8":"first","9":"instock","10":"shipping-taxable","11":"purchasable","12":"product-type-simple"},"aioseo_notices":[],"_links":{"self":[{"href":"https:\/\/xn--kbrsglobalstore-7kcc.com\/tr\/wp-json\/wp\/v2\/product\/35495","targetHints":{"allow":["GET"]}}],"collection":[{"href":"https:\/\/xn--kbrsglobalstore-7kcc.com\/tr\/wp-json\/wp\/v2\/product"}],"about":[{"href":"https:\/\/xn--kbrsglobalstore-7kcc.com\/tr\/wp-json\/wp\/v2\/types\/product"}],"replies":[{"embeddable":true,"href":"https:\/\/xn--kbrsglobalstore-7kcc.com\/tr\/wp-json\/wp\/v2\/comments?post=35495"}],"wp:featuredmedia":[{"embeddable":true,"href":"https:\/\/xn--kbrsglobalstore-7kcc.com\/tr\/wp-json\/wp\/v2\/media\/35496"}],"wp:attachment":[{"href":"https:\/\/xn--kbrsglobalstore-7kcc.com\/tr\/wp-json\/wp\/v2\/media?parent=35495"}],"wp:term":[{"taxonomy":"product_brand","embeddable":true,"href":"https:\/\/xn--kbrsglobalstore-7kcc.com\/tr\/wp-json\/wp\/v2\/product_brand?post=35495"},{"taxonomy":"product_cat","embeddable":true,"href":"https:\/\/xn--kbrsglobalstore-7kcc.com\/tr\/wp-json\/wp\/v2\/product_cat?post=35495"},{"taxonomy":"product_tag","embeddable":true,"href":"https:\/\/xn--kbrsglobalstore-7kcc.com\/tr\/wp-json\/wp\/v2\/product_tag?post=35495"}],"curies":[{"name":"wp","href":"https:\/\/api.w.org\/{rel}","templated":true}]}}