{"id":35490,"date":"2026-01-20T11:24:15","date_gmt":"2026-01-20T11:24:15","guid":{"rendered":"https:\/\/xn--kbrsglobalstore-7kcc.com\/?post_type=product&#038;p=35490"},"modified":"2026-01-20T11:24:15","modified_gmt":"2026-01-20T11:24:15","slug":"tween-girl-casual-solid-color-crew-neck-short-sleeve-cinched-waist-t-shirt-summer-fashionable-streetwear-t-shirt","status":"publish","type":"product","link":"https:\/\/xn--kbrsglobalstore-7kcc.com\/tr\/urun\/tween-girl-casual-solid-color-crew-neck-short-sleeve-cinched-waist-t-shirt-summer-fashionable-streetwear-t-shirt\/","title":{"rendered":"Gen\u00e7 K\u0131zlar \u0130\u00e7in G\u00fcnl\u00fck D\u00fcz Renk Yuvarlak Yaka K\u0131sa Kollu Belden B\u00fczg\u00fcl\u00fc Ti\u015f\u00f6rt, Yazl\u0131k \u015e\u0131k Sokak Giyim Ti\u015f\u00f6rt\u00fc"},"content":{"rendered":"<p class=\"translation-block\"><strong data-start=\"79\" data-end=\"157\">Gen\u00e7 K\u0131zlar \u0130\u00e7in G\u00fcnl\u00fck D\u00fcz Renk Yuvarlak Yaka K\u0131sa Kollu B\u00fczg\u00fcl\u00fc Bel Ti\u015f\u00f6rt\u00fc<\/strong>, \u015f\u0131k g\u00fcnl\u00fck kullan\u0131m i\u00e7in tasarlanm\u0131\u015f, trend ve rahat bir yazl\u0131k temel par\u00e7ad\u0131r. Klasik yuvarlak yakas\u0131, k\u0131sa kollar\u0131 ve beli vurgulayan detay\u0131yla bu ti\u015f\u00f6rt, rahat bir sokak giyim havas\u0131 yarat\u0131rken \u015f\u0131k ve feminen bir sil\u00fcet olu\u015fturur. Yumu\u015fak ve nefes alabilen kuma\u015ftan \u00fcretilen bu ti\u015f\u00f6rt, gen\u00e7 k\u0131zlar\u0131 g\u00fcn boyu serin ve rahat tutar. G\u00fcnl\u00fck geziler, okul, arkada\u015f bulu\u015fmalar\u0131, seyahat ve g\u00fcnl\u00fck kullan\u0131m i\u00e7in m\u00fckemmel olan bu \u00e7ok y\u00f6nl\u00fc \u00fcst, kot pantolon, etek veya \u015fortlarla zahmetsizce kombinlenebilir ve her yaz gard\u0131robuna \u015f\u0131k ve pratik bir katk\u0131 sa\u011flar.<\/p>","protected":false},"excerpt":{"rendered":"<p>Tween Girl Casual Solid Color Crew Neck Short Sleeve Cinched Waist T-Shirt is a trendy and comfortable summer essential designed for stylish everyday wear. Featuring a classic crew neckline with short sleeves and a flattering cinched waist detail, this T-shirt creates a chic, feminine silhouette while maintaining a relaxed streetwear vibe. Crafted from soft, breathable [&hellip;]<\/p>","protected":false},"featured_media":35491,"comment_status":"open","ping_status":"closed","template":"","meta":{"_monsterinsights_skip_tracking":false,"_monsterinsights_sitenote_active":false,"_monsterinsights_sitenote_note":"","_monsterinsights_sitenote_category":0},"product_brand":[],"product_cat":[113],"product_tag":[],"class_list":{"0":"post-35490","1":"product","2":"type-product","3":"status-publish","4":"has-post-thumbnail","6":"product_cat-kids-clothing","8":"first","9":"instock","10":"shipping-taxable","11":"purchasable","12":"product-type-simple"},"aioseo_notices":[],"_links":{"self":[{"href":"https:\/\/xn--kbrsglobalstore-7kcc.com\/tr\/wp-json\/wp\/v2\/product\/35490","targetHints":{"allow":["GET"]}}],"collection":[{"href":"https:\/\/xn--kbrsglobalstore-7kcc.com\/tr\/wp-json\/wp\/v2\/product"}],"about":[{"href":"https:\/\/xn--kbrsglobalstore-7kcc.com\/tr\/wp-json\/wp\/v2\/types\/product"}],"replies":[{"embeddable":true,"href":"https:\/\/xn--kbrsglobalstore-7kcc.com\/tr\/wp-json\/wp\/v2\/comments?post=35490"}],"wp:featuredmedia":[{"embeddable":true,"href":"https:\/\/xn--kbrsglobalstore-7kcc.com\/tr\/wp-json\/wp\/v2\/media\/35491"}],"wp:attachment":[{"href":"https:\/\/xn--kbrsglobalstore-7kcc.com\/tr\/wp-json\/wp\/v2\/media?parent=35490"}],"wp:term":[{"taxonomy":"product_brand","embeddable":true,"href":"https:\/\/xn--kbrsglobalstore-7kcc.com\/tr\/wp-json\/wp\/v2\/product_brand?post=35490"},{"taxonomy":"product_cat","embeddable":true,"href":"https:\/\/xn--kbrsglobalstore-7kcc.com\/tr\/wp-json\/wp\/v2\/product_cat?post=35490"},{"taxonomy":"product_tag","embeddable":true,"href":"https:\/\/xn--kbrsglobalstore-7kcc.com\/tr\/wp-json\/wp\/v2\/product_tag?post=35490"}],"curies":[{"name":"wp","href":"https:\/\/api.w.org\/{rel}","templated":true}]}}