{"id":35467,"date":"2026-01-20T11:13:11","date_gmt":"2026-01-20T11:13:11","guid":{"rendered":"https:\/\/xn--kbrsglobalstore-7kcc.com\/?post_type=product&#038;p=35467"},"modified":"2026-01-20T11:13:11","modified_gmt":"2026-01-20T11:13:11","slug":"elladie-kids-young-girl-heart-print-polo-collar-dress-summer-holiday","status":"publish","type":"product","link":"https:\/\/xn--kbrsglobalstore-7kcc.com\/tr\/urun\/elladie-kids-young-girl-heart-print-polo-collar-dress-summer-holiday\/","title":{"rendered":"Elladie Kids Gen\u00e7 K\u0131z \u00c7ocuk Kalp Bask\u0131l\u0131 Polo Yakal\u0131 Yazl\u0131k Elbise Tatil"},"content":{"rendered":"<div class=\"flex max-w-full flex-col grow\">\n<div class=\"min-h-8 text-message relative flex w-full flex-col items-end gap-2 text-start break-words whitespace-normal [.text-message+&amp;]:mt-1\" dir=\"auto\" data-message-author-role=\"assistant\" data-message-id=\"9473155c-d936-4008-9bd5-76b2a80e81a4\" data-message-model-slug=\"gpt-5-2\">\n<div class=\"flex w-full flex-col gap-1 empty:hidden first:pt-[1px]\">\n<div class=\"markdown prose dark:prose-invert w-full break-words dark markdown-new-styling\">\n<p data-start=\"80\" data-end=\"699\" data-is-last-node=\"\" data-is-only-node=\"\" class=\"translation-block\"><strong data-start=\"80\" data-end=\"137\">Elladie Kids Gen\u00e7 K\u0131z Kalp Bask\u0131l\u0131 Polo Yaka Elbise<\/strong>, zahmetsiz tatil stili i\u00e7in tasarlanm\u0131\u015f sevimli ve rahat bir yazl\u0131k temel par\u00e7ad\u0131r. Klasik polo yakay\u0131 e\u011flenceli kalp bask\u0131s\u0131yla birle\u015ftiren bu elbise, sportif ve k\u0131z \u00e7ocuklar\u0131na \u00f6zg\u00fc esteti\u011fin b\u00fcy\u00fcleyici bir kar\u0131\u015f\u0131m\u0131n\u0131 sunuyor. Hafif ve nefes alabilen kuma\u015ftan \u00fcretilen bu elbise, gen\u00e7 k\u0131zlar\u0131 s\u0131cak havalarda serin ve rahat tutarken, oyun ve aktiviteler i\u00e7in kolay hareket imkan\u0131 sa\u011fl\u0131yor. Yaz tatilleri, plaj gezileri, aile gezileri, g\u00fcndelik bulu\u015fmalar ve g\u00fcnl\u00fck kullan\u0131m i\u00e7in m\u00fckemmel olan bu \u00e7ok y\u00f6nl\u00fc elbise, aktif k\u00fc\u00e7\u00fck k\u0131zlar i\u00e7in hem konfor hem de sevimli bir moda sunuyor.<\/p>\n<\/div>\n<\/div>\n<\/div>\n<\/div>\n<div class=\"z-0 flex min-h-[46px] justify-start\"><\/div>\n<div class=\"border-token-border-light my-2 flex gap-10 border-t pt-4\">\n<div class=\"flex flex-col items-start gap-1 pe-2\"><\/div>\n<\/div>","protected":false},"excerpt":{"rendered":"<p>Elladie Kids Young Girl Heart Print Polo Collar Dress is a cute and comfortable summer essential designed for effortless holiday style. Featuring a classic polo collar paired with a playful heart print, this dress offers a charming blend of sporty and girly aesthetics. Crafted from lightweight, breathable fabric, it keeps young girls cool and comfortable [&hellip;]<\/p>","protected":false},"featured_media":35470,"comment_status":"open","ping_status":"closed","template":"","meta":{"_monsterinsights_skip_tracking":false,"_monsterinsights_sitenote_active":false,"_monsterinsights_sitenote_note":"","_monsterinsights_sitenote_category":0},"product_brand":[],"product_cat":[113],"product_tag":[],"class_list":{"0":"post-35467","1":"product","2":"type-product","3":"status-publish","4":"has-post-thumbnail","6":"product_cat-kids-clothing","8":"first","9":"instock","10":"shipping-taxable","11":"purchasable","12":"product-type-simple"},"aioseo_notices":[],"_links":{"self":[{"href":"https:\/\/xn--kbrsglobalstore-7kcc.com\/tr\/wp-json\/wp\/v2\/product\/35467","targetHints":{"allow":["GET"]}}],"collection":[{"href":"https:\/\/xn--kbrsglobalstore-7kcc.com\/tr\/wp-json\/wp\/v2\/product"}],"about":[{"href":"https:\/\/xn--kbrsglobalstore-7kcc.com\/tr\/wp-json\/wp\/v2\/types\/product"}],"replies":[{"embeddable":true,"href":"https:\/\/xn--kbrsglobalstore-7kcc.com\/tr\/wp-json\/wp\/v2\/comments?post=35467"}],"wp:featuredmedia":[{"embeddable":true,"href":"https:\/\/xn--kbrsglobalstore-7kcc.com\/tr\/wp-json\/wp\/v2\/media\/35470"}],"wp:attachment":[{"href":"https:\/\/xn--kbrsglobalstore-7kcc.com\/tr\/wp-json\/wp\/v2\/media?parent=35467"}],"wp:term":[{"taxonomy":"product_brand","embeddable":true,"href":"https:\/\/xn--kbrsglobalstore-7kcc.com\/tr\/wp-json\/wp\/v2\/product_brand?post=35467"},{"taxonomy":"product_cat","embeddable":true,"href":"https:\/\/xn--kbrsglobalstore-7kcc.com\/tr\/wp-json\/wp\/v2\/product_cat?post=35467"},{"taxonomy":"product_tag","embeddable":true,"href":"https:\/\/xn--kbrsglobalstore-7kcc.com\/tr\/wp-json\/wp\/v2\/product_tag?post=35467"}],"curies":[{"name":"wp","href":"https:\/\/api.w.org\/{rel}","templated":true}]}}