{"id":35461,"date":"2026-01-20T11:08:54","date_gmt":"2026-01-20T11:08:54","guid":{"rendered":"https:\/\/xn--kbrsglobalstore-7kcc.com\/?post_type=product&#038;p=35461"},"modified":"2026-01-20T11:10:00","modified_gmt":"2026-01-20T11:10:00","slug":"young-girls-horse-graphic-print-short-sleeve-t-shirt-ideal-for-everyday-wear-fashion-cute-casual-tee-for-tween-girls8y-12y-navy-blue-comfortable-for-daily-and-home-use","status":"publish","type":"product","link":"https:\/\/xn--kbrsglobalstore-7kcc.com\/tr\/urun\/young-girls-horse-graphic-print-short-sleeve-t-shirt-ideal-for-everyday-wear-fashion-cute-casual-tee-for-tween-girls8y-12y-navy-blue-comfortable-for-daily-and-home-use\/","title":{"rendered":"Gen\u00e7 K\u0131zlar \u0130\u00e7in At Bask\u0131l\u0131 K\u0131sa Kollu Ti\u015f\u00f6rt, G\u00fcnl\u00fck Kullan\u0131m \u0130\u00e7in \u0130deal, 8-12 Ya\u015f Aras\u0131 K\u0131zlar \u0130\u00e7in \u015e\u0131k ve Sevimli G\u00fcnl\u00fck Ti\u015f\u00f6rt, Lacivert, G\u00fcnl\u00fck ve Ev Kullan\u0131m\u0131 \u0130\u00e7in Rahat"},"content":{"rendered":"<div class=\"flex max-w-full flex-col grow\">\n<div class=\"min-h-8 text-message relative flex w-full flex-col items-end gap-2 text-start break-words whitespace-normal [.text-message+&amp;]:mt-1\" dir=\"auto\" data-message-author-role=\"assistant\" data-message-id=\"94b84beb-81c3-4c94-b8b7-273277ebbe4e\" data-message-model-slug=\"gpt-5-2\">\n<div class=\"flex w-full flex-col gap-1 empty:hidden first:pt-[1px]\">\n<div class=\"markdown prose dark:prose-invert w-full break-words dark markdown-new-styling\">\n<p data-start=\"79\" data-end=\"650\" data-is-last-node=\"\" data-is-only-node=\"\" class=\"translation-block\"><strong data-start=\"79\" data-end=\"136\">Gen\u00e7 K\u0131zlar \u0130\u00e7in At Bask\u0131l\u0131 K\u0131sa Kollu Ti\u015f\u00f6rt<\/strong>, g\u00fcnl\u00fck kullan\u0131m i\u00e7in tasarlanm\u0131\u015f \u015f\u0131k ve rahat bir g\u00fcnl\u00fck \u00fcst giyim \u00fcr\u00fcn\u00fcd\u00fcr. Klasik lacivert taban \u00fczerine sevimli bir at grafi\u011fi bask\u0131s\u0131 bulunan bu ti\u015f\u00f6rt, 8-12 ya\u015f aras\u0131 gen\u00e7 k\u0131zlar i\u00e7in m\u00fckemmel, \u00e7ekici ve modaya uygun bir g\u00f6r\u00fcn\u00fcm sunar. Yumu\u015fak, nefes alabilen kuma\u015ftan \u00fcretilmi\u015f ve rahat bir kesime sahip olan bu ti\u015f\u00f6rt, okulda, a\u00e7\u0131k hava aktivitelerinde, oyun zaman\u0131nda veya evde dinlenirken g\u00fcn boyu konfor sa\u011flar. Kot pantolon, etek veya \u015fortlarla kolayca kombinlenebilen bu \u00e7ok y\u00f6nl\u00fc ti\u015f\u00f6rt, g\u00fcnl\u00fck kullan\u0131m i\u00e7in konforu, sevimlili\u011fi ve zahmetsiz stili bir araya getirir.<\/p>\n<\/div>\n<\/div>\n<\/div>\n<\/div>\n<div class=\"z-0 flex min-h-[46px] justify-start\"><\/div>\n<div class=\"border-token-border-light my-2 flex gap-10 border-t pt-4\">\n<div class=\"flex items-center justify-center overflow-hidden h-12 w-12 rounded-lg\"><\/div>\n<\/div>","protected":false},"excerpt":{"rendered":"<p>Young Girls&#8217; Horse Graphic Print Short Sleeve T-Shirt is a stylish and comfortable casual top designed for everyday wear. Featuring a cute horse graphic print on a classic navy blue base, this T-shirt offers a charming and fashionable look perfect for tween girls aged 8\u201312 years. Crafted from soft, breathable fabric with a relaxed fit, [&hellip;]<\/p>","protected":false},"featured_media":35462,"comment_status":"open","ping_status":"closed","template":"","meta":{"_monsterinsights_skip_tracking":false,"_monsterinsights_sitenote_active":false,"_monsterinsights_sitenote_note":"","_monsterinsights_sitenote_category":0},"product_brand":[],"product_cat":[113],"product_tag":[],"class_list":{"0":"post-35461","1":"product","2":"type-product","3":"status-publish","4":"has-post-thumbnail","6":"product_cat-kids-clothing","8":"first","9":"instock","10":"shipping-taxable","11":"purchasable","12":"product-type-simple"},"aioseo_notices":[],"_links":{"self":[{"href":"https:\/\/xn--kbrsglobalstore-7kcc.com\/tr\/wp-json\/wp\/v2\/product\/35461","targetHints":{"allow":["GET"]}}],"collection":[{"href":"https:\/\/xn--kbrsglobalstore-7kcc.com\/tr\/wp-json\/wp\/v2\/product"}],"about":[{"href":"https:\/\/xn--kbrsglobalstore-7kcc.com\/tr\/wp-json\/wp\/v2\/types\/product"}],"replies":[{"embeddable":true,"href":"https:\/\/xn--kbrsglobalstore-7kcc.com\/tr\/wp-json\/wp\/v2\/comments?post=35461"}],"wp:featuredmedia":[{"embeddable":true,"href":"https:\/\/xn--kbrsglobalstore-7kcc.com\/tr\/wp-json\/wp\/v2\/media\/35462"}],"wp:attachment":[{"href":"https:\/\/xn--kbrsglobalstore-7kcc.com\/tr\/wp-json\/wp\/v2\/media?parent=35461"}],"wp:term":[{"taxonomy":"product_brand","embeddable":true,"href":"https:\/\/xn--kbrsglobalstore-7kcc.com\/tr\/wp-json\/wp\/v2\/product_brand?post=35461"},{"taxonomy":"product_cat","embeddable":true,"href":"https:\/\/xn--kbrsglobalstore-7kcc.com\/tr\/wp-json\/wp\/v2\/product_cat?post=35461"},{"taxonomy":"product_tag","embeddable":true,"href":"https:\/\/xn--kbrsglobalstore-7kcc.com\/tr\/wp-json\/wp\/v2\/product_tag?post=35461"}],"curies":[{"name":"wp","href":"https:\/\/api.w.org\/{rel}","templated":true}]}}