{"id":35454,"date":"2026-01-20T11:07:52","date_gmt":"2026-01-20T11:07:52","guid":{"rendered":"https:\/\/xn--kbrsglobalstore-7kcc.com\/?post_type=product&#038;p=35454"},"modified":"2026-01-20T11:07:52","modified_gmt":"2026-01-20T11:07:52","slug":"sumwon-studios-kids-wave-pattern-activewear-co-ord-set-casual-summer-spring-athleisure-sweatshirt-jogger-outfit-playtime-clothing","status":"publish","type":"product","link":"https:\/\/xn--kbrsglobalstore-7kcc.com\/tr\/urun\/sumwon-studios-kids-wave-pattern-activewear-co-ord-set-casual-summer-spring-athleisure-sweatshirt-jogger-outfit-playtime-clothing\/","title":{"rendered":"Sumwon Studios \u00c7ocuk Dalga Desenli Spor Giyim Tak\u0131m\u0131 G\u00fcnl\u00fck Yazl\u0131k Bahar Spor Giyim E\u015fofman Tak\u0131m\u0131 Oyun Zaman\u0131 K\u0131yafeti"},"content":{"rendered":"<div class=\"flex max-w-full flex-col grow\">\n<div class=\"min-h-8 text-message relative flex w-full flex-col items-end gap-2 text-start break-words whitespace-normal [.text-message+&amp;]:mt-1\" dir=\"auto\" data-message-author-role=\"assistant\" data-message-id=\"4654b358-c397-422d-a51b-e417646e346f\" data-message-model-slug=\"gpt-5-2\">\n<div class=\"flex w-full flex-col gap-1 empty:hidden first:pt-[1px]\">\n<div class=\"markdown prose dark:prose-invert w-full break-words dark markdown-new-styling\">\n<p data-start=\"80\" data-end=\"750\" data-is-last-node=\"\" data-is-only-node=\"\" class=\"translation-block\"><strong data-start=\"80\" data-end=\"138\">Sumwon Studios \u00c7ocuk Dalga Desenli Aktif Giyim Tak\u0131m\u0131<\/strong>, aktif oyunlar ve g\u00fcnl\u00fck kullan\u0131m i\u00e7in tasarlanm\u0131\u015f, \u015f\u0131k ve rahat bir spor giyim setidir. \u015e\u0131k dalga desenli sweatshirt ve ona uygun e\u015fofman alt\u0131ndan olu\u015fan bu tak\u0131m, hem e\u011flenceli hem de \u015f\u0131k hissettiren modern ve sportif bir g\u00f6r\u00fcn\u00fcm sunar. Yumu\u015fak, nefes alabilen kuma\u015ftan \u00fcretilen bu tak\u0131m, t\u00fcm g\u00fcn hareket \u00f6zg\u00fcrl\u00fc\u011f\u00fc ve rahatl\u0131k sa\u011flayarak oyun zaman\u0131, a\u00e7\u0131k hava aktiviteleri, g\u00fcnl\u00fck geziler ve okul giyimi i\u00e7in m\u00fckemmeldir. \u0130lkbahar ve yaz i\u00e7in ideal olan bu \u00e7ok y\u00f6nl\u00fc sweatshirt ve e\u015fofman tak\u0131m\u0131, pratikli\u011fi \u00e7a\u011fda\u015f stille birle\u015ftirerek \u00e7ocuklar\u0131 serin, rahat ve zahmetsizce \u015f\u0131k tutar.<\/p>\n<\/div>\n<\/div>\n<\/div>\n<\/div>\n<div class=\"z-0 flex min-h-[46px] justify-start\"><\/div>\n<div class=\"border-token-border-light my-2 flex gap-10 border-t pt-4\">\n<div class=\"flex items-center justify-center overflow-hidden h-12 w-12 rounded-lg\"><\/div>\n<\/div>","protected":false},"excerpt":{"rendered":"<p>Sumwon Studios Kids Wave Pattern Activewear Co-Ord Set is a trendy and comfortable athleisure outfit designed for active play and everyday wear. Featuring a stylish wave-pattern sweatshirt paired with matching jogger pants, this coordinated set delivers a modern, sporty look that feels both fun and fashionable. Crafted from soft, breathable fabric, it provides flexibility and [&hellip;]<\/p>","protected":false},"featured_media":35455,"comment_status":"open","ping_status":"closed","template":"","meta":{"_monsterinsights_skip_tracking":false,"_monsterinsights_sitenote_active":false,"_monsterinsights_sitenote_note":"","_monsterinsights_sitenote_category":0},"product_brand":[],"product_cat":[113],"product_tag":[],"class_list":{"0":"post-35454","1":"product","2":"type-product","3":"status-publish","4":"has-post-thumbnail","6":"product_cat-kids-clothing","8":"first","9":"instock","10":"shipping-taxable","11":"purchasable","12":"product-type-simple"},"aioseo_notices":[],"_links":{"self":[{"href":"https:\/\/xn--kbrsglobalstore-7kcc.com\/tr\/wp-json\/wp\/v2\/product\/35454","targetHints":{"allow":["GET"]}}],"collection":[{"href":"https:\/\/xn--kbrsglobalstore-7kcc.com\/tr\/wp-json\/wp\/v2\/product"}],"about":[{"href":"https:\/\/xn--kbrsglobalstore-7kcc.com\/tr\/wp-json\/wp\/v2\/types\/product"}],"replies":[{"embeddable":true,"href":"https:\/\/xn--kbrsglobalstore-7kcc.com\/tr\/wp-json\/wp\/v2\/comments?post=35454"}],"wp:featuredmedia":[{"embeddable":true,"href":"https:\/\/xn--kbrsglobalstore-7kcc.com\/tr\/wp-json\/wp\/v2\/media\/35455"}],"wp:attachment":[{"href":"https:\/\/xn--kbrsglobalstore-7kcc.com\/tr\/wp-json\/wp\/v2\/media?parent=35454"}],"wp:term":[{"taxonomy":"product_brand","embeddable":true,"href":"https:\/\/xn--kbrsglobalstore-7kcc.com\/tr\/wp-json\/wp\/v2\/product_brand?post=35454"},{"taxonomy":"product_cat","embeddable":true,"href":"https:\/\/xn--kbrsglobalstore-7kcc.com\/tr\/wp-json\/wp\/v2\/product_cat?post=35454"},{"taxonomy":"product_tag","embeddable":true,"href":"https:\/\/xn--kbrsglobalstore-7kcc.com\/tr\/wp-json\/wp\/v2\/product_tag?post=35454"}],"curies":[{"name":"wp","href":"https:\/\/api.w.org\/{rel}","templated":true}]}}