{"id":35448,"date":"2026-01-20T11:05:11","date_gmt":"2026-01-20T11:05:11","guid":{"rendered":"https:\/\/xn--kbrsglobalstore-7kcc.com\/?post_type=product&#038;p=35448"},"modified":"2026-01-20T11:05:11","modified_gmt":"2026-01-20T11:05:11","slug":"shein-2pcs-set-young-boy-sports-casual-round-neck-short-sleeve-numeric-print-t-shirt-and-printed-sports-shorts-outfit-with-tape-decor-suitable-for-spring-summer-daily-wear-sports-outdoor-school-p","status":"publish","type":"product","link":"https:\/\/xn--kbrsglobalstore-7kcc.com\/tr\/urun\/shein-2pcs-set-young-boy-sports-casual-round-neck-short-sleeve-numeric-print-t-shirt-and-printed-sports-shorts-outfit-with-tape-decor-suitable-for-spring-summer-daily-wear-sports-outdoor-school-p\/","title":{"rendered":"SHEIN 2 Par\u00e7a\/Set Gen\u00e7 Erkek \u00c7ocuk Spor G\u00fcnl\u00fck Yuvarlak Yaka K\u0131sa Kollu Say\u0131 Bask\u0131l\u0131 Ti\u015f\u00f6rt ve Bask\u0131l\u0131 Spor \u015eort Tak\u0131m\u0131, \u015eerit S\u00fcslemeli, \u0130lkbahar\/Yaz G\u00fcnl\u00fck Giyim, Spor, A\u00e7\u0131k Hava, Okul, Parti, Tatil \u0130\u00e7in Uygundur"},"content":{"rendered":"<div class=\"flex max-w-full flex-col grow\">\n<div class=\"min-h-8 text-message relative flex w-full flex-col items-end gap-2 text-start break-words whitespace-normal [.text-message+&amp;]:mt-1\" dir=\"auto\" data-message-author-role=\"assistant\" data-message-id=\"9052d33a-b5ba-46bb-befb-4b671fd845f0\" data-message-model-slug=\"gpt-5-2\">\n<div class=\"flex w-full flex-col gap-1 empty:hidden first:pt-[1px]\">\n<div class=\"markdown prose dark:prose-invert w-full break-words dark markdown-new-styling\">\n<p data-start=\"79\" data-end=\"811\" data-is-last-node=\"\" data-is-only-node=\"\" class=\"translation-block\"><strong data-start=\"79\" data-end=\"216\">SHEIN 2 Par\u00e7a\/Set Gen\u00e7 Erkek \u00c7ocuk Spor G\u00fcnl\u00fck Yuvarlak Yaka K\u0131sa Kollu Say\u0131 Bask\u0131l\u0131 Ti\u015f\u00f6rt ve Bask\u0131l\u0131 Spor \u015eort Tak\u0131m\u0131 \u015eerit Detayl\u0131<\/strong>, ilkbahar ve yaz aylar\u0131nda aktif erkek \u00e7ocuklar i\u00e7in tasarlanm\u0131\u015f \u015f\u0131k ve rahat bir k\u0131yafet setidir. Set, cesur say\u0131 bask\u0131l\u0131 klasik yuvarlak yakal\u0131 bir ti\u015f\u00f6rt ve modern atletik bir g\u00f6r\u00fcn\u00fcm i\u00e7in trend \u015ferit detaylar\u0131yla zenginle\u015ftirilmi\u015f hafif bask\u0131l\u0131 spor \u015forttan olu\u015fmaktad\u0131r. Nefes alabilen, yumu\u015fak kuma\u015ftan ve rahat kesimden \u00fcretilen bu set, erkek \u00e7ocuklar\u0131n g\u00fcn boyu serin ve rahat kalmalar\u0131n\u0131 sa\u011flarken kolay hareket etmelerine olanak tan\u0131r. G\u00fcnl\u00fck giyim, spor, a\u00e7\u0131k hava oyunlar\u0131, okul, partiler ve tatiller i\u00e7in m\u00fckemmel olan bu \u00e7ok y\u00f6nl\u00fc iki par\u00e7al\u0131 k\u0131yafet, sportif stili g\u00fcnl\u00fck maceralar i\u00e7in pratik konforla birle\u015ftirir.<\/p>\n<\/div>\n<\/div>\n<\/div>\n<\/div>\n<div class=\"z-0 flex min-h-[46px] justify-start\"><\/div>\n<div class=\"border-token-border-light my-2 flex gap-10 border-t pt-4\">\n<div class=\"flex items-center justify-center overflow-hidden h-12 w-12 rounded-lg\"><\/div>\n<div class=\"flex flex-col items-start gap-1 pe-2\"><\/div>\n<\/div>","protected":false},"excerpt":{"rendered":"<p>SHEIN 2pcs\/Set Young Boy Sports Casual Round Neck Short Sleeve Numeric Print T-Shirt and Printed Sports Shorts Outfit With Tape Decor is a stylish and comfortable outfit designed for active boys during spring and summer. The set features a classic round-neck T-shirt with bold numeric print, paired with lightweight printed sports shorts enhanced with trendy [&hellip;]<\/p>","protected":false},"featured_media":35449,"comment_status":"open","ping_status":"closed","template":"","meta":{"_monsterinsights_skip_tracking":false,"_monsterinsights_sitenote_active":false,"_monsterinsights_sitenote_note":"","_monsterinsights_sitenote_category":0},"product_brand":[],"product_cat":[113],"product_tag":[],"class_list":{"0":"post-35448","1":"product","2":"type-product","3":"status-publish","4":"has-post-thumbnail","6":"product_cat-kids-clothing","8":"first","9":"instock","10":"shipping-taxable","11":"purchasable","12":"product-type-simple"},"aioseo_notices":[],"_links":{"self":[{"href":"https:\/\/xn--kbrsglobalstore-7kcc.com\/tr\/wp-json\/wp\/v2\/product\/35448","targetHints":{"allow":["GET"]}}],"collection":[{"href":"https:\/\/xn--kbrsglobalstore-7kcc.com\/tr\/wp-json\/wp\/v2\/product"}],"about":[{"href":"https:\/\/xn--kbrsglobalstore-7kcc.com\/tr\/wp-json\/wp\/v2\/types\/product"}],"replies":[{"embeddable":true,"href":"https:\/\/xn--kbrsglobalstore-7kcc.com\/tr\/wp-json\/wp\/v2\/comments?post=35448"}],"wp:featuredmedia":[{"embeddable":true,"href":"https:\/\/xn--kbrsglobalstore-7kcc.com\/tr\/wp-json\/wp\/v2\/media\/35449"}],"wp:attachment":[{"href":"https:\/\/xn--kbrsglobalstore-7kcc.com\/tr\/wp-json\/wp\/v2\/media?parent=35448"}],"wp:term":[{"taxonomy":"product_brand","embeddable":true,"href":"https:\/\/xn--kbrsglobalstore-7kcc.com\/tr\/wp-json\/wp\/v2\/product_brand?post=35448"},{"taxonomy":"product_cat","embeddable":true,"href":"https:\/\/xn--kbrsglobalstore-7kcc.com\/tr\/wp-json\/wp\/v2\/product_cat?post=35448"},{"taxonomy":"product_tag","embeddable":true,"href":"https:\/\/xn--kbrsglobalstore-7kcc.com\/tr\/wp-json\/wp\/v2\/product_tag?post=35448"}],"curies":[{"name":"wp","href":"https:\/\/api.w.org\/{rel}","templated":true}]}}