{"id":35435,"date":"2026-01-20T11:00:28","date_gmt":"2026-01-20T11:00:28","guid":{"rendered":"https:\/\/xn--kbrsglobalstore-7kcc.com\/?post_type=product&#038;p=35435"},"modified":"2026-01-20T11:00:28","modified_gmt":"2026-01-20T11:00:28","slug":"2pcs-girls-lantern-sleeve-polo-collar-top-and-wide-leg-pants-set-casual-party-performance-outfit-spring-summer","status":"publish","type":"product","link":"https:\/\/xn--kbrsglobalstore-7kcc.com\/tr\/urun\/2pcs-girls-lantern-sleeve-polo-collar-top-and-wide-leg-pants-set-casual-party-performance-outfit-spring-summer\/","title":{"rendered":"2 Par\u00e7a K\u0131z \u00c7ocuk Fener Kollu Polo Yaka \u00dcst ve Geni\u015f Pa\u00e7al\u0131 Pantolon Tak\u0131m\u0131, G\u00fcnl\u00fck\/Parti\/G\u00f6steri K\u0131yafeti, \u0130lkbahar\/Yaz"},"content":{"rendered":"<div class=\"flex max-w-full flex-col grow\">\n<div class=\"min-h-8 text-message relative flex w-full flex-col items-end gap-2 text-start break-words whitespace-normal [.text-message+&amp;]:mt-1\" dir=\"auto\" data-message-author-role=\"assistant\" data-message-id=\"30bf0ace-a459-4c48-a5db-cb203091792e\" data-message-model-slug=\"gpt-5-2\">\n<div class=\"flex w-full flex-col gap-1 empty:hidden first:pt-[1px]\">\n<div class=\"markdown prose dark:prose-invert w-full break-words dark markdown-new-styling\">\n<p data-start=\"79\" data-end=\"728\" data-is-last-node=\"\" data-is-only-node=\"\" class=\"translation-block\"><strong data-start=\"79\" data-end=\"148\">2 Par\u00e7a K\u0131z \u00c7ocuk Fener Kollu Polo Yaka \u00dcst ve Geni\u015f Pa\u00e7al\u0131 Pantolon Tak\u0131m\u0131<\/strong>, rahatl\u0131\u011f\u0131 zarif bir tarzla birle\u015ftirmek i\u00e7in tasarlanm\u0131\u015f \u015f\u0131k ve \u00e7ok y\u00f6nl\u00fc bir k\u0131yafettir. Tak\u0131m, yumu\u015fak ve modaya uygun bir dokunu\u015f katan trend fener kollu \u015f\u0131k bir polo yaka \u00fcst ve zarif ve modern bir sil\u00fcet yaratan rahat geni\u015f pa\u00e7al\u0131 pantolondan olu\u015fmaktad\u0131r. Hafif ve nefes alabilen kuma\u015ftan \u00fcretilen bu tak\u0131m, s\u0131cak ilkbahar ve yaz g\u00fcnlerinde t\u00fcm g\u00fcn konfor sa\u011flar. G\u00fcnl\u00fck giyim, partiler, g\u00f6steriler, okul etkinlikleri ve \u00f6zel g\u00fcnler i\u00e7in m\u00fckemmel olan bu iki par\u00e7al\u0131 tak\u0131m, k\u0131z \u00e7ocuklar\u0131n\u0131n \u015f\u0131k ve kendinden emin kal\u0131rken \u00f6zg\u00fcrce hareket etmelerini sa\u011flayan zarif ama e\u011flenceli bir g\u00f6r\u00fcn\u00fcm sunar.<\/p>\n<\/div>\n<\/div>\n<\/div>\n<\/div>\n<div class=\"z-0 flex min-h-[46px] justify-start\"><\/div>\n<div class=\"border-token-border-light my-2 flex gap-10 border-t pt-4\">\n<div class=\"flex items-center justify-center overflow-hidden h-12 w-12 rounded-lg\"><\/div>\n<\/div>","protected":false},"excerpt":{"rendered":"<p>2pcs Girls&#8217; Lantern Sleeve Polo Collar Top and Wide Leg Pants Set is a stylish and versatile outfit designed to blend comfort with elegant flair. The set features a chic polo-collar top with trendy lantern sleeves that add a soft, fashionable touch, paired with relaxed wide-leg pants that create a graceful and modern silhouette. Crafted [&hellip;]<\/p>","protected":false},"featured_media":35436,"comment_status":"open","ping_status":"closed","template":"","meta":{"_monsterinsights_skip_tracking":false,"_monsterinsights_sitenote_active":false,"_monsterinsights_sitenote_note":"","_monsterinsights_sitenote_category":0},"product_brand":[],"product_cat":[113],"product_tag":[],"class_list":{"0":"post-35435","1":"product","2":"type-product","3":"status-publish","4":"has-post-thumbnail","6":"product_cat-kids-clothing","8":"first","9":"instock","10":"shipping-taxable","11":"purchasable","12":"product-type-simple"},"aioseo_notices":[],"_links":{"self":[{"href":"https:\/\/xn--kbrsglobalstore-7kcc.com\/tr\/wp-json\/wp\/v2\/product\/35435","targetHints":{"allow":["GET"]}}],"collection":[{"href":"https:\/\/xn--kbrsglobalstore-7kcc.com\/tr\/wp-json\/wp\/v2\/product"}],"about":[{"href":"https:\/\/xn--kbrsglobalstore-7kcc.com\/tr\/wp-json\/wp\/v2\/types\/product"}],"replies":[{"embeddable":true,"href":"https:\/\/xn--kbrsglobalstore-7kcc.com\/tr\/wp-json\/wp\/v2\/comments?post=35435"}],"wp:featuredmedia":[{"embeddable":true,"href":"https:\/\/xn--kbrsglobalstore-7kcc.com\/tr\/wp-json\/wp\/v2\/media\/35436"}],"wp:attachment":[{"href":"https:\/\/xn--kbrsglobalstore-7kcc.com\/tr\/wp-json\/wp\/v2\/media?parent=35435"}],"wp:term":[{"taxonomy":"product_brand","embeddable":true,"href":"https:\/\/xn--kbrsglobalstore-7kcc.com\/tr\/wp-json\/wp\/v2\/product_brand?post=35435"},{"taxonomy":"product_cat","embeddable":true,"href":"https:\/\/xn--kbrsglobalstore-7kcc.com\/tr\/wp-json\/wp\/v2\/product_cat?post=35435"},{"taxonomy":"product_tag","embeddable":true,"href":"https:\/\/xn--kbrsglobalstore-7kcc.com\/tr\/wp-json\/wp\/v2\/product_tag?post=35435"}],"curies":[{"name":"wp","href":"https:\/\/api.w.org\/{rel}","templated":true}]}}