{"id":35426,"date":"2026-01-20T10:57:56","date_gmt":"2026-01-20T10:57:56","guid":{"rendered":"https:\/\/xn--kbrsglobalstore-7kcc.com\/?post_type=product&#038;p=35426"},"modified":"2026-01-20T10:57:57","modified_gmt":"2026-01-20T10:57:57","slug":"shein-toddler-boys-mandarin-collar-half-zip-striped-short-sleeve-top-matched-with-shorts-set-casual-and-fashionable-comfortable-fabric","status":"publish","type":"product","link":"https:\/\/xn--kbrsglobalstore-7kcc.com\/tr\/urun\/shein-toddler-boys-mandarin-collar-half-zip-striped-short-sleeve-top-matched-with-shorts-set-casual-and-fashionable-comfortable-fabric\/","title":{"rendered":"SHEIN Erkek \u00c7ocuklar \u0130\u00e7in Mandarin Yakal\u0131 Yar\u0131m Fermuarl\u0131 \u00c7izgili K\u0131sa Kollu \u00dcst ve \u015eort Tak\u0131m\u0131, Rahat ve \u015e\u0131k, Konforlu Kuma\u015f,"},"content":{"rendered":"<p class=\"translation-block\"><strong data-start=\"80\" data-end=\"176\">SHEIN \u00c7ocuk Erkek \u00c7ocuklar \u0130\u00e7in Mandarin Yakal\u0131 Yar\u0131m Fermuarl\u0131 \u00c7izgili K\u0131sa Kollu \u00dcst ve \u015eort Tak\u0131m\u0131<\/strong>, aktif k\u00fc\u00e7\u00fck erkek \u00e7ocuklar i\u00e7in tasarlanm\u0131\u015f \u015f\u0131k ve rahat bir k\u0131yafettir. Fonksiyonel yar\u0131m fermuarl\u0131, modaya uygun mandarin yakas\u0131 ve klasik \u00e7izgili deseniyle k\u0131sa kollu \u00fcst, modern ve rahat bir g\u00f6r\u00fcn\u00fcm sunar. Uyumlu hafif \u015fortlarla birlikte bu tak\u0131m, t\u00fcm g\u00fcn kullan\u0131m i\u00e7in kolay hareket ve nefes alabilirlik sa\u011flar. Yumu\u015fak ve rahat kuma\u015ftan \u00fcretilen bu tak\u0131m, g\u00fcnl\u00fck geziler, oyun zaman\u0131, aile toplant\u0131lar\u0131, tatiller ve s\u0131cak havalarda maceralar i\u00e7in m\u00fckemmeldir ve \u00e7ocuk erkek \u00e7ocuklar i\u00e7in modaya uygun ve pratik bir se\u00e7imdir.<\/p>","protected":false},"excerpt":{"rendered":"<p>SHEIN Toddler Boys Mandarin Collar Half-Zip Striped Short Sleeve Top Matched With Shorts Set is a stylish and comfortable outfit designed for active little boys. Featuring a trendy mandarin collar with a functional half-zip closure and a classic striped pattern, the short-sleeve top offers a modern yet casual look. Paired with matching lightweight shorts, this [&hellip;]<\/p>","protected":false},"featured_media":35427,"comment_status":"open","ping_status":"closed","template":"","meta":{"_monsterinsights_skip_tracking":false,"_monsterinsights_sitenote_active":false,"_monsterinsights_sitenote_note":"","_monsterinsights_sitenote_category":0},"product_brand":[],"product_cat":[113],"product_tag":[],"class_list":{"0":"post-35426","1":"product","2":"type-product","3":"status-publish","4":"has-post-thumbnail","6":"product_cat-kids-clothing","8":"first","9":"instock","10":"shipping-taxable","11":"purchasable","12":"product-type-simple"},"aioseo_notices":[],"_links":{"self":[{"href":"https:\/\/xn--kbrsglobalstore-7kcc.com\/tr\/wp-json\/wp\/v2\/product\/35426","targetHints":{"allow":["GET"]}}],"collection":[{"href":"https:\/\/xn--kbrsglobalstore-7kcc.com\/tr\/wp-json\/wp\/v2\/product"}],"about":[{"href":"https:\/\/xn--kbrsglobalstore-7kcc.com\/tr\/wp-json\/wp\/v2\/types\/product"}],"replies":[{"embeddable":true,"href":"https:\/\/xn--kbrsglobalstore-7kcc.com\/tr\/wp-json\/wp\/v2\/comments?post=35426"}],"wp:featuredmedia":[{"embeddable":true,"href":"https:\/\/xn--kbrsglobalstore-7kcc.com\/tr\/wp-json\/wp\/v2\/media\/35427"}],"wp:attachment":[{"href":"https:\/\/xn--kbrsglobalstore-7kcc.com\/tr\/wp-json\/wp\/v2\/media?parent=35426"}],"wp:term":[{"taxonomy":"product_brand","embeddable":true,"href":"https:\/\/xn--kbrsglobalstore-7kcc.com\/tr\/wp-json\/wp\/v2\/product_brand?post=35426"},{"taxonomy":"product_cat","embeddable":true,"href":"https:\/\/xn--kbrsglobalstore-7kcc.com\/tr\/wp-json\/wp\/v2\/product_cat?post=35426"},{"taxonomy":"product_tag","embeddable":true,"href":"https:\/\/xn--kbrsglobalstore-7kcc.com\/tr\/wp-json\/wp\/v2\/product_tag?post=35426"}],"curies":[{"name":"wp","href":"https:\/\/api.w.org\/{rel}","templated":true}]}}