{"id":35419,"date":"2026-01-20T10:53:49","date_gmt":"2026-01-20T10:53:49","guid":{"rendered":"https:\/\/xn--kbrsglobalstore-7kcc.com\/?post_type=product&#038;p=35419"},"modified":"2026-01-20T10:53:49","modified_gmt":"2026-01-20T10:53:49","slug":"playful-pals-2pcs-toddler-boys-casual-loose-graphic-print-round-neck-t-shirt-and-striped-print-shorts-set-comfortable-and-versatile-for-spring-summer-outdoor-play-and-daily-wear-summer-holiday","status":"publish","type":"product","link":"https:\/\/xn--kbrsglobalstore-7kcc.com\/tr\/urun\/playful-pals-2pcs-toddler-boys-casual-loose-graphic-print-round-neck-t-shirt-and-striped-print-shorts-set-comfortable-and-versatile-for-spring-summer-outdoor-play-and-daily-wear-summer-holiday\/","title":{"rendered":"Playful Pals 2 Par\u00e7al\u0131 Erkek \u00c7ocuk G\u00fcnl\u00fck Bol Kesim Grafik Bask\u0131l\u0131 Yuvarlak Yaka Ti\u015f\u00f6rt ve \u00c7izgili \u015eort Tak\u0131m\u0131, \u0130lkbahar\/Yaz A\u00e7\u0131k Hava Oyunlar\u0131 ve G\u00fcnl\u00fck Giyim \u0130\u00e7in Rahat ve \u00c7ok Y\u00f6nl\u00fc, Yaz Tatili"},"content":{"rendered":"<div class=\"flex flex-col text-sm pb-25\">\n<article class=\"text-token-text-primary w-full focus:outline-none [--shadow-height:45px] has-data-writing-block:pointer-events-none has-data-writing-block:-mt-(--shadow-height) has-data-writing-block:pt-(--shadow-height) [&amp;:has([data-writing-block])&gt;*]:pointer-events-auto scroll-mt-[calc(var(--header-height)+min(200px,max(70px,20svh)))]\" dir=\"auto\" tabindex=\"-1\" data-turn-id=\"request-695f7258-91a8-8330-a60a-6d7d219bcf3b-1\" data-testid=\"conversation-turn-220\" data-scroll-anchor=\"true\" data-turn=\"assistant\">\n<div class=\"text-base my-auto mx-auto pb-10 [--thread-content-margin:--spacing(4)] @w-sm\/main:[--thread-content-margin:--spacing(6)] @w-lg\/main:[--thread-content-margin:--spacing(16)] px-(--thread-content-margin)\">\n<div class=\"[--thread-content-max-width:40rem] @w-lg\/main:[--thread-content-max-width:48rem] mx-auto max-w-(--thread-content-max-width) flex-1 group\/turn-messages focus-visible:outline-hidden relative flex w-full min-w-0 flex-col agent-turn\" tabindex=\"-1\">\n<div class=\"flex max-w-full flex-col grow\">\n<div class=\"min-h-8 text-message relative flex w-full flex-col items-end gap-2 text-start break-words whitespace-normal [.text-message+&amp;]:mt-1\" dir=\"auto\" data-message-author-role=\"assistant\" data-message-id=\"80948ea9-ad36-408b-91c2-baa998b3cb2a\" data-message-model-slug=\"gpt-5-2\">\n<div class=\"flex w-full flex-col gap-1 empty:hidden first:pt-[1px]\">\n<div class=\"markdown prose dark:prose-invert w-full break-words dark markdown-new-styling\">\n<p data-start=\"80\" data-end=\"800\" data-is-last-node=\"\" data-is-only-node=\"\" class=\"translation-block\"><strong data-start=\"80\" data-end=\"190\">Playful Pals 2 Par\u00e7al\u0131 \u00c7ocuk Erkek \u00c7ocuklar \u0130\u00e7in G\u00fcnl\u00fck Bol Kesim Grafik Bask\u0131l\u0131 Yuvarlak Yaka Ti\u015f\u00f6rt ve \u00c7izgili Bask\u0131l\u0131 \u015eort Tak\u0131m\u0131<\/strong>, ilkbahar ve yaz aylar\u0131nda aktif k\u00fc\u00e7\u00fck erkek \u00e7ocuklar i\u00e7in tasarlanm\u0131\u015f e\u011flenceli, rahat ve pratik bir k\u0131yafet setidir. Set, yumu\u015fak, bol kesimli, yuvarlak yakal\u0131, e\u011flenceli grafik bask\u0131l\u0131 bir ti\u015f\u00f6rt ve kolay hareket ve nefes alabilirlik sa\u011flayan hafif \u00e7izgili bask\u0131l\u0131 \u015forttan olu\u015fmaktad\u0131r. Yumu\u015fak, cilt dostu kuma\u015ftan \u00fcretilen bu set, \u00e7ocu\u011funuz d\u0131\u015far\u0131da oynarken, yaz tatilinin tad\u0131n\u0131 \u00e7\u0131kar\u0131rken veya g\u00fcnl\u00fck aktivitelerini yaparken g\u00fcn boyu konfor sa\u011flar. Park g\u00fcnleri, seyahat, plaj gezileri ve g\u00fcnl\u00fck giyim i\u00e7in m\u00fckemmel olan bu \u00e7ok y\u00f6nl\u00fc iki par\u00e7al\u0131 set, g\u00fcnl\u00fck yaz maceralar\u0131 i\u00e7in stil, konfor ve dayan\u0131kl\u0131l\u0131\u011f\u0131 bir araya getiriyor.<\/p>\n<\/div>\n<\/div>\n<\/div>\n<\/div>\n<div class=\"z-0 flex min-h-[46px] justify-start\"><\/div>\n<div class=\"mt-3 w-full empty:hidden\">\n<div class=\"text-center\"><\/div>\n<\/div>\n<\/div>\n<\/div>\n<\/article>\n<\/div>\n<div class=\"pointer-events-none h-px w-px absolute bottom-0\" aria-hidden=\"true\" data-edge=\"true\"><\/div>","protected":false},"excerpt":{"rendered":"<p>Playful Pals 2pcs Toddler Boys&#8217; Casual Loose Graphic Print Round Neck T-Shirt and Striped Print Shorts Set is a fun, comfortable, and practical outfit designed for active little boys during spring and summer. The set features a soft, loose-fitting round neck T-shirt with a playful graphic print paired with lightweight striped print shorts that offer [&hellip;]<\/p>","protected":false},"featured_media":35420,"comment_status":"open","ping_status":"closed","template":"","meta":{"_monsterinsights_skip_tracking":false,"_monsterinsights_sitenote_active":false,"_monsterinsights_sitenote_note":"","_monsterinsights_sitenote_category":0},"product_brand":[],"product_cat":[113],"product_tag":[],"class_list":{"0":"post-35419","1":"product","2":"type-product","3":"status-publish","4":"has-post-thumbnail","6":"product_cat-kids-clothing","8":"first","9":"instock","10":"shipping-taxable","11":"purchasable","12":"product-type-simple"},"aioseo_notices":[],"_links":{"self":[{"href":"https:\/\/xn--kbrsglobalstore-7kcc.com\/tr\/wp-json\/wp\/v2\/product\/35419","targetHints":{"allow":["GET"]}}],"collection":[{"href":"https:\/\/xn--kbrsglobalstore-7kcc.com\/tr\/wp-json\/wp\/v2\/product"}],"about":[{"href":"https:\/\/xn--kbrsglobalstore-7kcc.com\/tr\/wp-json\/wp\/v2\/types\/product"}],"replies":[{"embeddable":true,"href":"https:\/\/xn--kbrsglobalstore-7kcc.com\/tr\/wp-json\/wp\/v2\/comments?post=35419"}],"wp:featuredmedia":[{"embeddable":true,"href":"https:\/\/xn--kbrsglobalstore-7kcc.com\/tr\/wp-json\/wp\/v2\/media\/35420"}],"wp:attachment":[{"href":"https:\/\/xn--kbrsglobalstore-7kcc.com\/tr\/wp-json\/wp\/v2\/media?parent=35419"}],"wp:term":[{"taxonomy":"product_brand","embeddable":true,"href":"https:\/\/xn--kbrsglobalstore-7kcc.com\/tr\/wp-json\/wp\/v2\/product_brand?post=35419"},{"taxonomy":"product_cat","embeddable":true,"href":"https:\/\/xn--kbrsglobalstore-7kcc.com\/tr\/wp-json\/wp\/v2\/product_cat?post=35419"},{"taxonomy":"product_tag","embeddable":true,"href":"https:\/\/xn--kbrsglobalstore-7kcc.com\/tr\/wp-json\/wp\/v2\/product_tag?post=35419"}],"curies":[{"name":"wp","href":"https:\/\/api.w.org\/{rel}","templated":true}]}}