{"id":35413,"date":"2026-01-20T10:50:36","date_gmt":"2026-01-20T10:50:36","guid":{"rendered":"https:\/\/xn--kbrsglobalstore-7kcc.com\/?post_type=product&#038;p=35413"},"modified":"2026-01-20T10:50:37","modified_gmt":"2026-01-20T10:50:37","slug":"shein-2pcs-set-tween-girls-sleeveless-woven-striped-tank-top-with-bow-decor-elastic-waist-loose-shorts-set-summer","status":"publish","type":"product","link":"https:\/\/xn--kbrsglobalstore-7kcc.com\/tr\/urun\/shein-2pcs-set-tween-girls-sleeveless-woven-striped-tank-top-with-bow-decor-elastic-waist-loose-shorts-set-summer\/","title":{"rendered":"SHEIN 2 Par\u00e7a\/Set Gen\u00e7 K\u0131z \u00c7ocuklar\u0131 \u0130\u00e7in Kolsuz Dokuma \u00c7izgili Ask\u0131l\u0131 Bluz, Fiyonk S\u00fcslemeli ve Lastikli Belden Bol Kesim \u015eort Tak\u0131m\u0131, Yazl\u0131k"},"content":{"rendered":"<div class=\"flex max-w-full flex-col grow\">\n<div class=\"min-h-8 text-message relative flex w-full flex-col items-end gap-2 text-start break-words whitespace-normal [.text-message+&amp;]:mt-1\" dir=\"auto\" data-message-author-role=\"assistant\" data-message-id=\"364915d9-bc3e-49ab-9801-176ccdf3822e\" data-message-model-slug=\"gpt-5-2\">\n<div class=\"flex w-full flex-col gap-1 empty:hidden first:pt-[1px]\">\n<div class=\"markdown prose dark:prose-invert w-full break-words dark markdown-new-styling\">\n<p data-start=\"80\" data-end=\"736\" data-is-last-node=\"\" data-is-only-node=\"\" class=\"translation-block\"><strong data-start=\"80\" data-end=\"192\">SHEIN 2 Par\u00e7a\/Set Gen\u00e7 K\u0131z \u00c7ocuklar\u0131 \u0130\u00e7in Kolsuz Dokuma \u00c7izgili Ask\u0131l\u0131 Bluz ve Lastikli Bel Bol \u015eort Tak\u0131m\u0131<\/strong> zahmetsiz \u015f\u0131kl\u0131k ve nefes alabilirlik i\u00e7in tasarlanm\u0131\u015f sevimli ve rahat bir yaz k\u0131yafetidir. Bu b\u00fcy\u00fcleyici set, zarif bir fiyonk detay\u0131yla s\u00fcslenmi\u015f kolsuz dokuma \u00e7izgili ask\u0131l\u0131 bluz ve kolay giyim ve t\u00fcm g\u00fcn konfor i\u00e7in lastikli bel bantl\u0131 bol \u015forttan olu\u015fmaktad\u0131r. Hafif ve havadar kuma\u015ftan \u00fcretilen bu set, k\u0131z \u00e7ocuklar\u0131n\u0131 s\u0131cak havalarda serin ve rahat tutar. G\u00fcnl\u00fck geziler, tatiller, plaj gezileri, oyun bulu\u015fmalar\u0131 ve g\u00fcnl\u00fck giyim i\u00e7in m\u00fckemmel olan bu \u015f\u0131k iki par\u00e7al\u0131 set, gen\u00e7 k\u0131z \u00e7ocuklar\u0131 i\u00e7in taze, e\u011flenceli ve modaya uygun bir g\u00f6r\u00fcn\u00fcm sunar.<\/p>\n<\/div>\n<\/div>\n<\/div>\n<\/div>\n<div class=\"z-0 flex min-h-[46px] justify-start\"><\/div>\n<div class=\"border-token-border-light my-2 flex gap-10 border-t pt-4\">\n<div class=\"flex items-center justify-center overflow-hidden h-12 w-12 rounded-lg\"><\/div>\n<\/div>","protected":false},"excerpt":{"rendered":"<p>SHEIN 2pcs\/Set Tween Girls Sleeveless Woven Striped Tank Top With Bow Decor &amp; Elastic Waist Loose Shorts Set is a cute and comfortable summer outfit designed for effortless style and breathability. This charming set features a sleeveless woven striped tank top accented with a delicate bow detail, paired with loose-fitting shorts with an elastic waistband [&hellip;]<\/p>","protected":false},"featured_media":35414,"comment_status":"open","ping_status":"closed","template":"","meta":{"_monsterinsights_skip_tracking":false,"_monsterinsights_sitenote_active":false,"_monsterinsights_sitenote_note":"","_monsterinsights_sitenote_category":0},"product_brand":[],"product_cat":[113],"product_tag":[],"class_list":{"0":"post-35413","1":"product","2":"type-product","3":"status-publish","4":"has-post-thumbnail","6":"product_cat-kids-clothing","8":"first","9":"instock","10":"shipping-taxable","11":"purchasable","12":"product-type-simple"},"aioseo_notices":[],"_links":{"self":[{"href":"https:\/\/xn--kbrsglobalstore-7kcc.com\/tr\/wp-json\/wp\/v2\/product\/35413","targetHints":{"allow":["GET"]}}],"collection":[{"href":"https:\/\/xn--kbrsglobalstore-7kcc.com\/tr\/wp-json\/wp\/v2\/product"}],"about":[{"href":"https:\/\/xn--kbrsglobalstore-7kcc.com\/tr\/wp-json\/wp\/v2\/types\/product"}],"replies":[{"embeddable":true,"href":"https:\/\/xn--kbrsglobalstore-7kcc.com\/tr\/wp-json\/wp\/v2\/comments?post=35413"}],"wp:featuredmedia":[{"embeddable":true,"href":"https:\/\/xn--kbrsglobalstore-7kcc.com\/tr\/wp-json\/wp\/v2\/media\/35414"}],"wp:attachment":[{"href":"https:\/\/xn--kbrsglobalstore-7kcc.com\/tr\/wp-json\/wp\/v2\/media?parent=35413"}],"wp:term":[{"taxonomy":"product_brand","embeddable":true,"href":"https:\/\/xn--kbrsglobalstore-7kcc.com\/tr\/wp-json\/wp\/v2\/product_brand?post=35413"},{"taxonomy":"product_cat","embeddable":true,"href":"https:\/\/xn--kbrsglobalstore-7kcc.com\/tr\/wp-json\/wp\/v2\/product_cat?post=35413"},{"taxonomy":"product_tag","embeddable":true,"href":"https:\/\/xn--kbrsglobalstore-7kcc.com\/tr\/wp-json\/wp\/v2\/product_tag?post=35413"}],"curies":[{"name":"wp","href":"https:\/\/api.w.org\/{rel}","templated":true}]}}