{"id":35141,"date":"2026-01-15T13:33:55","date_gmt":"2026-01-15T13:33:55","guid":{"rendered":"https:\/\/xn--kbrsglobalstore-7kcc.com\/?post_type=product&#038;p=35141"},"modified":"2026-01-15T13:33:55","modified_gmt":"2026-01-15T13:33:55","slug":"shein-tween-girl-loose-elegant-square-neck-puff-sleeve-contrast-bow-decor-dress","status":"publish","type":"product","link":"https:\/\/xn--kbrsglobalstore-7kcc.com\/tr\/urun\/shein-tween-girl-loose-elegant-square-neck-puff-sleeve-contrast-bow-decor-dress\/","title":{"rendered":"SHEIN Gen\u00e7 K\u0131z \u0130\u00e7in Bol Kesim \u015e\u0131k Kare Yaka Kabar\u0131k Kollu Kontrast Fiyonk Detayl\u0131 Elbise"},"content":{"rendered":"<p>SHEIN Gen\u00e7 K\u0131z \u00c7ocuklar\u0131 \u0130\u00e7in Bol Kesimli, Zarif, Kare Yakal\u0131, Kabar\u0131k Kollu, Kontrast Fiyonk Detayl\u0131 Elbise, hem rahatl\u0131k hem de \u015f\u0131kl\u0131k sunmak \u00fczere tasarlanm\u0131\u015f b\u00fcy\u00fcleyici ve \u015f\u0131k bir elbisedir. Zarif kare yakas\u0131, yumu\u015fak kabar\u0131k kollar\u0131 ve g\u00f6z al\u0131c\u0131 kontrast fiyonk detaylar\u0131yla bu elbise, ne\u015feli ama ayn\u0131 zamanda sofistike bir g\u00f6r\u00fcn\u00fcm yarat\u0131yor. Bol ve ak\u0131c\u0131 sil\u00fceti, b\u00fcy\u00fcyen k\u0131z \u00e7ocuklar\u0131 i\u00e7in g\u00fcn boyu rahatl\u0131k sa\u011flarken, v\u00fccut hatlar\u0131n\u0131 da g\u00fczel g\u00f6steriyor. Okul etkinlikleri, partiler, aile toplant\u0131lar\u0131, geziler ve \u00f6zel g\u00fcnler i\u00e7in m\u00fckemmel olan bu zarif elbise, gen\u00e7 k\u0131zlar\u0131n tarzlar\u0131n\u0131 \u00f6zg\u00fcvenle ve zamans\u0131z bir \u00e7ekicilikle ifade etmelerini sa\u011fl\u0131yor.<\/p>","protected":false},"excerpt":{"rendered":"<p>SHEIN Tween Girl Loose Elegant Square Neck Puff Sleeve Contrast Bow Decor Dress is a charming and stylish dress designed to deliver both comfort and sophistication. Featuring a graceful square neckline, soft puff sleeves, and eye-catching contrast bow detailing, this dress creates a beautifully balanced look that feels playful yet refined. The loose, flowing silhouette [&hellip;]<\/p>","protected":false},"featured_media":35142,"comment_status":"open","ping_status":"closed","template":"","meta":{"_monsterinsights_skip_tracking":false,"_monsterinsights_sitenote_active":false,"_monsterinsights_sitenote_note":"","_monsterinsights_sitenote_category":0},"product_brand":[],"product_cat":[113],"product_tag":[],"class_list":{"0":"post-35141","1":"product","2":"type-product","3":"status-publish","4":"has-post-thumbnail","6":"product_cat-kids-clothing","8":"first","9":"instock","10":"shipping-taxable","11":"purchasable","12":"product-type-simple"},"aioseo_notices":[],"_links":{"self":[{"href":"https:\/\/xn--kbrsglobalstore-7kcc.com\/tr\/wp-json\/wp\/v2\/product\/35141","targetHints":{"allow":["GET"]}}],"collection":[{"href":"https:\/\/xn--kbrsglobalstore-7kcc.com\/tr\/wp-json\/wp\/v2\/product"}],"about":[{"href":"https:\/\/xn--kbrsglobalstore-7kcc.com\/tr\/wp-json\/wp\/v2\/types\/product"}],"replies":[{"embeddable":true,"href":"https:\/\/xn--kbrsglobalstore-7kcc.com\/tr\/wp-json\/wp\/v2\/comments?post=35141"}],"wp:featuredmedia":[{"embeddable":true,"href":"https:\/\/xn--kbrsglobalstore-7kcc.com\/tr\/wp-json\/wp\/v2\/media\/35142"}],"wp:attachment":[{"href":"https:\/\/xn--kbrsglobalstore-7kcc.com\/tr\/wp-json\/wp\/v2\/media?parent=35141"}],"wp:term":[{"taxonomy":"product_brand","embeddable":true,"href":"https:\/\/xn--kbrsglobalstore-7kcc.com\/tr\/wp-json\/wp\/v2\/product_brand?post=35141"},{"taxonomy":"product_cat","embeddable":true,"href":"https:\/\/xn--kbrsglobalstore-7kcc.com\/tr\/wp-json\/wp\/v2\/product_cat?post=35141"},{"taxonomy":"product_tag","embeddable":true,"href":"https:\/\/xn--kbrsglobalstore-7kcc.com\/tr\/wp-json\/wp\/v2\/product_tag?post=35141"}],"curies":[{"name":"wp","href":"https:\/\/api.w.org\/{rel}","templated":true}]}}