{"id":35125,"date":"2026-01-15T13:24:09","date_gmt":"2026-01-15T13:24:09","guid":{"rendered":"https:\/\/xn--kbrsglobalstore-7kcc.com\/?post_type=product&#038;p=35125"},"modified":"2026-01-15T13:24:09","modified_gmt":"2026-01-15T13:24:09","slug":"shein-vintaside-kids-2pcs-girls-casual-ribbed-knit-cardigan-with-bow-decor-and-minimalist-printed-slip-dress-spring-autumn-fall-winter","status":"publish","type":"product","link":"https:\/\/xn--kbrsglobalstore-7kcc.com\/tr\/urun\/shein-vintaside-kids-2pcs-girls-casual-ribbed-knit-cardigan-with-bow-decor-and-minimalist-printed-slip-dress-spring-autumn-fall-winter\/","title":{"rendered":"SHEIN Vintaside \u00c7ocuk 2 Par\u00e7a K\u0131z \u00c7ocuk G\u00fcnl\u00fck Fitilli \u00d6rg\u00fc H\u0131rka, Fiyonk S\u00fcslemeli ve Minimalist Bask\u0131l\u0131 Ask\u0131l\u0131 Elbise, \u0130lkbahar\/Sonbahar K\u0131\u015f"},"content":{"rendered":"<p>SHEIN Vintaside Kids 2 Par\u00e7a K\u0131z \u00c7ocuk G\u00fcnl\u00fck Fitilli \u00d6rg\u00fc H\u0131rka ve Minimalist Bask\u0131l\u0131 Ask\u0131l\u0131 Elbise, rahatl\u0131k ve mevsimsel \u015f\u0131kl\u0131k i\u00e7in tasarlanm\u0131\u015f b\u00fcy\u00fcleyici ve \u015f\u0131k bir k\u0131yafet setidir. Bu g\u00fczel kombinasyon, zarif fiyonk detaylar\u0131yla s\u00fcslenmi\u015f yumu\u015fak fitilli \u00f6rg\u00fc h\u0131rka ve zarif ve \u015f\u0131k bir katmanl\u0131 g\u00f6r\u00fcn\u00fcm yaratan minimalist bask\u0131l\u0131 ask\u0131l\u0131 elbiseden olu\u015fmaktad\u0131r. \u0130lkbahar, sonbahar ve k\u0131\u015f aylar\u0131nda giyilebilecek \u015fekilde tasarlanan, rahat ve hafif kuma\u015f, konfordan \u00f6d\u00fcn vermeden s\u0131cakl\u0131k sa\u011flar. Okul, geziler, aile toplant\u0131lar\u0131 ve \u00f6zel g\u00fcnler i\u00e7in m\u00fckemmel olan bu \u00e7ok y\u00f6nl\u00fc set, her gen\u00e7 k\u0131z\u0131n gard\u0131robuna zamans\u0131z bir \u00e7ekicilik ve g\u00fcnl\u00fck pratiklik kat\u0131yor.<\/p>","protected":false},"excerpt":{"rendered":"<p>SHEIN Vintaside Kids 2pcs Girls Casual Ribbed Knit Cardigan With Bow Decor and Minimalist Printed Slip Dress is a charming and stylish outfit set designed for comfort and seasonal elegance. This beautiful combination includes a soft ribbed knit cardigan accented with delicate bow detailing, paired with a minimalist printed slip dress that creates a graceful [&hellip;]<\/p>","protected":false},"featured_media":35126,"comment_status":"open","ping_status":"closed","template":"","meta":{"_monsterinsights_skip_tracking":false,"_monsterinsights_sitenote_active":false,"_monsterinsights_sitenote_note":"","_monsterinsights_sitenote_category":0},"product_brand":[],"product_cat":[113],"product_tag":[],"class_list":{"0":"post-35125","1":"product","2":"type-product","3":"status-publish","4":"has-post-thumbnail","6":"product_cat-kids-clothing","8":"first","9":"instock","10":"shipping-taxable","11":"purchasable","12":"product-type-simple"},"aioseo_notices":[],"_links":{"self":[{"href":"https:\/\/xn--kbrsglobalstore-7kcc.com\/tr\/wp-json\/wp\/v2\/product\/35125","targetHints":{"allow":["GET"]}}],"collection":[{"href":"https:\/\/xn--kbrsglobalstore-7kcc.com\/tr\/wp-json\/wp\/v2\/product"}],"about":[{"href":"https:\/\/xn--kbrsglobalstore-7kcc.com\/tr\/wp-json\/wp\/v2\/types\/product"}],"replies":[{"embeddable":true,"href":"https:\/\/xn--kbrsglobalstore-7kcc.com\/tr\/wp-json\/wp\/v2\/comments?post=35125"}],"wp:featuredmedia":[{"embeddable":true,"href":"https:\/\/xn--kbrsglobalstore-7kcc.com\/tr\/wp-json\/wp\/v2\/media\/35126"}],"wp:attachment":[{"href":"https:\/\/xn--kbrsglobalstore-7kcc.com\/tr\/wp-json\/wp\/v2\/media?parent=35125"}],"wp:term":[{"taxonomy":"product_brand","embeddable":true,"href":"https:\/\/xn--kbrsglobalstore-7kcc.com\/tr\/wp-json\/wp\/v2\/product_brand?post=35125"},{"taxonomy":"product_cat","embeddable":true,"href":"https:\/\/xn--kbrsglobalstore-7kcc.com\/tr\/wp-json\/wp\/v2\/product_cat?post=35125"},{"taxonomy":"product_tag","embeddable":true,"href":"https:\/\/xn--kbrsglobalstore-7kcc.com\/tr\/wp-json\/wp\/v2\/product_tag?post=35125"}],"curies":[{"name":"wp","href":"https:\/\/api.w.org\/{rel}","templated":true}]}}