{"id":35116,"date":"2026-01-15T13:20:14","date_gmt":"2026-01-15T13:20:14","guid":{"rendered":"https:\/\/xn--kbrsglobalstore-7kcc.com\/?post_type=product&#038;p=35116"},"modified":"2026-01-15T13:20:14","modified_gmt":"2026-01-15T13:20:14","slug":"1pc-tween-girl-sleeveless-maxi-dress-fuchsia-mock-neck-2-in-1-design-delicate-floral-pattern-accents-metallic-texture-elegant-party-daily-wear","status":"publish","type":"product","link":"https:\/\/xn--kbrsglobalstore-7kcc.com\/tr\/urun\/1pc-tween-girl-sleeveless-maxi-dress-fuchsia-mock-neck-2-in-1-design-delicate-floral-pattern-accents-metallic-texture-elegant-party-daily-wear\/","title":{"rendered":"1 adet Gen\u00e7 K\u0131z Kolsuz Maxi Elbise, Fu\u015fya Y\u00fcksek Yaka 2'si 1 Arada Tasar\u0131m, Zarif \u00c7i\u00e7ek Desen Detaylar\u0131, Metalik Doku, \u015e\u0131k Parti ve G\u00fcnl\u00fck Giyim"},"content":{"rendered":"<p>1 adet Kolsuz Maksi Elbise, g\u00fcnl\u00fck rahatl\u0131\u011f\u0131 zarif bir \u00e7ekicilikle birle\u015ftirmek i\u00e7in tasarlanm\u0131\u015f, \u00e7arp\u0131c\u0131 ve \u00e7ok y\u00f6nl\u00fc bir par\u00e7ad\u0131r. \u015e\u0131k bal\u0131k\u00e7\u0131 yakas\u0131 ve benzersiz 2'si 1 arada tasar\u0131m\u0131yla cesur fu\u015fya rengine sahip bu elbise, zarif \u00e7i\u00e7ek desenleri ve ince metalik dokusuyla g\u00f6z al\u0131c\u0131 bir g\u00f6r\u00fcn\u00fcm sunuyor. Kolsuz sil\u00fceti ve ak\u0131c\u0131 maksi uzunlu\u011fu, hem g\u00fcnl\u00fck giyim hem de \u00f6zel g\u00fcnler i\u00e7in m\u00fckemmel, zarif ve \u015f\u0131k bir g\u00f6r\u00fcn\u00fcm yarat\u0131yor. Partiler, kutlamalar, aile toplant\u0131lar\u0131 ve g\u00fcnl\u00fck geziler i\u00e7in ideal olan bu zarif elbise, gen\u00e7 k\u0131zlar i\u00e7in g\u00fcn boyu rahatl\u0131k sa\u011flayan, modaya uygun bir stil sunuyor.<\/p>","protected":false},"excerpt":{"rendered":"<p>1pc Tween Girl Sleeveless Maxi Dress is a stunning and versatile piece designed to combine everyday comfort with elegant charm. Featuring a bold fuchsia color with a stylish mock neck and a unique 2-in-1 design, this dress is beautifully accented with delicate floral patterns and a subtle metallic texture that adds a touch of glamour. [&hellip;]<\/p>","protected":false},"featured_media":35117,"comment_status":"open","ping_status":"closed","template":"","meta":{"_monsterinsights_skip_tracking":false,"_monsterinsights_sitenote_active":false,"_monsterinsights_sitenote_note":"","_monsterinsights_sitenote_category":0},"product_brand":[],"product_cat":[113],"product_tag":[],"class_list":{"0":"post-35116","1":"product","2":"type-product","3":"status-publish","4":"has-post-thumbnail","6":"product_cat-kids-clothing","8":"first","9":"instock","10":"shipping-taxable","11":"purchasable","12":"product-type-simple"},"aioseo_notices":[],"_links":{"self":[{"href":"https:\/\/xn--kbrsglobalstore-7kcc.com\/tr\/wp-json\/wp\/v2\/product\/35116","targetHints":{"allow":["GET"]}}],"collection":[{"href":"https:\/\/xn--kbrsglobalstore-7kcc.com\/tr\/wp-json\/wp\/v2\/product"}],"about":[{"href":"https:\/\/xn--kbrsglobalstore-7kcc.com\/tr\/wp-json\/wp\/v2\/types\/product"}],"replies":[{"embeddable":true,"href":"https:\/\/xn--kbrsglobalstore-7kcc.com\/tr\/wp-json\/wp\/v2\/comments?post=35116"}],"wp:featuredmedia":[{"embeddable":true,"href":"https:\/\/xn--kbrsglobalstore-7kcc.com\/tr\/wp-json\/wp\/v2\/media\/35117"}],"wp:attachment":[{"href":"https:\/\/xn--kbrsglobalstore-7kcc.com\/tr\/wp-json\/wp\/v2\/media?parent=35116"}],"wp:term":[{"taxonomy":"product_brand","embeddable":true,"href":"https:\/\/xn--kbrsglobalstore-7kcc.com\/tr\/wp-json\/wp\/v2\/product_brand?post=35116"},{"taxonomy":"product_cat","embeddable":true,"href":"https:\/\/xn--kbrsglobalstore-7kcc.com\/tr\/wp-json\/wp\/v2\/product_cat?post=35116"},{"taxonomy":"product_tag","embeddable":true,"href":"https:\/\/xn--kbrsglobalstore-7kcc.com\/tr\/wp-json\/wp\/v2\/product_tag?post=35116"}],"curies":[{"name":"wp","href":"https:\/\/api.w.org\/{rel}","templated":true}]}}