{"id":35108,"date":"2026-01-15T13:15:52","date_gmt":"2026-01-15T13:15:52","guid":{"rendered":"https:\/\/xn--kbrsglobalstore-7kcc.com\/?post_type=product&#038;p=35108"},"modified":"2026-01-15T13:15:52","modified_gmt":"2026-01-15T13:15:52","slug":"elladie-kids-2pcs-set-girls-casual-outfit-round-neck-batwing-sleeve-shirt-and-elastic-waist-straight-leg-pants-with-pockets-linen-like-fabric-versatile-for-daily-wear","status":"publish","type":"product","link":"https:\/\/xn--kbrsglobalstore-7kcc.com\/tr\/urun\/elladie-kids-2pcs-set-girls-casual-outfit-round-neck-batwing-sleeve-shirt-and-elastic-waist-straight-leg-pants-with-pockets-linen-like-fabric-versatile-for-daily-wear\/","title":{"rendered":"Elladie Kids 2 Par\u00e7al\u0131 Tak\u0131m K\u0131z \u00c7ocuk G\u00fcnl\u00fck K\u0131yafet, Yuvarlak Yakal\u0131 Yarasa Kollu G\u00f6mlek ve Lastik Bel D\u00fcz Pa\u00e7al\u0131 Cepli Pantolon, Keten Benzeri Kuma\u015f, G\u00fcnl\u00fck Kullan\u0131m \u0130\u00e7in \u00c7ok Y\u00f6nl\u00fc"},"content":{"rendered":"<p>Elladie Kids 2 Par\u00e7al\u0131 K\u0131z \u00c7ocuk G\u00fcnl\u00fck K\u0131yafet Tak\u0131m\u0131, zahmetsiz g\u00fcnl\u00fck kullan\u0131m i\u00e7in tasarlanm\u0131\u015f \u015f\u0131k ve rahat bir kombin. Bu tak\u0131m, yuvarlak yakal\u0131 yarasa kollu bir g\u00f6mlek ve elastik bel kesimli, d\u00fcz pa\u00e7al\u0131, cepli pantolondan olu\u015farak rahat ama \u015f\u0131k bir g\u00f6r\u00fcn\u00fcm yarat\u0131yor. Nefes alabilen keten benzeri kuma\u015ftan \u00fcretilen bu tak\u0131m, k\u0131z \u00e7ocuklar\u0131n\u0131n g\u00fcn boyu rahat etmesini sa\u011flayan yumu\u015fak ve hafif bir his sunuyor. Okul, geziler, oyun bulu\u015fmalar\u0131 ve g\u00fcnl\u00fck aktiviteler i\u00e7in m\u00fckemmel olan bu \u00e7ok y\u00f6nl\u00fc k\u0131yafet, konforu, i\u015flevselli\u011fi ve modern stili bir araya getirerek olmazsa olmaz bir gard\u0131rop seti olu\u015fturuyor.<\/p>","protected":false},"excerpt":{"rendered":"<p>Elladie Kids 2pcs\/Set Girls Casual Outfit is a stylish and comfortable ensemble designed for effortless everyday wear. This set features a round neck batwing sleeve shirt paired with elastic waist straight-leg pants complete with practical pockets, creating a relaxed yet fashionable look. Crafted from breathable linen-like fabric, it offers a soft, lightweight feel that keeps [&hellip;]<\/p>","protected":false},"featured_media":35109,"comment_status":"open","ping_status":"closed","template":"","meta":{"_monsterinsights_skip_tracking":false,"_monsterinsights_sitenote_active":false,"_monsterinsights_sitenote_note":"","_monsterinsights_sitenote_category":0},"product_brand":[],"product_cat":[113],"product_tag":[],"class_list":{"0":"post-35108","1":"product","2":"type-product","3":"status-publish","4":"has-post-thumbnail","6":"product_cat-kids-clothing","8":"first","9":"instock","10":"shipping-taxable","11":"purchasable","12":"product-type-simple"},"aioseo_notices":[],"_links":{"self":[{"href":"https:\/\/xn--kbrsglobalstore-7kcc.com\/tr\/wp-json\/wp\/v2\/product\/35108","targetHints":{"allow":["GET"]}}],"collection":[{"href":"https:\/\/xn--kbrsglobalstore-7kcc.com\/tr\/wp-json\/wp\/v2\/product"}],"about":[{"href":"https:\/\/xn--kbrsglobalstore-7kcc.com\/tr\/wp-json\/wp\/v2\/types\/product"}],"replies":[{"embeddable":true,"href":"https:\/\/xn--kbrsglobalstore-7kcc.com\/tr\/wp-json\/wp\/v2\/comments?post=35108"}],"wp:featuredmedia":[{"embeddable":true,"href":"https:\/\/xn--kbrsglobalstore-7kcc.com\/tr\/wp-json\/wp\/v2\/media\/35109"}],"wp:attachment":[{"href":"https:\/\/xn--kbrsglobalstore-7kcc.com\/tr\/wp-json\/wp\/v2\/media?parent=35108"}],"wp:term":[{"taxonomy":"product_brand","embeddable":true,"href":"https:\/\/xn--kbrsglobalstore-7kcc.com\/tr\/wp-json\/wp\/v2\/product_brand?post=35108"},{"taxonomy":"product_cat","embeddable":true,"href":"https:\/\/xn--kbrsglobalstore-7kcc.com\/tr\/wp-json\/wp\/v2\/product_cat?post=35108"},{"taxonomy":"product_tag","embeddable":true,"href":"https:\/\/xn--kbrsglobalstore-7kcc.com\/tr\/wp-json\/wp\/v2\/product_tag?post=35108"}],"curies":[{"name":"wp","href":"https:\/\/api.w.org\/{rel}","templated":true}]}}